{"id":14247,"date":"2025-08-12T23:49:21","date_gmt":"2025-08-12T21:49:21","guid":{"rendered":"https:\/\/www.beiefritz.lu\/shop\/de-beiefritz-miel-a-la-vanille-bourbon\/"},"modified":"2025-10-13T23:27:09","modified_gmt":"2025-10-13T21:27:09","slug":"vanille-sur-hunneg","status":"publish","type":"product","link":"https:\/\/beiefritz.lu\/fr\/produkt\/vanille-sur-hunneg\/","title":{"rendered":"DE BEIEFRITZ &#8211; Miel \u00e0 la vanille Bourbon"},"content":{"rendered":"<p>Le miel luxembourgeois cr\u00e9meux m\u00e9lang\u00e9 \u00e0 la vanille Bourbon offre un mariage exquis entre la douceur naturelle du miel et le go\u00fbt subtil et aromatique de la vanille Bourbon. Ce m\u00e9lange particulier est le r\u00e9sultat d&rsquo;un m\u00e9lange minutieux de miel luxembourgeois et de vanille Bourbon de qualit\u00e9 sup\u00e9rieure.<\/p>\n<p>La vanille Bourbon conf\u00e8re au miel un go\u00fbt d\u00e9licat et all\u00e9chant.<\/p>\n<p>Notre miel \u00e0 la vanille bourbon est extr\u00eamement polyvalent. Il est parfait pour tartiner sur du pain, des petits pains ou des crackers et leur conf\u00e8re une s\u00e9duisante note de vanille. Vous pouvez \u00e9galement le m\u00e9langer \u00e0 du yaourt, du fromage blanc ou de la cr\u00e8me glac\u00e9e pour apporter une touche de luxe et une d\u00e9licieuse aromatisation. En outre, il peut \u00eatre utilis\u00e9 comme ingr\u00e9dient dans les desserts, les p\u00e2tisseries ou m\u00eame dans les plats sal\u00e9s pour ajouter une d\u00e9licate note de vanille.<\/p>\n<p>Le miel cr\u00e9meux luxembourgeois \u00e0 la vanille Bourbon est un v\u00e9ritable plaisir pour le palais, qui allie la douceur naturelle du miel \u00e0 l&rsquo;\u00e9l\u00e9gance subtile de la vanille Bourbon. Plongez dans cette exp\u00e9rience gustative et laissez-vous choyer par le mariage harmonieux du miel et de la vanille.<\/p>\n<p>Contenu : 140g<\/p>\n","protected":false},"excerpt":{"rendered":"<p>Miel luxembourgeois affin\u00e9 \u00e0 la vanille bourbon bio de Madagascar<\/p>\n","protected":false},"featured_media":10391,"comment_status":"open","ping_status":"closed","template":"","meta":[],"product_brand":[],"product_cat":[588,239],"product_tag":[430,435,450],"class_list":{"0":"post-14247","1":"product","2":"type-product","3":"status-publish","4":"has-post-thumbnail","6":"product_cat-de-beiefritz-fr","7":"product_cat-specialites-au-miel","8":"product_tag-beiefritz-fr","9":"product_tag-gastro-fr","10":"product_tag-revendeurs-fr","12":"first","13":"instock","14":"taxable","15":"shipping-taxable","16":"purchasable","17":"product-type-simple"},"_links":{"self":[{"href":"https:\/\/beiefritz.lu\/fr\/wp-json\/wp\/v2\/product\/14247","targetHints":{"allow":["GET"]}}],"collection":[{"href":"https:\/\/beiefritz.lu\/fr\/wp-json\/wp\/v2\/product"}],"about":[{"href":"https:\/\/beiefritz.lu\/fr\/wp-json\/wp\/v2\/types\/product"}],"replies":[{"embeddable":true,"href":"https:\/\/beiefritz.lu\/fr\/wp-json\/wp\/v2\/comments?post=14247"}],"wp:featuredmedia":[{"embeddable":true,"href":"https:\/\/beiefritz.lu\/fr\/wp-json\/wp\/v2\/media\/10391"}],"wp:attachment":[{"href":"https:\/\/beiefritz.lu\/fr\/wp-json\/wp\/v2\/media?parent=14247"}],"wp:term":[{"taxonomy":"product_brand","embeddable":true,"href":"https:\/\/beiefritz.lu\/fr\/wp-json\/wp\/v2\/product_brand?post=14247"},{"taxonomy":"product_cat","embeddable":true,"href":"https:\/\/beiefritz.lu\/fr\/wp-json\/wp\/v2\/product_cat?post=14247"},{"taxonomy":"product_tag","embeddable":true,"href":"https:\/\/beiefritz.lu\/fr\/wp-json\/wp\/v2\/product_tag?post=14247"}],"curies":[{"name":"wp","href":"https:\/\/api.w.org\/{rel}","templated":true}]}}