{"id":14249,"date":"2025-08-12T23:49:18","date_gmt":"2025-08-12T21:49:18","guid":{"rendered":"https:\/\/www.beiefritz.lu\/shop\/de-beiefritz-miel-a-la-cannelle-de-ceylan\/"},"modified":"2025-08-12T23:49:20","modified_gmt":"2025-08-12T21:49:20","slug":"kaneil-an-hunneg","status":"publish","type":"product","link":"https:\/\/beiefritz.lu\/fr\/produkt\/kaneil-an-hunneg\/","title":{"rendered":"DE BEIEFRITZ &#8211; Miel \u00e0 la cannelle de Ceylan"},"content":{"rendered":"<p>Le miel luxembourgeois cr\u00e9meux m\u00e9lang\u00e9 \u00e0 la cannelle de Ceylan offre une d\u00e9licieuse combinaison de la douceur du miel et de l&rsquo;ar\u00f4me chaud et \u00e9pic\u00e9 de la cannelle de Ceylan. Ce m\u00e9lange particulier est obtenu en m\u00e9langeant soigneusement du miel luxembourgeois avec de la cannelle de Ceylan en poudre de haute qualit\u00e9.<\/p>\n<p>La cannelle de Ceylan conf\u00e8re au miel un go\u00fbt unique, avec une chaleur agr\u00e9able et une note l\u00e9g\u00e8rement sucr\u00e9e. En ouvrant le verre, on sent l&rsquo;odeur all\u00e9chante de la cannelle, qui \u00e9veille les sens et donne envie de la d\u00e9guster.<\/p>\n<p>Notre miel \u00e0 la cannelle de Ceylan est extr\u00eamement polyvalent. Utilisez-le comme une d\u00e9licieuse p\u00e2te \u00e0 tartiner sur du pain, des toasts ou des cr\u00eapes pour leur donner une touche de cannelle. Il peut \u00e9galement \u00eatre m\u00e9lang\u00e9 \u00e0 des boissons chaudes comme le th\u00e9 ou le caf\u00e9 pour leur donner une note aromatique. En outre, il est parfait comme ingr\u00e9dient dans les p\u00e2tisseries, les desserts ou les yaourts, pour ajouter une dimension gustative \u00e9pic\u00e9e et sucr\u00e9e.<\/p>\n<p>Notre miel \u00e0 la cannelle de Ceylan est un plaisir pour les sens qui allie la douceur naturelle du miel et le merveilleux ar\u00f4me de la cannelle de Ceylan. Plongez dans cette exp\u00e9rience savoureuse et laissez-vous g\u00e2ter par le mariage harmonieux du miel et de la cannelle.<\/p>\n<p>Contenu : 140g<\/p>\n","protected":false},"excerpt":{"rendered":"<p>Miel luxembourgeois affin\u00e9 \u00e0 la cannelle de Ceylan<\/p>\n","protected":false},"featured_media":10395,"comment_status":"open","ping_status":"closed","template":"","meta":[],"product_brand":[],"product_cat":[588,239],"product_tag":[430,435,450],"class_list":{"0":"post-14249","1":"product","2":"type-product","3":"status-publish","4":"has-post-thumbnail","6":"product_cat-de-beiefritz-fr","7":"product_cat-specialites-au-miel","8":"product_tag-beiefritz-fr","9":"product_tag-gastro-fr","10":"product_tag-revendeurs-fr","12":"first","13":"instock","14":"taxable","15":"shipping-taxable","16":"purchasable","17":"product-type-simple"},"_links":{"self":[{"href":"https:\/\/beiefritz.lu\/fr\/wp-json\/wp\/v2\/product\/14249","targetHints":{"allow":["GET"]}}],"collection":[{"href":"https:\/\/beiefritz.lu\/fr\/wp-json\/wp\/v2\/product"}],"about":[{"href":"https:\/\/beiefritz.lu\/fr\/wp-json\/wp\/v2\/types\/product"}],"replies":[{"embeddable":true,"href":"https:\/\/beiefritz.lu\/fr\/wp-json\/wp\/v2\/comments?post=14249"}],"wp:featuredmedia":[{"embeddable":true,"href":"https:\/\/beiefritz.lu\/fr\/wp-json\/wp\/v2\/media\/10395"}],"wp:attachment":[{"href":"https:\/\/beiefritz.lu\/fr\/wp-json\/wp\/v2\/media?parent=14249"}],"wp:term":[{"taxonomy":"product_brand","embeddable":true,"href":"https:\/\/beiefritz.lu\/fr\/wp-json\/wp\/v2\/product_brand?post=14249"},{"taxonomy":"product_cat","embeddable":true,"href":"https:\/\/beiefritz.lu\/fr\/wp-json\/wp\/v2\/product_cat?post=14249"},{"taxonomy":"product_tag","embeddable":true,"href":"https:\/\/beiefritz.lu\/fr\/wp-json\/wp\/v2\/product_tag?post=14249"}],"curies":[{"name":"wp","href":"https:\/\/api.w.org\/{rel}","templated":true}]}}