{"id":14256,"date":"2025-08-12T23:49:27","date_gmt":"2025-08-12T21:49:27","guid":{"rendered":"https:\/\/www.beiefritz.lu\/shop\/de-beiefritz-gelee-royale-miel-creme\/"},"modified":"2026-03-12T13:29:49","modified_gmt":"2026-03-12T12:29:49","slug":"gelee-royale-creme-au-miel","status":"publish","type":"product","link":"https:\/\/beiefritz.lu\/fr\/produkt\/gelee-royale-creme-au-miel\/","title":{"rendered":"DE BEIEFRITZ &#8211; Gel\u00e9e Royale Miel Cr\u00e8me pour le visage"},"content":{"rendered":"<div class=\"page\" title=\"Page 2\">\n<div class=\"section\">\n<div class=\"layoutArea\">\n<div class=\"column\">\n<p>Id\u00e9al pour le jour et la nuit. Avec huile de tournesol, huile de jojoba, beurre de karit\u00e9, vitamine E. Application : Appliquer sur le visage et le cou matin et soir apr\u00e8s avoir nettoy\u00e9 la peau.<\/p>\n<\/div>\n<p>\u00e0 la gel\u00e9e royale<\/p>\n<\/div><\/div>\n<\/p><\/div>\n","protected":false},"excerpt":{"rendered":"<p>Cr\u00e8me anti-\u00e2ge revitalisante<\/p>\n<p>Pour les peaux matures et s\u00e8ches<\/p>\n","protected":false},"featured_media":10509,"comment_status":"open","ping_status":"closed","template":"","meta":[],"product_brand":[],"product_cat":[588,530],"product_tag":[430,450],"class_list":{"0":"post-14256","1":"product","2":"type-product","3":"status-publish","4":"has-post-thumbnail","6":"product_cat-de-beiefritz-fr","7":"product_cat-soins-du-corps","8":"product_tag-beiefritz-fr","9":"product_tag-revendeurs-fr","11":"first","12":"instock","13":"taxable","14":"shipping-taxable","15":"purchasable","16":"product-type-simple"},"_links":{"self":[{"href":"https:\/\/beiefritz.lu\/fr\/wp-json\/wp\/v2\/product\/14256","targetHints":{"allow":["GET"]}}],"collection":[{"href":"https:\/\/beiefritz.lu\/fr\/wp-json\/wp\/v2\/product"}],"about":[{"href":"https:\/\/beiefritz.lu\/fr\/wp-json\/wp\/v2\/types\/product"}],"replies":[{"embeddable":true,"href":"https:\/\/beiefritz.lu\/fr\/wp-json\/wp\/v2\/comments?post=14256"}],"wp:featuredmedia":[{"embeddable":true,"href":"https:\/\/beiefritz.lu\/fr\/wp-json\/wp\/v2\/media\/10509"}],"wp:attachment":[{"href":"https:\/\/beiefritz.lu\/fr\/wp-json\/wp\/v2\/media?parent=14256"}],"wp:term":[{"taxonomy":"product_brand","embeddable":true,"href":"https:\/\/beiefritz.lu\/fr\/wp-json\/wp\/v2\/product_brand?post=14256"},{"taxonomy":"product_cat","embeddable":true,"href":"https:\/\/beiefritz.lu\/fr\/wp-json\/wp\/v2\/product_cat?post=14256"},{"taxonomy":"product_tag","embeddable":true,"href":"https:\/\/beiefritz.lu\/fr\/wp-json\/wp\/v2\/product_tag?post=14256"}],"curies":[{"name":"wp","href":"https:\/\/api.w.org\/{rel}","templated":true}]}}