{"id":14897,"date":"2025-09-08T19:49:47","date_gmt":"2025-09-08T17:49:47","guid":{"rendered":"https:\/\/www.beiefritz.lu\/shop\/little-bee-fresh-6-pcs-seedballs-fleurs-comestibles\/"},"modified":"2025-09-08T19:49:49","modified_gmt":"2025-09-08T17:49:49","slug":"little-bee-fresh-6-st-seedballs-comestibles-fleurs","status":"publish","type":"product","link":"https:\/\/beiefritz.lu\/fr\/produkt\/little-bee-fresh-6-st-seedballs-comestibles-fleurs\/","title":{"rendered":"LITTLE BEE FRESH &#8211; 6 pcs SEEDBALLS &#8211; Fleurs comestibles"},"content":{"rendered":"<div class=\"woocommerce-tabs wc-tabs-wrapper\">\n<div id=\"tab-description\" class=\"woocommerce-Tabs-panel woocommerce-Tabs-panel--description panel entry-content wc-tab\" role=\"tabpanel\" aria-labelledby=\"tab-title-description\">\n<div id=\"cc-m-7728775564\" class=\"j-module n j-text \">\n<h1><strong>Plante tes propres fleurs comestibles sur ton balcon ou dans ton jardin avec Seedballs !  <\/strong><\/h1>\n<\/div>\n<div id=\"cc-m-7728775764\" class=\"j-module n j-spacing \">\n<div class=\"cc-m-spacer\"><strong>Trouve un endroit ensoleill\u00e9 pour les seedballs au printemps. Ensuite, arrose-les et observe comment les graines de fleurs deviennent des plantes avec des fleurs comestibles.  <\/strong><\/div>\n<div><\/div>\n<\/div>\n<div id=\"cc-m-7728775864\" class=\"j-module n j-text \">\n<div id=\"cc-m-7728775764\" class=\"j-module n j-spacing \">\n<div><strong>Il te suffit de cueillir les fleurs et de les ajouter \u00e0 ta salade ou \u00e0 ton bowl. Elles constituent \u00e9galement un compl\u00e9ment sain et agr\u00e9able en tant que d\u00e9coration sur diff\u00e9rents plats ! S\u00e9ch\u00e9es, tu peux aussi les utiliser comme th\u00e9.  <\/strong><\/div>\n<\/div>\n<div id=\"cc-m-7728775864\" class=\"j-module n j-text \">\n<p>Avec une autre \u00e9quipe m\u00e8re-fille, nous fabriquons les SEEDBALLS avec les<strong> fleurs comestibles<\/strong> dans un centre d&rsquo;aide \u00e0 la vie. Le m\u00e9lange contient de nombreuses fleurs comestibles diff\u00e9rentes pour assaisonner et affiner. C&rsquo;est ainsi que tu peux \u00e9gayer un coin de jardin ou une jardini\u00e8re sur le balcon.<\/p>\n<\/div>\n<\/div>\n<p><strong>Graines de fleurs incluses :<br \/>\n<\/strong>Souci, capucine, bourrache, bleuet, mauve sauvage, vivace, aneth, cosmos, ciboulette, chrysanth\u00e8me comestible, gueules-de-loup et cresson.<\/p>\n<p><strong>Semis :<br \/>\n<\/strong>De fin mars \u00e0 fin juillet, selon les conditions m\u00e9t\u00e9orologiques.<\/p>\n<p><strong>Floraison :<br \/>\n<\/strong>d\u00e9but juin jusqu&rsquo;aux premi\u00e8res gel\u00e9es.<\/p>\n<\/div><\/div>\n","protected":false},"excerpt":{"rendered":"<h4><strong>SEEDBALLS avec fleurs comestibles<\/strong><\/h4>\n<p>Fabriqu\u00e9 en coop\u00e9ration avec les ateliers de Lebenshilfe Detmold et Begatal.<\/p>\n<p><strong>Contenu de la livraison :<\/strong> 6 boules de graines compos\u00e9es de terre, d&rsquo;argile et d&rsquo;un m\u00e9lange de graines de culture locale.<\/p>\n","protected":false},"featured_media":14894,"comment_status":"open","ping_status":"closed","template":"","meta":[],"product_brand":[],"product_cat":[272,178,564,496],"product_tag":[],"class_list":{"0":"post-14897","1":"product","2":"type-product","3":"status-publish","4":"has-post-thumbnail","6":"product_cat-divers","7":"product_cat-idees-de-cadeaux","8":"product_cat-little-bee-fresh-fr","9":"product_cat-zero-dechet","11":"first","12":"outofstock","13":"taxable","14":"shipping-taxable","15":"purchasable","16":"product-type-simple"},"_links":{"self":[{"href":"https:\/\/beiefritz.lu\/fr\/wp-json\/wp\/v2\/product\/14897","targetHints":{"allow":["GET"]}}],"collection":[{"href":"https:\/\/beiefritz.lu\/fr\/wp-json\/wp\/v2\/product"}],"about":[{"href":"https:\/\/beiefritz.lu\/fr\/wp-json\/wp\/v2\/types\/product"}],"replies":[{"embeddable":true,"href":"https:\/\/beiefritz.lu\/fr\/wp-json\/wp\/v2\/comments?post=14897"}],"wp:featuredmedia":[{"embeddable":true,"href":"https:\/\/beiefritz.lu\/fr\/wp-json\/wp\/v2\/media\/14894"}],"wp:attachment":[{"href":"https:\/\/beiefritz.lu\/fr\/wp-json\/wp\/v2\/media?parent=14897"}],"wp:term":[{"taxonomy":"product_brand","embeddable":true,"href":"https:\/\/beiefritz.lu\/fr\/wp-json\/wp\/v2\/product_brand?post=14897"},{"taxonomy":"product_cat","embeddable":true,"href":"https:\/\/beiefritz.lu\/fr\/wp-json\/wp\/v2\/product_cat?post=14897"},{"taxonomy":"product_tag","embeddable":true,"href":"https:\/\/beiefritz.lu\/fr\/wp-json\/wp\/v2\/product_tag?post=14897"}],"curies":[{"name":"wp","href":"https:\/\/api.w.org\/{rel}","templated":true}]}}