{"id":15181,"date":"2025-09-08T19:49:53","date_gmt":"2025-09-08T17:49:53","guid":{"rendered":"https:\/\/www.beiefritz.lu\/?post_type=product&#038;p=15181"},"modified":"2025-09-08T19:49:55","modified_gmt":"2025-09-08T17:49:55","slug":"fr-beiefritz-24x-miel-de-luxembourg-140g","status":"publish","type":"product","link":"https:\/\/beiefritz.lu\/fr\/produkt\/fr-beiefritz-24x-miel-de-luxembourg-140g\/","title":{"rendered":"DE BEIEFRITZ &#8211; 24x Miel de Luxembourg 140g"},"content":{"rendered":"<p>Le miel cr\u00e9meux luxembourgeois est un d\u00e9licieux produit naturel fabriqu\u00e9 dans les r\u00e9gions pittoresques du Luxembourg. Il se caract\u00e9rise par sa texture douce et cr\u00e9meuse et son go\u00fbt riche.<\/p>\n<p>Le miel luxembourgeois est r\u00e9colt\u00e9 par les abeilles qui cherchent le nectar dans les prairies, les for\u00eats et les jardins fleuris du pays. Pour ce faire, ils r\u00e9coltent la s\u00e8ve sucr\u00e9e des fleurs, des plantes et des arbres afin d&rsquo;en faire du miel. La richesse de la flore et la diversit\u00e9 des paysages luxembourgeois contribuent \u00e0 la cr\u00e9ation d&rsquo;un profil de go\u00fbt unique.<\/p>\n<p>Le miel cr\u00e9meux luxembourgeois se caract\u00e9rise par sa texture particuli\u00e8rement douce, qui fond d\u00e9licatement sur la langue. Il a une couleur claire \u00e0 dor\u00e9e et un go\u00fbt d\u00e9licat et floral avec des notes l\u00e9g\u00e8rement caram\u00e9lis\u00e9es. Gr\u00e2ce \u00e0 sa consistance cr\u00e9meuse, il s&rsquo;\u00e9tale facilement sur le pain, les toasts, les crackers ou dans le th\u00e9 et le yaourt et conf\u00e8re aux aliments un \u00e9dulcorant naturel.<\/p>\n<p>Le miel luxembourgeois n&rsquo;est pas seulement d\u00e9licieux, il est aussi riche en nutriments naturels et en enzymes. Il contient des vitamines, des min\u00e9raux et des antioxydants qui peuvent contribuer \u00e0 soutenir le syst\u00e8me immunitaire.<\/p>\n<p>La production du miel luxembourgeois se fait avec beaucoup de soin et dans le respect de normes de qualit\u00e9 \u00e9lev\u00e9es. Nous prenons soin de nos colonies d&rsquo;abeilles dans le respect de la nature et veillons \u00e0 ce que les abeilles b\u00e9n\u00e9ficient de conditions optimales pour leur travail.<\/p>\n<p>Le miel cr\u00e9meux luxembourgeois est un v\u00e9ritable d\u00e9lice qui capture la beaut\u00e9 et la richesse de la nature luxembourgeoise. Savourez ce merveilleux miel de diff\u00e9rentes mani\u00e8res et laissez-vous g\u00e2ter par son go\u00fbt incomparable.<\/p>\n<p><em>lux.: L\u00ebtzebuerger Hunneg<\/em><\/p>\n","protected":false},"excerpt":{"rendered":"<p>Le miel cr\u00e9meux luxembourgeois est un d\u00e9licieux produit naturel fabriqu\u00e9 dans les r\u00e9gions pittoresques du Luxembourg. Il se caract\u00e9rise par sa texture douce et cr\u00e9meuse et son go\u00fbt riche. Le miel luxembourgeois est r\u00e9colt\u00e9 par les abeilles qui cherchent le nectar dans les prairies, les for\u00eats et les jardins fleuris du pays. Pour ce faire, [&#8230;]\n","protected":false},"featured_media":15187,"comment_status":"open","ping_status":"closed","template":"","meta":[],"product_brand":[],"product_cat":[588,578,570,193],"product_tag":[430,435,450],"class_list":{"0":"post-15181","1":"product","2":"type-product","3":"status-publish","4":"has-post-thumbnail","6":"product_cat-de-beiefritz-fr","7":"product_cat-fabrique-au-luxembourg","8":"product_cat-boite-a-miel","9":"product_cat-miel","10":"product_tag-beiefritz-fr","11":"product_tag-gastro-fr","12":"product_tag-revendeurs-fr","14":"first","15":"instock","16":"taxable","17":"shipping-taxable","18":"product-type-simple"},"_links":{"self":[{"href":"https:\/\/beiefritz.lu\/fr\/wp-json\/wp\/v2\/product\/15181","targetHints":{"allow":["GET"]}}],"collection":[{"href":"https:\/\/beiefritz.lu\/fr\/wp-json\/wp\/v2\/product"}],"about":[{"href":"https:\/\/beiefritz.lu\/fr\/wp-json\/wp\/v2\/types\/product"}],"replies":[{"embeddable":true,"href":"https:\/\/beiefritz.lu\/fr\/wp-json\/wp\/v2\/comments?post=15181"}],"wp:featuredmedia":[{"embeddable":true,"href":"https:\/\/beiefritz.lu\/fr\/wp-json\/wp\/v2\/media\/15187"}],"wp:attachment":[{"href":"https:\/\/beiefritz.lu\/fr\/wp-json\/wp\/v2\/media?parent=15181"}],"wp:term":[{"taxonomy":"product_brand","embeddable":true,"href":"https:\/\/beiefritz.lu\/fr\/wp-json\/wp\/v2\/product_brand?post=15181"},{"taxonomy":"product_cat","embeddable":true,"href":"https:\/\/beiefritz.lu\/fr\/wp-json\/wp\/v2\/product_cat?post=15181"},{"taxonomy":"product_tag","embeddable":true,"href":"https:\/\/beiefritz.lu\/fr\/wp-json\/wp\/v2\/product_tag?post=15181"}],"curies":[{"name":"wp","href":"https:\/\/api.w.org\/{rel}","templated":true}]}}