{"id":15209,"date":"2025-08-13T00:00:52","date_gmt":"2025-08-12T22:00:52","guid":{"rendered":"https:\/\/www.beiefritz.lu\/shop\/de-beiefritz-gin-au-miel-50cl\/"},"modified":"2026-02-05T09:03:34","modified_gmt":"2026-02-05T08:03:34","slug":"fr-beiefritz-honig-gin-50-cl","status":"publish","type":"product","link":"https:\/\/beiefritz.lu\/fr\/produkt\/fr-beiefritz-honig-gin-50-cl\/","title":{"rendered":"DE BEIEFRITZ &#8211; Gin au miel 50cl"},"content":{"rendered":"<p>Le gin au miel est raffin\u00e9 avec du miel et 12 botaniques. Une symbiose de miel et de fruits, produits du travail de ces insectes tr\u00e8s pr\u00e9cieux. Sans les abeilles, ce d\u00e9licieux gin n&rsquo;existerait pas.<\/p>\n<p>&nbsp;<\/p>\n<p>Alc. 40% vol.<\/p>\n<p>Contenu: 50cl<\/p>\n","protected":false},"excerpt":{"rendered":"<p>Le gin au miel est raffin\u00e9 avec du miel et 12 botaniques. Une symbiose de miel et de fruits, produits du travail de ces insectes tr\u00e8s pr\u00e9cieux. Sans les abeilles, ce d\u00e9licieux gin n&rsquo;existerait pas. &nbsp; Alc. 40% vol. Contenu: 50cl<\/p>\n","protected":false},"featured_media":16236,"comment_status":"open","ping_status":"closed","template":"","meta":[],"product_brand":[],"product_cat":[588,595,178,257],"product_tag":[430,435,450],"class_list":{"0":"post-15209","1":"product","2":"type-product","3":"status-publish","4":"has-post-thumbnail","6":"product_cat-de-beiefritz-fr","7":"product_cat-gin-au-miel","8":"product_cat-idees-de-cadeaux","9":"product_cat-nouveau","10":"product_tag-beiefritz-fr","11":"product_tag-gastro-fr","12":"product_tag-revendeurs-fr","14":"first","15":"instock","16":"taxable","17":"shipping-taxable","18":"purchasable","19":"product-type-simple"},"_links":{"self":[{"href":"https:\/\/beiefritz.lu\/fr\/wp-json\/wp\/v2\/product\/15209","targetHints":{"allow":["GET"]}}],"collection":[{"href":"https:\/\/beiefritz.lu\/fr\/wp-json\/wp\/v2\/product"}],"about":[{"href":"https:\/\/beiefritz.lu\/fr\/wp-json\/wp\/v2\/types\/product"}],"replies":[{"embeddable":true,"href":"https:\/\/beiefritz.lu\/fr\/wp-json\/wp\/v2\/comments?post=15209"}],"wp:featuredmedia":[{"embeddable":true,"href":"https:\/\/beiefritz.lu\/fr\/wp-json\/wp\/v2\/media\/16236"}],"wp:attachment":[{"href":"https:\/\/beiefritz.lu\/fr\/wp-json\/wp\/v2\/media?parent=15209"}],"wp:term":[{"taxonomy":"product_brand","embeddable":true,"href":"https:\/\/beiefritz.lu\/fr\/wp-json\/wp\/v2\/product_brand?post=15209"},{"taxonomy":"product_cat","embeddable":true,"href":"https:\/\/beiefritz.lu\/fr\/wp-json\/wp\/v2\/product_cat?post=15209"},{"taxonomy":"product_tag","embeddable":true,"href":"https:\/\/beiefritz.lu\/fr\/wp-json\/wp\/v2\/product_tag?post=15209"}],"curies":[{"name":"wp","href":"https:\/\/api.w.org\/{rel}","templated":true}]}}