{"id":15344,"date":"2025-08-13T00:00:32","date_gmt":"2025-08-12T22:00:32","guid":{"rendered":"https:\/\/www.beiefritz.lu\/shop\/de-beiefritz-miel-au-chili\/"},"modified":"2025-08-13T00:00:33","modified_gmt":"2025-08-12T22:00:33","slug":"de-beiefritz-piment-au-miel","status":"publish","type":"product","link":"https:\/\/beiefritz.lu\/fr\/produkt\/de-beiefritz-piment-au-miel\/","title":{"rendered":"DE BEIEFRITZ &#8211; Miel au chili"},"content":{"rendered":"<p>Le miel luxembourgeois cr\u00e9meux m\u00e9lang\u00e9 au piment habanero offre une combinaison excitante de la douceur du miel et du piquant intense du piment habanero. Ce m\u00e9lange unique est le r\u00e9sultat d&rsquo;un m\u00e9lange minutieux de miel luxembourgeois et de piments habanero finement moulus.<\/p>\n<p>L&rsquo;ajout de piment habanero conf\u00e8re au miel un piquant ardent et une saveur piquante. \u00c0 l&rsquo;ouverture du verre, les sens sont sollicit\u00e9s par un parfum intense de piment, qui annonce l&rsquo;explosion gustative excitante qui va suivre.<\/p>\n<p>Le miel luxembourgeois cr\u00e9meux au piment habanero peut \u00eatre d\u00e9gust\u00e9 de multiples fa\u00e7ons. Il peut \u00eatre utilis\u00e9 comme p\u00e2te \u00e0 tartiner audacieuse pour donner un coup de fouet \u00e9pic\u00e9 aux sandwichs, aux petits pains ou aux plateaux de fromages. Vous pouvez \u00e9galement l&rsquo;utiliser comme ingr\u00e9dient \u00e9pic\u00e9 dans les marinades, les vinaigrettes ou les sauces pour donner un coup de pouce au piquant et au go\u00fbt de vos plats. Pour ceux qui aiment repousser les limites, ce miel peut m\u00eame \u00eatre utilis\u00e9 comme trempette pour le fromage, la viande ou les l\u00e9gumes.<\/p>\n<p>Notre miel luxembourgeois au piment Habanero est un vrai r\u00e9gal pour ceux qui aiment les ar\u00f4mes \u00e9pic\u00e9s. Plongez dans cette combinaison de saveurs et laissez-vous s\u00e9duire par le doux piquant de ce miel unique.<\/p>\n<p>Contenu : 140g<\/p>\n","protected":false},"excerpt":{"rendered":"<p>Miel luxembourgeois affin\u00e9 au piment<\/p>\n","protected":false},"featured_media":10445,"comment_status":"open","ping_status":"closed","template":"","meta":[],"product_brand":[],"product_cat":[588,239],"product_tag":[430,435,450],"class_list":{"0":"post-15344","1":"product","2":"type-product","3":"status-publish","4":"has-post-thumbnail","6":"product_cat-de-beiefritz-fr","7":"product_cat-specialites-au-miel","8":"product_tag-beiefritz-fr","9":"product_tag-gastro-fr","10":"product_tag-revendeurs-fr","12":"first","13":"instock","14":"taxable","15":"shipping-taxable","16":"purchasable","17":"product-type-simple"},"_links":{"self":[{"href":"https:\/\/beiefritz.lu\/fr\/wp-json\/wp\/v2\/product\/15344","targetHints":{"allow":["GET"]}}],"collection":[{"href":"https:\/\/beiefritz.lu\/fr\/wp-json\/wp\/v2\/product"}],"about":[{"href":"https:\/\/beiefritz.lu\/fr\/wp-json\/wp\/v2\/types\/product"}],"replies":[{"embeddable":true,"href":"https:\/\/beiefritz.lu\/fr\/wp-json\/wp\/v2\/comments?post=15344"}],"wp:featuredmedia":[{"embeddable":true,"href":"https:\/\/beiefritz.lu\/fr\/wp-json\/wp\/v2\/media\/10445"}],"wp:attachment":[{"href":"https:\/\/beiefritz.lu\/fr\/wp-json\/wp\/v2\/media?parent=15344"}],"wp:term":[{"taxonomy":"product_brand","embeddable":true,"href":"https:\/\/beiefritz.lu\/fr\/wp-json\/wp\/v2\/product_brand?post=15344"},{"taxonomy":"product_cat","embeddable":true,"href":"https:\/\/beiefritz.lu\/fr\/wp-json\/wp\/v2\/product_cat?post=15344"},{"taxonomy":"product_tag","embeddable":true,"href":"https:\/\/beiefritz.lu\/fr\/wp-json\/wp\/v2\/product_tag?post=15344"}],"curies":[{"name":"wp","href":"https:\/\/api.w.org\/{rel}","templated":true}]}}