{"id":15348,"date":"2021-12-02T16:04:36","date_gmt":"2021-12-02T15:04:36","guid":{"rendered":"https:\/\/www.beiefritz.lu\/shop\/de-beiefritz-vin-de-miel-chaud-10l\/"},"modified":"2025-01-22T13:26:18","modified_gmt":"2025-01-22T12:26:18","slug":"de-beiefritz-miel-gluehwein-10l","status":"publish","type":"product","link":"https:\/\/beiefritz.lu\/fr\/produkt\/de-beiefritz-miel-gluehwein-10l\/","title":{"rendered":"DE BEIEFRITZ &#8211; vin de miel chaud 10L"},"content":{"rendered":"<p>Vin de miel \u00e9labor\u00e9 par un vigneron luxembourgeois, affin\u00e9 avec des \u00e9pices et du schnaps fin.<\/p>\n<p>\u00e9dition limit\u00e9e<\/p>\n<p>Fabriqu\u00e9 au Luxembourg<\/p>\n<p>14,7% vol.<\/p>\n<p>&nbsp;<\/p>\n<p>en bidon de 10L<\/p>\n","protected":false},"excerpt":{"rendered":"<p>Vin de miel \u00e9labor\u00e9 par un vigneron luxembourgeois, affin\u00e9 avec des \u00e9pices et du schnaps fin. \u00e9dition limit\u00e9e Fabriqu\u00e9 au Luxembourg 14,7% vol. &nbsp; en bidon de 10L<\/p>\n","protected":false},"featured_media":8250,"comment_status":"open","ping_status":"closed","template":"","meta":[],"product_brand":[],"product_cat":[172,257],"product_tag":[430,435,450],"class_list":{"0":"post-15348","1":"product","2":"type-product","3":"status-publish","4":"has-post-thumbnail","6":"product_cat-eau-de-vie-au-miel","7":"product_cat-nouveau","8":"product_tag-beiefritz-fr","9":"product_tag-gastro-fr","10":"product_tag-revendeurs-fr","12":"first","13":"instock","14":"taxable","15":"shipping-taxable","16":"purchasable","17":"product-type-simple"},"_links":{"self":[{"href":"https:\/\/beiefritz.lu\/fr\/wp-json\/wp\/v2\/product\/15348","targetHints":{"allow":["GET"]}}],"collection":[{"href":"https:\/\/beiefritz.lu\/fr\/wp-json\/wp\/v2\/product"}],"about":[{"href":"https:\/\/beiefritz.lu\/fr\/wp-json\/wp\/v2\/types\/product"}],"replies":[{"embeddable":true,"href":"https:\/\/beiefritz.lu\/fr\/wp-json\/wp\/v2\/comments?post=15348"}],"wp:featuredmedia":[{"embeddable":true,"href":"https:\/\/beiefritz.lu\/fr\/wp-json\/wp\/v2\/media\/8250"}],"wp:attachment":[{"href":"https:\/\/beiefritz.lu\/fr\/wp-json\/wp\/v2\/media?parent=15348"}],"wp:term":[{"taxonomy":"product_brand","embeddable":true,"href":"https:\/\/beiefritz.lu\/fr\/wp-json\/wp\/v2\/product_brand?post=15348"},{"taxonomy":"product_cat","embeddable":true,"href":"https:\/\/beiefritz.lu\/fr\/wp-json\/wp\/v2\/product_cat?post=15348"},{"taxonomy":"product_tag","embeddable":true,"href":"https:\/\/beiefritz.lu\/fr\/wp-json\/wp\/v2\/product_tag?post=15348"}],"curies":[{"name":"wp","href":"https:\/\/api.w.org\/{rel}","templated":true}]}}