{"id":15353,"date":"2025-08-12T23:50:10","date_gmt":"2025-08-12T21:50:10","guid":{"rendered":"https:\/\/www.beiefritz.lu\/shop\/de-beiefritz-miel-a-la-framboise\/"},"modified":"2025-12-02T00:27:13","modified_gmt":"2025-12-01T23:27:13","slug":"de-beiefritz-hunneg-mat-hammbier","status":"publish","type":"product","link":"https:\/\/beiefritz.lu\/fr\/produkt\/de-beiefritz-hunneg-mat-hammbier\/","title":{"rendered":"DE BEIEFRITZ &#8211; Framboise au miel"},"content":{"rendered":"<p>Le miel cr\u00e9meux luxembourgeois m\u00e9lang\u00e9 \u00e0 des framboises offre une combinaison s\u00e9duisante de douceur du miel et de notes fruit\u00e9es de framboise.<\/p>\n<p>Les framboises conf\u00e8rent au miel une saveur vive et fruit\u00e9e et une couleur rose soutenue. Le miel aux framboises peut \u00eatre d\u00e9gust\u00e9 de diff\u00e9rentes mani\u00e8res. Utilisez-le comme p\u00e2te \u00e0 tartiner pour agr\u00e9menter vos toasts, crackers ou cr\u00eapes. Il peut \u00e9galement \u00eatre m\u00e9lang\u00e9 \u00e0 du yaourt ou vers\u00e9 sur de la cr\u00e8me glac\u00e9e pour ajouter une touche fruit\u00e9e. En outre, il est \u00e9galement excellent comme ingr\u00e9dient dans les desserts ou comme \u00e9dulcorant dans les th\u00e9s et les cocktails.<\/p>\n<p>Le m\u00e9lange de miel luxembourgeois et de framboises offre non seulement un go\u00fbt irr\u00e9sistible, mais fournit \u00e9galement des nutriments et des antioxydants essentiels, tandis que les framboises sont riches en vitamines, en fibres et en antioxydants naturels.<\/p>\n<p>Notre miel aux framboises est un plaisir pour les sens, alliant les ar\u00f4mes de la campagne luxembourgeoise \u00e0 la fra\u00eecheur des framboises. Plongez dans cette exp\u00e9rience savoureuse et laissez-vous s\u00e9duire par la douce harmonie du miel et des framboises.<\/p>\n<p>Contenu : 140g<\/p>\n","protected":false},"excerpt":{"rendered":"<p>Miel de Luxembourg affin\u00e9 \u00e0 la framboise<\/p>\n","protected":false},"featured_media":10387,"comment_status":"open","ping_status":"closed","template":"","meta":[],"product_brand":[],"product_cat":[588,239],"product_tag":[430,435,450],"class_list":{"0":"post-15353","1":"product","2":"type-product","3":"status-publish","4":"has-post-thumbnail","6":"product_cat-de-beiefritz-fr","7":"product_cat-specialites-au-miel","8":"product_tag-beiefritz-fr","9":"product_tag-gastro-fr","10":"product_tag-revendeurs-fr","12":"first","13":"instock","14":"featured","15":"taxable","16":"shipping-taxable","17":"purchasable","18":"product-type-simple"},"_links":{"self":[{"href":"https:\/\/beiefritz.lu\/fr\/wp-json\/wp\/v2\/product\/15353","targetHints":{"allow":["GET"]}}],"collection":[{"href":"https:\/\/beiefritz.lu\/fr\/wp-json\/wp\/v2\/product"}],"about":[{"href":"https:\/\/beiefritz.lu\/fr\/wp-json\/wp\/v2\/types\/product"}],"replies":[{"embeddable":true,"href":"https:\/\/beiefritz.lu\/fr\/wp-json\/wp\/v2\/comments?post=15353"}],"wp:featuredmedia":[{"embeddable":true,"href":"https:\/\/beiefritz.lu\/fr\/wp-json\/wp\/v2\/media\/10387"}],"wp:attachment":[{"href":"https:\/\/beiefritz.lu\/fr\/wp-json\/wp\/v2\/media?parent=15353"}],"wp:term":[{"taxonomy":"product_brand","embeddable":true,"href":"https:\/\/beiefritz.lu\/fr\/wp-json\/wp\/v2\/product_brand?post=15353"},{"taxonomy":"product_cat","embeddable":true,"href":"https:\/\/beiefritz.lu\/fr\/wp-json\/wp\/v2\/product_cat?post=15353"},{"taxonomy":"product_tag","embeddable":true,"href":"https:\/\/beiefritz.lu\/fr\/wp-json\/wp\/v2\/product_tag?post=15353"}],"curies":[{"name":"wp","href":"https:\/\/api.w.org\/{rel}","templated":true}]}}