{"id":15357,"date":"2025-08-12T23:52:10","date_gmt":"2025-08-12T21:52:10","guid":{"rendered":"https:\/\/www.beiefritz.lu\/shop\/de-beiefritz-trio-de-miel\/"},"modified":"2025-08-12T23:52:11","modified_gmt":"2025-08-12T21:52:11","slug":"de-beiefritz-honig-trio","status":"publish","type":"product","link":"https:\/\/beiefritz.lu\/fr\/produkt\/de-beiefritz-honig-trio\/","title":{"rendered":"DE BEIEFRITZ &#8211; Trio de miel"},"content":{"rendered":"<p>Sachet cadeau avec 3 types (chacun 140g) de nos pr\u00e9parations de miel les plus populaires.<\/p>\n<p>(vari\u00e9t\u00e9s selon disponibilit\u00e9)<\/p>\n","protected":false},"excerpt":{"rendered":"<p>Sachet cadeau avec 3 types (chacun 140g) de nos pr\u00e9parations de miel les plus populaires. (vari\u00e9t\u00e9s selon disponibilit\u00e9)<\/p>\n","protected":false},"featured_media":10419,"comment_status":"open","ping_status":"closed","template":"","meta":[],"product_brand":[],"product_cat":[588,676,576],"product_tag":[430,435,450],"class_list":{"0":"post-15357","1":"product","2":"type-product","3":"status-publish","4":"has-post-thumbnail","6":"product_cat-de-beiefritz-fr","7":"product_cat-miel-avec-gout-sets","8":"product_cat-paniers-cadeaux","9":"product_tag-beiefritz-fr","10":"product_tag-gastro-fr","11":"product_tag-revendeurs-fr","13":"first","14":"instock","15":"taxable","16":"shipping-taxable","17":"purchasable","18":"product-type-simple"},"_links":{"self":[{"href":"https:\/\/beiefritz.lu\/fr\/wp-json\/wp\/v2\/product\/15357","targetHints":{"allow":["GET"]}}],"collection":[{"href":"https:\/\/beiefritz.lu\/fr\/wp-json\/wp\/v2\/product"}],"about":[{"href":"https:\/\/beiefritz.lu\/fr\/wp-json\/wp\/v2\/types\/product"}],"replies":[{"embeddable":true,"href":"https:\/\/beiefritz.lu\/fr\/wp-json\/wp\/v2\/comments?post=15357"}],"wp:featuredmedia":[{"embeddable":true,"href":"https:\/\/beiefritz.lu\/fr\/wp-json\/wp\/v2\/media\/10419"}],"wp:attachment":[{"href":"https:\/\/beiefritz.lu\/fr\/wp-json\/wp\/v2\/media?parent=15357"}],"wp:term":[{"taxonomy":"product_brand","embeddable":true,"href":"https:\/\/beiefritz.lu\/fr\/wp-json\/wp\/v2\/product_brand?post=15357"},{"taxonomy":"product_cat","embeddable":true,"href":"https:\/\/beiefritz.lu\/fr\/wp-json\/wp\/v2\/product_cat?post=15357"},{"taxonomy":"product_tag","embeddable":true,"href":"https:\/\/beiefritz.lu\/fr\/wp-json\/wp\/v2\/product_tag?post=15357"}],"curies":[{"name":"wp","href":"https:\/\/api.w.org\/{rel}","templated":true}]}}