{"id":15360,"date":"2025-08-12T23:52:18","date_gmt":"2025-08-12T21:52:18","guid":{"rendered":"https:\/\/www.beiefritz.lu\/shop\/carte-de-voeux-1-ech-hun-sou-ee-gleck-dech-ze-hun\/"},"modified":"2025-08-12T23:52:20","modified_gmt":"2025-08-12T21:52:20","slug":"carte-de-voeux-nr-1","status":"publish","type":"product","link":"https:\/\/beiefritz.lu\/fr\/produkt\/carte-de-voeux-nr-1\/","title":{"rendered":"Carte de voeux #1 &#8211; \u00ab\u00a0Ech hun sou ee Gl\u00e9ck dech ze hun\u00a0\u00bb"},"content":{"rendered":"<p>Dites-nous le texte de vos v\u0153ux et nous enverrons la carte de v\u0153ux avec la commande ou dans une bo\u00eete cadeau directement \u00e0 vos proches.<\/p>\n<p>&nbsp;<\/p>\n","protected":false},"excerpt":{"rendered":"<p>Dites-nous le texte de vos v\u0153ux et nous enverrons la carte de v\u0153ux avec la commande ou dans une bo\u00eete cadeau directement \u00e0 vos proches. &nbsp;<\/p>\n","protected":false},"featured_media":9118,"comment_status":"open","ping_status":"closed","template":"","meta":[],"product_brand":[],"product_cat":[385,388],"product_tag":[430,450],"class_list":{"0":"post-15360","1":"product","2":"type-product","3":"status-publish","4":"has-post-thumbnail","6":"product_cat-mwb_wgm_giftcard-3-fr","7":"product_cat-cartes-de-voeux","8":"product_tag-beiefritz-fr","9":"product_tag-revendeurs-fr","11":"first","12":"instock","13":"taxable","14":"shipping-taxable","15":"purchasable","16":"product-type-simple"},"_links":{"self":[{"href":"https:\/\/beiefritz.lu\/fr\/wp-json\/wp\/v2\/product\/15360","targetHints":{"allow":["GET"]}}],"collection":[{"href":"https:\/\/beiefritz.lu\/fr\/wp-json\/wp\/v2\/product"}],"about":[{"href":"https:\/\/beiefritz.lu\/fr\/wp-json\/wp\/v2\/types\/product"}],"replies":[{"embeddable":true,"href":"https:\/\/beiefritz.lu\/fr\/wp-json\/wp\/v2\/comments?post=15360"}],"wp:featuredmedia":[{"embeddable":true,"href":"https:\/\/beiefritz.lu\/fr\/wp-json\/wp\/v2\/media\/9118"}],"wp:attachment":[{"href":"https:\/\/beiefritz.lu\/fr\/wp-json\/wp\/v2\/media?parent=15360"}],"wp:term":[{"taxonomy":"product_brand","embeddable":true,"href":"https:\/\/beiefritz.lu\/fr\/wp-json\/wp\/v2\/product_brand?post=15360"},{"taxonomy":"product_cat","embeddable":true,"href":"https:\/\/beiefritz.lu\/fr\/wp-json\/wp\/v2\/product_cat?post=15360"},{"taxonomy":"product_tag","embeddable":true,"href":"https:\/\/beiefritz.lu\/fr\/wp-json\/wp\/v2\/product_tag?post=15360"}],"curies":[{"name":"wp","href":"https:\/\/api.w.org\/{rel}","templated":true}]}}