{"id":15364,"date":"2025-08-13T00:00:26","date_gmt":"2025-08-12T22:00:26","guid":{"rendered":"https:\/\/www.beiefritz.lu\/shop\/carte-de-voeux-nr-3-happy-birthday\/"},"modified":"2025-08-13T00:00:27","modified_gmt":"2025-08-12T22:00:27","slug":"carte-de-voeux-nr-3","status":"publish","type":"product","link":"https:\/\/beiefritz.lu\/fr\/produkt\/carte-de-voeux-nr-3\/","title":{"rendered":"Carte de voeux Nr. 3 &#8211; \u00ab\u00a0Happy Birthday!\u00a0\u00bb"},"content":{"rendered":"<p>Dites-nous le texte de vos v\u0153ux et nous enverrons la carte de v\u0153ux avec la commande ou dans une bo\u00eete cadeau directement \u00e0 vos proches.<\/p>\n<p>&nbsp;<\/p>\n","protected":false},"excerpt":{"rendered":"<p>Dites-nous le texte de vos v\u0153ux et nous enverrons la carte de v\u0153ux avec la commande ou dans une bo\u00eete cadeau directement \u00e0 vos proches. &nbsp;<\/p>\n","protected":false},"featured_media":9111,"comment_status":"open","ping_status":"closed","template":"","meta":[],"product_brand":[],"product_cat":[385,388],"product_tag":[430,450],"class_list":{"0":"post-15364","1":"product","2":"type-product","3":"status-publish","4":"has-post-thumbnail","6":"product_cat-mwb_wgm_giftcard-3-fr","7":"product_cat-cartes-de-voeux","8":"product_tag-beiefritz-fr","9":"product_tag-revendeurs-fr","11":"first","12":"instock","13":"taxable","14":"shipping-taxable","15":"purchasable","16":"product-type-simple"},"_links":{"self":[{"href":"https:\/\/beiefritz.lu\/fr\/wp-json\/wp\/v2\/product\/15364","targetHints":{"allow":["GET"]}}],"collection":[{"href":"https:\/\/beiefritz.lu\/fr\/wp-json\/wp\/v2\/product"}],"about":[{"href":"https:\/\/beiefritz.lu\/fr\/wp-json\/wp\/v2\/types\/product"}],"replies":[{"embeddable":true,"href":"https:\/\/beiefritz.lu\/fr\/wp-json\/wp\/v2\/comments?post=15364"}],"wp:featuredmedia":[{"embeddable":true,"href":"https:\/\/beiefritz.lu\/fr\/wp-json\/wp\/v2\/media\/9111"}],"wp:attachment":[{"href":"https:\/\/beiefritz.lu\/fr\/wp-json\/wp\/v2\/media?parent=15364"}],"wp:term":[{"taxonomy":"product_brand","embeddable":true,"href":"https:\/\/beiefritz.lu\/fr\/wp-json\/wp\/v2\/product_brand?post=15364"},{"taxonomy":"product_cat","embeddable":true,"href":"https:\/\/beiefritz.lu\/fr\/wp-json\/wp\/v2\/product_cat?post=15364"},{"taxonomy":"product_tag","embeddable":true,"href":"https:\/\/beiefritz.lu\/fr\/wp-json\/wp\/v2\/product_tag?post=15364"}],"curies":[{"name":"wp","href":"https:\/\/api.w.org\/{rel}","templated":true}]}}