{"id":15369,"date":"2025-08-12T23:52:12","date_gmt":"2025-08-12T21:52:12","guid":{"rendered":"https:\/\/www.beiefritz.lu\/shop\/puralp-onguent-bio-propolis-arnica-des-montagnes\/"},"modified":"2025-08-12T23:52:13","modified_gmt":"2025-08-12T21:52:13","slug":"puralp-propolis-bergarnica-pommade-bio","status":"publish","type":"product","link":"https:\/\/beiefritz.lu\/fr\/produkt\/puralp-propolis-bergarnica-pommade-bio\/","title":{"rendered":"PURALP &#8211; Onguent Bio Propolis &amp; Arnica des Montagnes"},"content":{"rendered":"<p>L&rsquo;onguent bio propolis &amp; arnica des montagnes \u00e0 l&rsquo;huile naturelle de pin des montagnes et d&rsquo;arnica des montagnes prend soin des muscles et articulations sollicit\u00e9s. La combinaison du pin de montagne et du romarin est responsable de la circulation sanguine. L&rsquo;extrait contenu de l&rsquo;arnica des montagnes stimule le m\u00e9tabolisme et a un effet r\u00e9g\u00e9n\u00e9rant. La propolis puissante et l&rsquo;huile de millepertuis tr\u00e8s efficace soutiennent l&rsquo;effet b\u00e9n\u00e9fique sur les muscles et les articulations.<\/p>\n<p><strong>Description du produit<\/strong><\/p>\n<p>La pommade bio propolis &amp; arnica des montagnes \u00e0 l&rsquo;huile naturelle de pin des montagnes et d&rsquo;arnica des montagnes soigne les muscles et les articulations sollicit\u00e9s. L&rsquo;effet de la propolis naturelle est soutenu par la pr\u00e9cieuse huile de millepertuis. La propolis contenue ainsi que la cire d&rsquo;abeille sont obtenues selon les directives strictes de Bioland et trait\u00e9es \u00e0 l&rsquo;\u00e9tat naturel.<\/p>\n<p><strong>Ingr\u00e9dients<\/strong><\/p>\n<p>Olea Europaea Fruit Oil*, Cera flava*, Helianthus Annuus Seed Oil*, Alcohol*, Hypericum Perforatum Extract*, Arnica Montana Flower Extract*, Propolis Cera*, Pinus Mugo Leaf Oil*, Rosmarinus Officinalis Leaf Oil*, Rosmarinus Officinalis Leaf Extract*, Limonene**.<br \/>\n*produits issus de l&rsquo;agriculture biologique<br \/>\n**composants naturels d&rsquo;huiles essentielles<\/p>\n<p><strong>Ingr\u00e9dients<\/strong><\/p>\n<p>Huile d&rsquo;olive*, cire d&rsquo;abeille jaune*, huile de tournesol*, alcool*, huile de millepertuis*, huile d&rsquo;arnica*, propolis*, huile de pin de montagne*, huile de romarin*, extrait de romarin*, limonene**.<br \/>\n*produits issus de l&rsquo;agriculture biologique contr\u00f4l\u00e9e<br \/>\n**composants naturels des huiles essentielles<\/p>\n<p><strong>Certification<\/strong><\/p>\n<p>Bioland<\/p>\n<p><strong>Quantit\u00e9 de remplissage nette<\/strong><\/p>\n<p>30ml<\/p>\n<p><strong>Conseils<\/strong><\/p>\n<p>Ne pas utiliser si vous \u00eates hypersensible (allergique) \u00e0 la propolis ou \u00e0 la famille des marguerites.<\/p>\n<p><strong>Utilisation<\/strong><\/p>\n<p>Appliquer sur les parties du corps concern\u00e9es plusieurs fois par jour selon les besoins et masser doucement.<\/p>\n<p><strong>Fabriqu\u00e9 en<\/strong><\/p>\n<p>Allemagne<\/p>\n","protected":false},"excerpt":{"rendered":"<p>L&rsquo;onguent bio propolis &amp; arnica des montagnes \u00e0 l&rsquo;huile naturelle de pin des montagnes et d&rsquo;arnica des montagnes prend soin des muscles et articulations sollicit\u00e9s. La combinaison du pin de montagne et du romarin est responsable de la circulation sanguine. L&rsquo;extrait contenu de l&rsquo;arnica des montagnes stimule le m\u00e9tabolisme et a un effet r\u00e9g\u00e9n\u00e9rant. La [&#8230;]\n","protected":false},"featured_media":9143,"comment_status":"open","ping_status":"closed","template":"","meta":[],"product_brand":[],"product_cat":[656,558,260,530],"product_tag":[448,450],"class_list":{"0":"post-15369","1":"product","2":"type-product","3":"status-publish","4":"has-post-thumbnail","6":"product_cat-bio-fr","7":"product_cat-propolis-fr","8":"product_cat-puralp-fr","9":"product_cat-soins-du-corps","10":"product_tag-propolis-fr","11":"product_tag-revendeurs-fr","13":"first","14":"instock","15":"taxable","16":"shipping-taxable","17":"purchasable","18":"product-type-simple"},"_links":{"self":[{"href":"https:\/\/beiefritz.lu\/fr\/wp-json\/wp\/v2\/product\/15369","targetHints":{"allow":["GET"]}}],"collection":[{"href":"https:\/\/beiefritz.lu\/fr\/wp-json\/wp\/v2\/product"}],"about":[{"href":"https:\/\/beiefritz.lu\/fr\/wp-json\/wp\/v2\/types\/product"}],"replies":[{"embeddable":true,"href":"https:\/\/beiefritz.lu\/fr\/wp-json\/wp\/v2\/comments?post=15369"}],"wp:featuredmedia":[{"embeddable":true,"href":"https:\/\/beiefritz.lu\/fr\/wp-json\/wp\/v2\/media\/9143"}],"wp:attachment":[{"href":"https:\/\/beiefritz.lu\/fr\/wp-json\/wp\/v2\/media?parent=15369"}],"wp:term":[{"taxonomy":"product_brand","embeddable":true,"href":"https:\/\/beiefritz.lu\/fr\/wp-json\/wp\/v2\/product_brand?post=15369"},{"taxonomy":"product_cat","embeddable":true,"href":"https:\/\/beiefritz.lu\/fr\/wp-json\/wp\/v2\/product_cat?post=15369"},{"taxonomy":"product_tag","embeddable":true,"href":"https:\/\/beiefritz.lu\/fr\/wp-json\/wp\/v2\/product_tag?post=15369"}],"curies":[{"name":"wp","href":"https:\/\/api.w.org\/{rel}","templated":true}]}}