{"id":15371,"date":"2025-08-12T23:52:14","date_gmt":"2025-08-12T21:52:14","guid":{"rendered":"https:\/\/www.beiefritz.lu\/shop\/puralp-roll-on-huile-soin-cicatrice-bio-propolis-rose-musquee\/"},"modified":"2025-08-12T23:52:16","modified_gmt":"2025-08-12T21:52:16","slug":"puralp-propolis-rose-musquee-huile-soin-cicatrices-bio-roll-on","status":"publish","type":"product","link":"https:\/\/beiefritz.lu\/fr\/produkt\/puralp-propolis-rose-musquee-huile-soin-cicatrices-bio-roll-on\/","title":{"rendered":"PURALP &#8211; Roll-On Huile Soin Cicatrice Bio Propolis &amp; Rose Musqu\u00e9e"},"content":{"rendered":"<p>Les cicatrices sont non seulement disgracieuses, mais g\u00e9n\u00e9ralement aussi dures et douloureuses. Notre huile de soin des cicatrices bio \u00e0 la propolis et \u00e0 la rose musqu\u00e9e est tr\u00e8s utile ici. L&rsquo;huile de p\u00e9pins de rose musqu\u00e9e orange-rouge est riche en acide linol\u00e9ique et aide la peau dans le processus de r\u00e9g\u00e9n\u00e9ration. L&rsquo;huile de romarin est l&rsquo;huile qui stimule le plus la circulation sanguine et est soutenue par l&rsquo;huile de lavande fine. En combinaison avec la pr\u00e9cieuse propolis et l&rsquo;huile naturelle de souci et de millepertuis, il am\u00e9liore consid\u00e9rablement l&rsquo;apparence des cicatrices.<\/p>\n<p><strong>Ingr\u00e9dients<\/strong><\/p>\n<p>Helianthus Annuus Seed Oil*, Rosa Canina Seed Extract*, Olea Europaea Fruit<br \/>\nOil*, Hypericum Perforatum Extract*, Propolis Cera*, Calendula Officinalis Extract*, Lavandula Angustifolia Oil*, Rosmarinus Officinalis Leaf Oil*, Rosmarinus Officinalis<br \/>\nLeaf Extract*, Alcohol*, Limonene**, Linalool**, Geraniol**.<br \/>\n*produits issus de l&rsquo;agriculture biologique<br \/>\n**composants naturels d&rsquo;huiles essentielles<\/p>\n<p><strong>Ingr\u00e9dients<\/strong><\/p>\n<p>Huile de tournesol*, huile de graines de cynorrhodon*, huile d&rsquo;olive*, cire d&rsquo;abeille jaune*, huile de millepertuis*, propolis*, huile de calendula*, lavande fine*, huile de romarin*, extrait de romarin*, alcool*, limonene**,linalool**, geraniol**.<br \/>\n*produits issus de l&rsquo;agriculture biologique contr\u00f4l\u00e9e<br \/>\n**composants naturels d&rsquo;huiles essentielles<\/p>\n<p><strong>Certification<\/strong><\/p>\n<p>Bioland<\/p>\n<p><strong>Conseils<\/strong><\/p>\n<p>Ne pas utiliser si vous \u00eates hypersensible (allergique) \u00e0 la propolis ou \u00e0 la famille des marguerites.<\/p>\n<p><strong>Quantit\u00e9 de remplissage nette<\/strong><\/p>\n<p>10ml<\/p>\n<p><strong>Utilisation<\/strong><\/p>\n<p>Appliquer sur les zones de peau affect\u00e9es plusieurs fois par jour selon les besoins et masser doucement.<\/p>\n<p><strong>Fabriqu\u00e9 en<\/strong><\/p>\n<p>Allemagne<\/p>\n","protected":false},"excerpt":{"rendered":"<p>Les cicatrices sont non seulement disgracieuses, mais g\u00e9n\u00e9ralement aussi dures et douloureuses. Notre huile de soin des cicatrices bio \u00e0 la propolis et \u00e0 la rose musqu\u00e9e est tr\u00e8s utile ici. L&rsquo;huile de p\u00e9pins de rose musqu\u00e9e orange-rouge est riche en acide linol\u00e9ique et aide la peau dans le processus de r\u00e9g\u00e9n\u00e9ration. L&rsquo;huile de romarin [&#8230;]\n","protected":false},"featured_media":9137,"comment_status":"open","ping_status":"closed","template":"","meta":[],"product_brand":[],"product_cat":[656,272,558,260,530],"product_tag":[448,450],"class_list":{"0":"post-15371","1":"product","2":"type-product","3":"status-publish","4":"has-post-thumbnail","6":"product_cat-bio-fr","7":"product_cat-divers","8":"product_cat-propolis-fr","9":"product_cat-puralp-fr","10":"product_cat-soins-du-corps","11":"product_tag-propolis-fr","12":"product_tag-revendeurs-fr","14":"first","15":"instock","16":"taxable","17":"shipping-taxable","18":"purchasable","19":"product-type-simple"},"_links":{"self":[{"href":"https:\/\/beiefritz.lu\/fr\/wp-json\/wp\/v2\/product\/15371","targetHints":{"allow":["GET"]}}],"collection":[{"href":"https:\/\/beiefritz.lu\/fr\/wp-json\/wp\/v2\/product"}],"about":[{"href":"https:\/\/beiefritz.lu\/fr\/wp-json\/wp\/v2\/types\/product"}],"replies":[{"embeddable":true,"href":"https:\/\/beiefritz.lu\/fr\/wp-json\/wp\/v2\/comments?post=15371"}],"wp:featuredmedia":[{"embeddable":true,"href":"https:\/\/beiefritz.lu\/fr\/wp-json\/wp\/v2\/media\/9137"}],"wp:attachment":[{"href":"https:\/\/beiefritz.lu\/fr\/wp-json\/wp\/v2\/media?parent=15371"}],"wp:term":[{"taxonomy":"product_brand","embeddable":true,"href":"https:\/\/beiefritz.lu\/fr\/wp-json\/wp\/v2\/product_brand?post=15371"},{"taxonomy":"product_cat","embeddable":true,"href":"https:\/\/beiefritz.lu\/fr\/wp-json\/wp\/v2\/product_cat?post=15371"},{"taxonomy":"product_tag","embeddable":true,"href":"https:\/\/beiefritz.lu\/fr\/wp-json\/wp\/v2\/product_tag?post=15371"}],"curies":[{"name":"wp","href":"https:\/\/api.w.org\/{rel}","templated":true}]}}