{"id":15470,"date":"2025-09-08T19:51:58","date_gmt":"2025-09-08T17:51:58","guid":{"rendered":"https:\/\/www.beiefritz.lu\/?post_type=product&#038;p=15470"},"modified":"2025-09-08T19:51:59","modified_gmt":"2025-09-08T17:51:59","slug":"panier-cadeau-8-les-choses-de-lapiculteur","status":"publish","type":"product","link":"https:\/\/beiefritz.lu\/fr\/produkt\/panier-cadeau-8-les-choses-de-lapiculteur\/","title":{"rendered":"Panier-cadeau #8 &#8211; \u00ab\u00a0Les tr\u00e9sors de l&rsquo;apiculteur"},"content":{"rendered":"<p>Nos paniers-cadeaux, compos\u00e9s avec amour, sont la surprise parfaite pour toute occasion sp\u00e9ciale. Nos paniers sont remplis d&rsquo;une s\u00e9lection tri\u00e9e sur le volet de d\u00e9licatesses de qualit\u00e9 et de petites choses uniques qui apportent joie et plaisir dans chaque foyer. Qu&rsquo;il s&rsquo;agisse d&rsquo;un anniversaire, d&rsquo;une f\u00eate, d&rsquo;un jubil\u00e9 ou simplement d&rsquo;une marque d&rsquo;estime, nos paniers-cadeaux sont une mani\u00e8re \u00e9l\u00e9gante et chaleureuse d&rsquo;exprimer votre gratitude et votre amour. Chaque panier est con\u00e7u avec le plus grand soin et la plus grande attention aux d\u00e9tails, afin de garantir que votre cadeau reste inoubliable.<\/p>\n<p>&nbsp;<\/p>\n<p><em>Contenu du panier :<\/em><\/p>\n<p><strong>Nos produits<\/strong><\/p>\n<ul>\n<li>Cr\u00e8me pour les mains<\/li>\n<li>Bi\u00e8re au miel<\/li>\n<li>Eau-de-vie de miel 10cl<\/li>\n<li>Cr\u00e8me de gel\u00e9e royale au miel<\/li>\n<li>\u00ab\u00a0Miello\u00a0\u00bb &#8211; stick de soin des l\u00e8vres \u00ab\u00a0naturel<\/li>\n<li>Bonbons<\/li>\n<li>Gaufres au miel<\/li>\n<li>Gin au miel 5cl<\/li>\n<li>Miel de fleurs 230g<\/li>\n<li>2x m\u00e9lange de miel 140g <span style=\"font-size: 75%;\">(vari\u00e9t\u00e9 selon disponibilit\u00e9)<\/span><\/li>\n<\/ul>\n<p>&nbsp;<\/p>\n<p><strong><span style=\"font-size: 75%;\">Il faut compter un d\u00e9lai de traitement et d&rsquo;envoi pouvant aller jusqu&rsquo;\u00e0 une semaine. En cas de commande de grandes quantit\u00e9s, ce d\u00e9lai peut \u00eatre prolong\u00e9 d&rsquo;autant.  <\/span><\/strong><\/p>\n<p><span style=\"font-size: 75%;\">Toutes les illustrations sont sous r\u00e9serve de modifications. Les paniers-cadeaux peuvent diff\u00e9rer des illustrations.  <\/span><span style=\"font-size: 75%;\">Nous souhaitons vous informer \u00e0 l&rsquo;avance qu&rsquo;en raison de difficult\u00e9s de livraison impr\u00e9visibles de la part de nos fournisseurs, il est possible que vous deviez passer \u00e0 un mod\u00e8le alternatif de nos paniers-cadeaux. Nous vous assurons que ces mod\u00e8les de remplacement r\u00e9pondront \u00e0 nos exigences de qualit\u00e9 \u00e9lev\u00e9es et \u00e0 vos attentes.<\/span><\/p>\n","protected":false},"excerpt":{"rendered":"<p>Nos paniers-cadeaux exquis &#8211; le cadeau parfait pour toutes les occasions.<\/p>\n","protected":false},"featured_media":15476,"comment_status":"open","ping_status":"closed","template":"","meta":[],"product_brand":[],"product_cat":[576],"product_tag":[],"class_list":{"0":"post-15470","1":"product","2":"type-product","3":"status-publish","4":"has-post-thumbnail","6":"product_cat-paniers-cadeaux","8":"first","9":"instock","10":"taxable","11":"shipping-taxable","12":"purchasable","13":"product-type-simple"},"_links":{"self":[{"href":"https:\/\/beiefritz.lu\/fr\/wp-json\/wp\/v2\/product\/15470","targetHints":{"allow":["GET"]}}],"collection":[{"href":"https:\/\/beiefritz.lu\/fr\/wp-json\/wp\/v2\/product"}],"about":[{"href":"https:\/\/beiefritz.lu\/fr\/wp-json\/wp\/v2\/types\/product"}],"replies":[{"embeddable":true,"href":"https:\/\/beiefritz.lu\/fr\/wp-json\/wp\/v2\/comments?post=15470"}],"wp:featuredmedia":[{"embeddable":true,"href":"https:\/\/beiefritz.lu\/fr\/wp-json\/wp\/v2\/media\/15476"}],"wp:attachment":[{"href":"https:\/\/beiefritz.lu\/fr\/wp-json\/wp\/v2\/media?parent=15470"}],"wp:term":[{"taxonomy":"product_brand","embeddable":true,"href":"https:\/\/beiefritz.lu\/fr\/wp-json\/wp\/v2\/product_brand?post=15470"},{"taxonomy":"product_cat","embeddable":true,"href":"https:\/\/beiefritz.lu\/fr\/wp-json\/wp\/v2\/product_cat?post=15470"},{"taxonomy":"product_tag","embeddable":true,"href":"https:\/\/beiefritz.lu\/fr\/wp-json\/wp\/v2\/product_tag?post=15470"}],"curies":[{"name":"wp","href":"https:\/\/api.w.org\/{rel}","templated":true}]}}