{"id":15506,"date":"2025-09-08T19:52:04","date_gmt":"2025-09-08T17:52:04","guid":{"rendered":"https:\/\/www.beiefritz.lu\/?post_type=product&#038;p=15506"},"modified":"2025-09-08T19:52:05","modified_gmt":"2025-09-08T17:52:05","slug":"3er-gourmet-box-3-x-140g","status":"publish","type":"product","link":"https:\/\/beiefritz.lu\/fr\/produkt\/3er-gourmet-box-3-x-140g\/","title":{"rendered":"Bo\u00eete gourmet de 3 (3 x 140g)"},"content":{"rendered":"<p>Profitez de notre coffret gourmet avec trois m\u00e9langes de miel exquis. Un r\u00e9gal pour les papilles.<\/p>\n<p><em>Veuillez noter que les vari\u00e9t\u00e9s contenues dans la bo\u00eete, ainsi que la couleur du ruban cadeau, varient en fonction de la disponibilit\u00e9.<\/em><\/p>\n<p>&nbsp;<\/p>\n<p><strong><span style=\"font-size: 75%;\">Il faut compter un d\u00e9lai de traitement et d&rsquo;envoi pouvant aller jusqu&rsquo;\u00e0 une semaine. En cas de commande de grandes quantit\u00e9s, ce d\u00e9lai peut \u00eatre prolong\u00e9 d&rsquo;autant.  <\/span><\/strong><\/p>\n<p><span style=\"font-size: 75%;\">Toutes les illustrations sont sous r\u00e9serve de modifications. Les paniers-cadeaux peuvent diff\u00e9rer des illustrations.  <\/span><span style=\"font-size: 75%;\">Nous souhaitons vous informer \u00e0 l&rsquo;avance qu&rsquo;en raison de difficult\u00e9s de livraison impr\u00e9visibles de la part de nos fournisseurs, il est possible que vous deviez passer \u00e0 un mod\u00e8le alternatif de nos paniers-cadeaux. Nous vous assurons que ces mod\u00e8les de remplacement r\u00e9pondront \u00e0 nos exigences de qualit\u00e9 \u00e9lev\u00e9es et \u00e0 vos attentes.<\/span><\/p>\n","protected":false},"excerpt":{"rendered":"<p>Nos paniers-cadeaux exquis &#8211; le cadeau parfait pour toutes les occasions.<\/p>\n","protected":false},"featured_media":15503,"comment_status":"open","ping_status":"closed","template":"","meta":[],"product_brand":[],"product_cat":[676,576],"product_tag":[],"class_list":{"0":"post-15506","1":"product","2":"type-product","3":"status-publish","4":"has-post-thumbnail","6":"product_cat-miel-avec-gout-sets","7":"product_cat-paniers-cadeaux","9":"first","10":"instock","11":"taxable","12":"shipping-taxable","13":"purchasable","14":"product-type-simple"},"_links":{"self":[{"href":"https:\/\/beiefritz.lu\/fr\/wp-json\/wp\/v2\/product\/15506","targetHints":{"allow":["GET"]}}],"collection":[{"href":"https:\/\/beiefritz.lu\/fr\/wp-json\/wp\/v2\/product"}],"about":[{"href":"https:\/\/beiefritz.lu\/fr\/wp-json\/wp\/v2\/types\/product"}],"replies":[{"embeddable":true,"href":"https:\/\/beiefritz.lu\/fr\/wp-json\/wp\/v2\/comments?post=15506"}],"wp:featuredmedia":[{"embeddable":true,"href":"https:\/\/beiefritz.lu\/fr\/wp-json\/wp\/v2\/media\/15503"}],"wp:attachment":[{"href":"https:\/\/beiefritz.lu\/fr\/wp-json\/wp\/v2\/media?parent=15506"}],"wp:term":[{"taxonomy":"product_brand","embeddable":true,"href":"https:\/\/beiefritz.lu\/fr\/wp-json\/wp\/v2\/product_brand?post=15506"},{"taxonomy":"product_cat","embeddable":true,"href":"https:\/\/beiefritz.lu\/fr\/wp-json\/wp\/v2\/product_cat?post=15506"},{"taxonomy":"product_tag","embeddable":true,"href":"https:\/\/beiefritz.lu\/fr\/wp-json\/wp\/v2\/product_tag?post=15506"}],"curies":[{"name":"wp","href":"https:\/\/api.w.org\/{rel}","templated":true}]}}