{"id":15512,"date":"2025-09-08T20:11:22","date_gmt":"2025-09-08T18:11:22","guid":{"rendered":"https:\/\/www.beiefritz.lu\/?post_type=product&#038;p=15512"},"modified":"2025-09-08T20:11:24","modified_gmt":"2025-09-08T18:11:24","slug":"eau-de-vie-de-miel-doree-avec-elegance","status":"publish","type":"product","link":"https:\/\/beiefritz.lu\/fr\/produkt\/eau-de-vie-de-miel-doree-avec-elegance\/","title":{"rendered":"Une eau-de-vie de miel dor\u00e9e et \u00e9l\u00e9gante"},"content":{"rendered":"<p>Notre eau-de-vie de miel dor\u00e9e et \u00e9l\u00e9gante est un cadeau exquis pour les connaisseurs. Affin\u00e9e avec du miel et pr\u00e9sent\u00e9e dans une \u00e9l\u00e9gante bouteille, elle r\u00e9gale le palais et les sens.<\/p>\n<p>Nous vous livrons ici notre eau-de-vie de miel luxembourgeoise 50cl avec un ruban cadeau.<\/p>\n<p>&nbsp;<\/p>\n<p><em>Veuillez noter que la couleur du n\u0153ud cadeau varie en fonction de la disponibilit\u00e9.<\/em><\/p>\n<p><strong><span style=\"font-size: 75%;\">Il faut compter un d\u00e9lai de traitement et d&rsquo;envoi pouvant aller jusqu&rsquo;\u00e0 une semaine. En cas de commande de grandes quantit\u00e9s, ce d\u00e9lai peut \u00eatre prolong\u00e9 d&rsquo;autant.  <\/span><\/strong><\/p>\n<p><span style=\"font-size: 75%;\">Toutes les illustrations sont sous r\u00e9serve de modifications. Les paniers-cadeaux peuvent diff\u00e9rer des illustrations.  <\/span><span style=\"font-size: 75%;\">Nous souhaitons vous informer \u00e0 l&rsquo;avance qu&rsquo;en raison de difficult\u00e9s de livraison impr\u00e9visibles de la part de nos fournisseurs, il est possible que vous deviez passer \u00e0 un mod\u00e8le alternatif de nos paniers-cadeaux. Nous vous assurons que ces mod\u00e8les de remplacement r\u00e9pondront \u00e0 nos exigences de qualit\u00e9 \u00e9lev\u00e9es et \u00e0 vos attentes.<\/span><\/p>\n","protected":false},"excerpt":{"rendered":"<p>Nos paniers-cadeaux exquis &#8211; le cadeau parfait pour toutes les occasions.<\/p>\n","protected":false},"featured_media":15482,"comment_status":"open","ping_status":"closed","template":"","meta":[],"product_brand":[],"product_cat":[588,594,578,178],"product_tag":[],"class_list":{"0":"post-15512","1":"product","2":"type-product","3":"status-publish","4":"has-post-thumbnail","6":"product_cat-de-beiefritz-fr","7":"product_cat-eau-de-vie-au-miel-fr","8":"product_cat-fabrique-au-luxembourg","9":"product_cat-idees-de-cadeaux","11":"first","12":"instock","13":"taxable","14":"shipping-taxable","15":"purchasable","16":"product-type-simple"},"_links":{"self":[{"href":"https:\/\/beiefritz.lu\/fr\/wp-json\/wp\/v2\/product\/15512","targetHints":{"allow":["GET"]}}],"collection":[{"href":"https:\/\/beiefritz.lu\/fr\/wp-json\/wp\/v2\/product"}],"about":[{"href":"https:\/\/beiefritz.lu\/fr\/wp-json\/wp\/v2\/types\/product"}],"replies":[{"embeddable":true,"href":"https:\/\/beiefritz.lu\/fr\/wp-json\/wp\/v2\/comments?post=15512"}],"wp:featuredmedia":[{"embeddable":true,"href":"https:\/\/beiefritz.lu\/fr\/wp-json\/wp\/v2\/media\/15482"}],"wp:attachment":[{"href":"https:\/\/beiefritz.lu\/fr\/wp-json\/wp\/v2\/media?parent=15512"}],"wp:term":[{"taxonomy":"product_brand","embeddable":true,"href":"https:\/\/beiefritz.lu\/fr\/wp-json\/wp\/v2\/product_brand?post=15512"},{"taxonomy":"product_cat","embeddable":true,"href":"https:\/\/beiefritz.lu\/fr\/wp-json\/wp\/v2\/product_cat?post=15512"},{"taxonomy":"product_tag","embeddable":true,"href":"https:\/\/beiefritz.lu\/fr\/wp-json\/wp\/v2\/product_tag?post=15512"}],"curies":[{"name":"wp","href":"https:\/\/api.w.org\/{rel}","templated":true}]}}