{"id":15661,"date":"2024-02-21T22:57:22","date_gmt":"2024-02-21T21:57:22","guid":{"rendered":"https:\/\/www.beiefritz.lu\/shop\/puralp-frischa-beargsea-melange-dherbes-bio\/"},"modified":"2025-09-08T19:52:09","modified_gmt":"2025-09-08T17:52:09","slug":"puralp-frischa-beargsea-melange-dherbes-bio","status":"publish","type":"product","link":"https:\/\/beiefritz.lu\/fr\/produkt\/puralp-frischa-beargsea-melange-dherbes-bio\/","title":{"rendered":"PURALP &#8211; Frischa Beargsea M\u00e9lange d&rsquo;herbes bio"},"content":{"rendered":"<p><b>Lac de montagne Frischa <\/b><b>(en fran\u00e7ais : Lac de montagne frais)<\/b><\/p>\n<p>Il n&rsquo;y a sans doute rien de plus beau que de se rafra\u00eechir dans un lac de montagne froid lors d&rsquo;une randonn\u00e9e en montagne en plein \u00e9t\u00e9. Le trio de menthe compos\u00e9 de menthe pomme, de menthe orange et de menthe poivr\u00e9e dans notre m\u00e9lange de tisanes bio \u00ab\u00a0Frischa Beargsea\u00a0\u00bb garantit un plaisir de th\u00e9 frais et menthol\u00e9. Les fleurs bleues de la mauve sauvage compl\u00e8tent l&rsquo;infusion aromatique aux herbes<br \/>\n.<\/p>\n<p>Notre culture d&rsquo;herbes aromatiques de l&rsquo;Allg\u00e4u est r\u00e9alis\u00e9e avec beaucoup d&rsquo;amour et un travail manuel laborieux selon les directives de \u00ab\u00a0Bioland\u00a0\u00bb.<\/p>\n<p>&nbsp;<\/p>\n<p>Taille de l&#8217;emballage : 25 g<\/p>\n","protected":false},"excerpt":{"rendered":"<p>Lac de montagne Frischa (en fran\u00e7ais : Lac de montagne frais) Il n&rsquo;y a sans doute rien de plus beau que de se rafra\u00eechir dans un lac de montagne froid lors d&rsquo;une randonn\u00e9e en montagne en plein \u00e9t\u00e9. Le trio de menthe compos\u00e9 de menthe pomme, de menthe orange et de menthe poivr\u00e9e dans notre [&#8230;]\n","protected":false},"featured_media":15664,"comment_status":"open","ping_status":"closed","template":"","meta":[],"product_brand":[],"product_cat":[656,581,260],"product_tag":[],"class_list":{"0":"post-15661","1":"product","2":"type-product","3":"status-publish","4":"has-post-thumbnail","6":"product_cat-bio-fr","7":"product_cat-the","8":"product_cat-puralp-fr","10":"first","11":"instock","12":"taxable","13":"shipping-taxable","14":"purchasable","15":"product-type-simple"},"_links":{"self":[{"href":"https:\/\/beiefritz.lu\/fr\/wp-json\/wp\/v2\/product\/15661","targetHints":{"allow":["GET"]}}],"collection":[{"href":"https:\/\/beiefritz.lu\/fr\/wp-json\/wp\/v2\/product"}],"about":[{"href":"https:\/\/beiefritz.lu\/fr\/wp-json\/wp\/v2\/types\/product"}],"replies":[{"embeddable":true,"href":"https:\/\/beiefritz.lu\/fr\/wp-json\/wp\/v2\/comments?post=15661"}],"wp:featuredmedia":[{"embeddable":true,"href":"https:\/\/beiefritz.lu\/fr\/wp-json\/wp\/v2\/media\/15664"}],"wp:attachment":[{"href":"https:\/\/beiefritz.lu\/fr\/wp-json\/wp\/v2\/media?parent=15661"}],"wp:term":[{"taxonomy":"product_brand","embeddable":true,"href":"https:\/\/beiefritz.lu\/fr\/wp-json\/wp\/v2\/product_brand?post=15661"},{"taxonomy":"product_cat","embeddable":true,"href":"https:\/\/beiefritz.lu\/fr\/wp-json\/wp\/v2\/product_cat?post=15661"},{"taxonomy":"product_tag","embeddable":true,"href":"https:\/\/beiefritz.lu\/fr\/wp-json\/wp\/v2\/product_tag?post=15661"}],"curies":[{"name":"wp","href":"https:\/\/api.w.org\/{rel}","templated":true}]}}