{"id":15667,"date":"2025-09-08T20:11:25","date_gmt":"2025-09-08T18:11:25","guid":{"rendered":"https:\/\/www.beiefritz.lu\/?post_type=product&#038;p=15667"},"modified":"2025-09-08T20:11:26","modified_gmt":"2025-09-08T18:11:26","slug":"puralp-alpsummer-melange-de-plantes-bio","status":"publish","type":"product","link":"https:\/\/beiefritz.lu\/fr\/produkt\/puralp-alpsummer-melange-de-plantes-bio\/","title":{"rendered":"PURALP &#8211; \u00ab\u00a0Alpsummer\u00a0\u00bb M\u00e9lange de plantes bio"},"content":{"rendered":"<p><b>\u00c9t\u00e9 alpin <\/b><b>(en allemand : Alpsommer)<\/b><\/p>\n<p>Les herbes aromatiques et les fleurs color\u00e9es de notre tisane bio \u00ab\u00a0Alpsummer\u00a0\u00bb rappellent le parfum des prairies d&rsquo;\u00e9t\u00e9 alpines riches en esp\u00e8ces de l&rsquo;Allg\u00e4u. Cette infusion d&rsquo;herbes cors\u00e9e avec de la m\u00e9lisse fine, de la menthe poivr\u00e9e d\u00e9licieuse, de la sauge \u00e9pic\u00e9e et des fleurs riches en couleurs est un m\u00e9lange harmonieux pour chaque moment de la journ\u00e9e.<\/p>\n<p>Notre culture d&rsquo;herbes aromatiques de l&rsquo;Allg\u00e4u est r\u00e9alis\u00e9e avec beaucoup d&rsquo;amour et un travail manuel laborieux selon les directives de \u00ab\u00a0Bioland\u00a0\u00bb.<\/p>\n<p>&nbsp;<\/p>\n<p>Taille de l&#8217;emballage : 25 g<\/p>\n","protected":false},"excerpt":{"rendered":"<p>\u00c9t\u00e9 alpin (en allemand : Alpsommer) Les herbes aromatiques et les fleurs color\u00e9es de notre tisane bio \u00ab\u00a0Alpsummer\u00a0\u00bb rappellent le parfum des prairies d&rsquo;\u00e9t\u00e9 alpines riches en esp\u00e8ces de l&rsquo;Allg\u00e4u. Cette infusion d&rsquo;herbes cors\u00e9e avec de la m\u00e9lisse fine, de la menthe poivr\u00e9e d\u00e9licieuse, de la sauge \u00e9pic\u00e9e et des fleurs riches en couleurs est [&#8230;]\n","protected":false},"featured_media":15670,"comment_status":"open","ping_status":"closed","template":"","meta":[],"product_brand":[],"product_cat":[656,581,260],"product_tag":[],"class_list":{"0":"post-15667","1":"product","2":"type-product","3":"status-publish","4":"has-post-thumbnail","6":"product_cat-bio-fr","7":"product_cat-the","8":"product_cat-puralp-fr","10":"first","11":"instock","12":"taxable","13":"shipping-taxable","14":"purchasable","15":"product-type-simple"},"_links":{"self":[{"href":"https:\/\/beiefritz.lu\/fr\/wp-json\/wp\/v2\/product\/15667","targetHints":{"allow":["GET"]}}],"collection":[{"href":"https:\/\/beiefritz.lu\/fr\/wp-json\/wp\/v2\/product"}],"about":[{"href":"https:\/\/beiefritz.lu\/fr\/wp-json\/wp\/v2\/types\/product"}],"replies":[{"embeddable":true,"href":"https:\/\/beiefritz.lu\/fr\/wp-json\/wp\/v2\/comments?post=15667"}],"wp:featuredmedia":[{"embeddable":true,"href":"https:\/\/beiefritz.lu\/fr\/wp-json\/wp\/v2\/media\/15670"}],"wp:attachment":[{"href":"https:\/\/beiefritz.lu\/fr\/wp-json\/wp\/v2\/media?parent=15667"}],"wp:term":[{"taxonomy":"product_brand","embeddable":true,"href":"https:\/\/beiefritz.lu\/fr\/wp-json\/wp\/v2\/product_brand?post=15667"},{"taxonomy":"product_cat","embeddable":true,"href":"https:\/\/beiefritz.lu\/fr\/wp-json\/wp\/v2\/product_cat?post=15667"},{"taxonomy":"product_tag","embeddable":true,"href":"https:\/\/beiefritz.lu\/fr\/wp-json\/wp\/v2\/product_tag?post=15667"}],"curies":[{"name":"wp","href":"https:\/\/api.w.org\/{rel}","templated":true}]}}