{"id":15679,"date":"2025-09-08T20:11:27","date_gmt":"2025-09-08T18:11:27","guid":{"rendered":"https:\/\/www.beiefritz.lu\/?post_type=product&#038;p=15679"},"modified":"2025-09-08T20:11:28","modified_gmt":"2025-09-08T18:11:28","slug":"puralp-obedliacht-melange-de-plantes-aromatiques-bio","status":"publish","type":"product","link":"https:\/\/beiefritz.lu\/fr\/produkt\/puralp-obedliacht-melange-de-plantes-aromatiques-bio\/","title":{"rendered":"PURALP &#8211; \u00ab\u00a0Obedliacht\u00a0\u00bb M\u00e9lange de plantes aromatiques bio"},"content":{"rendered":"<p><b>Obedliacht <\/b><b>(en allemand : Abendlicht)<\/b><\/p>\n<p>Apr\u00e8s une journ\u00e9e bien remplie et fatigante, notre m\u00e9lange de tisanes bio \u00ab\u00a0Obedliacht\u00a0\u00bb est exactement ce qu&rsquo;il vous faut. L&rsquo;infusion \u00e9quilibr\u00e9e de m\u00e9lisse citronn\u00e9e odorante, de fleurs de tilleul douces ainsi que de fleurs de lavande et de mauve d\u00e9licates, se d\u00e9guste de pr\u00e9f\u00e9rence une heure avant d&rsquo;aller se coucher.<\/p>\n<p>Notre culture d&rsquo;herbes aromatiques de l&rsquo;Allg\u00e4u est r\u00e9alis\u00e9e avec beaucoup d&rsquo;amour et un travail manuel laborieux selon les directives de \u00ab\u00a0Bioland\u00a0\u00bb.<\/p>\n<p>&nbsp;<\/p>\n<p>Taille de l&#8217;emballage : 25 g<\/p>\n","protected":false},"excerpt":{"rendered":"<p>Obedliacht (en allemand : Abendlicht) Apr\u00e8s une journ\u00e9e bien remplie et fatigante, notre m\u00e9lange de tisanes bio \u00ab\u00a0Obedliacht\u00a0\u00bb est exactement ce qu&rsquo;il vous faut. L&rsquo;infusion \u00e9quilibr\u00e9e de m\u00e9lisse citronn\u00e9e odorante, de fleurs de tilleul douces ainsi que de fleurs de lavande et de mauve d\u00e9licates, se d\u00e9guste de pr\u00e9f\u00e9rence une heure avant d&rsquo;aller se coucher. [&#8230;]\n","protected":false},"featured_media":15682,"comment_status":"open","ping_status":"closed","template":"","meta":[],"product_brand":[],"product_cat":[656,581,260],"product_tag":[],"class_list":{"0":"post-15679","1":"product","2":"type-product","3":"status-publish","4":"has-post-thumbnail","6":"product_cat-bio-fr","7":"product_cat-the","8":"product_cat-puralp-fr","10":"first","11":"instock","12":"taxable","13":"shipping-taxable","14":"purchasable","15":"product-type-simple"},"_links":{"self":[{"href":"https:\/\/beiefritz.lu\/fr\/wp-json\/wp\/v2\/product\/15679","targetHints":{"allow":["GET"]}}],"collection":[{"href":"https:\/\/beiefritz.lu\/fr\/wp-json\/wp\/v2\/product"}],"about":[{"href":"https:\/\/beiefritz.lu\/fr\/wp-json\/wp\/v2\/types\/product"}],"replies":[{"embeddable":true,"href":"https:\/\/beiefritz.lu\/fr\/wp-json\/wp\/v2\/comments?post=15679"}],"wp:featuredmedia":[{"embeddable":true,"href":"https:\/\/beiefritz.lu\/fr\/wp-json\/wp\/v2\/media\/15682"}],"wp:attachment":[{"href":"https:\/\/beiefritz.lu\/fr\/wp-json\/wp\/v2\/media?parent=15679"}],"wp:term":[{"taxonomy":"product_brand","embeddable":true,"href":"https:\/\/beiefritz.lu\/fr\/wp-json\/wp\/v2\/product_brand?post=15679"},{"taxonomy":"product_cat","embeddable":true,"href":"https:\/\/beiefritz.lu\/fr\/wp-json\/wp\/v2\/product_cat?post=15679"},{"taxonomy":"product_tag","embeddable":true,"href":"https:\/\/beiefritz.lu\/fr\/wp-json\/wp\/v2\/product_tag?post=15679"}],"curies":[{"name":"wp","href":"https:\/\/api.w.org\/{rel}","templated":true}]}}