{"id":15685,"date":"2025-09-08T20:11:29","date_gmt":"2025-09-08T18:11:29","guid":{"rendered":"https:\/\/www.beiefritz.lu\/?post_type=product&#038;p=15685"},"modified":"2025-09-08T20:11:31","modified_gmt":"2025-09-08T18:11:31","slug":"puralp-gipfelgrueess-melange-dinfusions-bio-aux-herbes-et-aux-fruits","status":"publish","type":"product","link":"https:\/\/beiefritz.lu\/fr\/produkt\/puralp-gipfelgrueess-melange-dinfusions-bio-aux-herbes-et-aux-fruits\/","title":{"rendered":"PURALP &#8211; \u00ab\u00a0Gipfelgr\u00fce\u00df\u00a0\u00bb M\u00e9lange d&rsquo;infusions bio aux herbes et aux fruits"},"content":{"rendered":"<p><strong>Gipfelgr\u00fce\u00df (en fran\u00e7ais : salut au sommet)<\/strong><\/p>\n<p>L&rsquo;infusion fruit\u00e9e aux herbes \u00ab\u00a0Gipfelgr\u00fce\u00df\u00a0\u00bb est un compagnon savoureux pour les longues randonn\u00e9es \u00e0 ski et en montagne. Il est \u00e9galement excellent rafra\u00eechi comme th\u00e9 glac\u00e9 les jours de grande chaleur. L&rsquo;agr\u00e9able douceur fruit\u00e9e et la fra\u00eecheur de la menthe \u00e0 pomme ainsi que les fleurs de cosmos et de calendula font de cette infusion une exp\u00e9rience gustative color\u00e9e.<\/p>\n<p>Notre culture d&rsquo;herbes aromatiques de l&rsquo;Allg\u00e4u est r\u00e9alis\u00e9e avec beaucoup d&rsquo;amour et un travail manuel laborieux selon les directives de \u00ab\u00a0Bioland\u00a0\u00bb.<\/p>\n<p>&nbsp;<\/p>\n<p>Taille de l&#8217;emballage : 25 g<\/p>\n","protected":false},"excerpt":{"rendered":"<p>Gipfelgr\u00fce\u00df (en fran\u00e7ais : salut au sommet) L&rsquo;infusion fruit\u00e9e aux herbes \u00ab\u00a0Gipfelgr\u00fce\u00df\u00a0\u00bb est un compagnon savoureux pour les longues randonn\u00e9es \u00e0 ski et en montagne. Il est \u00e9galement excellent rafra\u00eechi comme th\u00e9 glac\u00e9 les jours de grande chaleur. L&rsquo;agr\u00e9able douceur fruit\u00e9e et la fra\u00eecheur de la menthe \u00e0 pomme ainsi que les fleurs de cosmos [&#8230;]\n","protected":false},"featured_media":15688,"comment_status":"open","ping_status":"closed","template":"","meta":[],"product_brand":[],"product_cat":[656,581,260],"product_tag":[],"class_list":{"0":"post-15685","1":"product","2":"type-product","3":"status-publish","4":"has-post-thumbnail","6":"product_cat-bio-fr","7":"product_cat-the","8":"product_cat-puralp-fr","10":"first","11":"instock","12":"taxable","13":"shipping-taxable","14":"purchasable","15":"product-type-simple"},"_links":{"self":[{"href":"https:\/\/beiefritz.lu\/fr\/wp-json\/wp\/v2\/product\/15685","targetHints":{"allow":["GET"]}}],"collection":[{"href":"https:\/\/beiefritz.lu\/fr\/wp-json\/wp\/v2\/product"}],"about":[{"href":"https:\/\/beiefritz.lu\/fr\/wp-json\/wp\/v2\/types\/product"}],"replies":[{"embeddable":true,"href":"https:\/\/beiefritz.lu\/fr\/wp-json\/wp\/v2\/comments?post=15685"}],"wp:featuredmedia":[{"embeddable":true,"href":"https:\/\/beiefritz.lu\/fr\/wp-json\/wp\/v2\/media\/15688"}],"wp:attachment":[{"href":"https:\/\/beiefritz.lu\/fr\/wp-json\/wp\/v2\/media?parent=15685"}],"wp:term":[{"taxonomy":"product_brand","embeddable":true,"href":"https:\/\/beiefritz.lu\/fr\/wp-json\/wp\/v2\/product_brand?post=15685"},{"taxonomy":"product_cat","embeddable":true,"href":"https:\/\/beiefritz.lu\/fr\/wp-json\/wp\/v2\/product_cat?post=15685"},{"taxonomy":"product_tag","embeddable":true,"href":"https:\/\/beiefritz.lu\/fr\/wp-json\/wp\/v2\/product_tag?post=15685"}],"curies":[{"name":"wp","href":"https:\/\/api.w.org\/{rel}","templated":true}]}}