{"id":15694,"date":"2025-09-08T20:11:31","date_gmt":"2025-09-08T18:11:31","guid":{"rendered":"https:\/\/www.beiefritz.lu\/shop\/puralp-baume-bio-a-la-propolis-et-au-thym\/"},"modified":"2025-09-08T20:11:33","modified_gmt":"2025-09-08T18:11:33","slug":"puralp-baume-bio-a-la-propolis-et-au-thym","status":"publish","type":"product","link":"https:\/\/beiefritz.lu\/fr\/produkt\/puralp-baume-bio-a-la-propolis-et-au-thym\/","title":{"rendered":"PURALP &#8211; Baume bio \u00e0 la propolis et au thym"},"content":{"rendered":"<h3 data-start=\"201\" data-end=\"269\">Baume bio \u00e0 la propolis et au thym &#8211; des soins naturels pour les jours froids<\/h3>\n<p data-start=\"271\" data-end=\"501\">Notre <strong data-start=\"277\" data-end=\"310\">baume bio \u00e0 la propolis et au thym<\/strong> est <strong data-start=\"317\" data-end=\"331\">apaisant<\/strong>, <strong data-start=\"333\" data-end=\"348\">relaxant<\/strong> et id\u00e9al pour la <strong data-start=\"371\" data-end=\"391\">saison froide<\/strong>. Lorsqu&rsquo;il est frott\u00e9, il stimule la <strong data-start=\"420\" data-end=\"440\">circulation sanguine de la peau<\/strong> et <strong data-start=\"463\" data-end=\"484\">procure un r\u00e9chauffement agr\u00e9able<\/strong> des zones cutan\u00e9es. <\/p>\n<p data-start=\"503\" data-end=\"701\">La combinaison d \u00ab <strong data-start=\"536\" data-end=\"555\">huile de millepertuis de<\/strong> qualit\u00e9 sup\u00e9rieure et d <strong data-start=\"557\" data-end=\"577\"> \u00bb huiles<\/strong> essentielles de <strong data-start=\"582\" data-end=\"601\">thym citronn\u00e9<\/strong>, de <strong data-start=\"603\" data-end=\"619\">pin cembro<\/strong>, de <strong data-start=\"621\" data-end=\"633\">lavande et<\/strong> <strong data-start=\"638\" data-end=\"650\">de romarin<\/strong> produit un effet agr\u00e9able et <strong data-start=\"677\" data-end=\"699\">bienfaisant<\/strong>.<\/p>\n<p data-start=\"703\" data-end=\"958\">Le baume est compl\u00e9t\u00e9 par de <strong data-start=\"734\" data-end=\"761\">la cire d&rsquo;abeille naturelle<\/strong> <strong data-start=\"780\" data-end=\"800\">de qualit\u00e9 biologique<\/strong> certifi\u00e9e &#8211; une <strong data-start=\"815\" data-end=\"831\">source de chaleur<\/strong> douce aux propri\u00e9t\u00e9s soignantes. De plus, l&rsquo;<strong data-start=\"900\" data-end=\"912\">huile de mauve<\/strong> qu&rsquo;il contient renforce l&rsquo;effet apaisant de la <strong data-start=\"945\" data-end=\"957\">propolis<\/strong> sur la peau. <\/p>\n<p data-start=\"960\" data-end=\"1117\">\u2705 Ingr\u00e9dients 100 % naturels<br data-start=\"992\" data-end=\"995\">\u2705 Id\u00e9al pour l&rsquo;hiver, le sport et la d\u00e9tente musculaire<br data-start=\"1042\" data-end=\"1045\">\u2705 Contient de la cire d&rsquo;abeille pr\u00e9cieuse &amp; des huiles bio<br data-start=\"1084\" data-end=\"1087\">\u2705 Sans additifs artificiels<\/p>\n<p data-start=\"1119\" data-end=\"1136\"><strong data-start=\"1119\" data-end=\"1136\">Contenu : 30 ml<\/strong><\/p>\n","protected":false},"excerpt":{"rendered":"<p>Baume bio \u00e0 la propolis et au thym &#8211; des soins naturels pour les jours froids Notre baume bio \u00e0 la propolis et au thym est apaisant, relaxant et id\u00e9al pour la saison froide. Lorsqu&rsquo;il est frott\u00e9, il stimule la circulation sanguine de la peau et procure un r\u00e9chauffement agr\u00e9able des zones cutan\u00e9es. La combinaison [&#8230;]\n","protected":false},"featured_media":15692,"comment_status":"open","ping_status":"closed","template":"","meta":[],"product_brand":[],"product_cat":[659,656,257,260,530],"product_tag":[],"class_list":{"0":"post-15694","1":"product","2":"type-product","3":"status-publish","4":"has-post-thumbnail","6":"product_cat-bien-etre","7":"product_cat-bio-fr","8":"product_cat-nouveau","9":"product_cat-puralp-fr","10":"product_cat-soins-du-corps","12":"first","13":"instock","14":"taxable","15":"shipping-taxable","16":"purchasable","17":"product-type-simple"},"_links":{"self":[{"href":"https:\/\/beiefritz.lu\/fr\/wp-json\/wp\/v2\/product\/15694","targetHints":{"allow":["GET"]}}],"collection":[{"href":"https:\/\/beiefritz.lu\/fr\/wp-json\/wp\/v2\/product"}],"about":[{"href":"https:\/\/beiefritz.lu\/fr\/wp-json\/wp\/v2\/types\/product"}],"replies":[{"embeddable":true,"href":"https:\/\/beiefritz.lu\/fr\/wp-json\/wp\/v2\/comments?post=15694"}],"wp:featuredmedia":[{"embeddable":true,"href":"https:\/\/beiefritz.lu\/fr\/wp-json\/wp\/v2\/media\/15692"}],"wp:attachment":[{"href":"https:\/\/beiefritz.lu\/fr\/wp-json\/wp\/v2\/media?parent=15694"}],"wp:term":[{"taxonomy":"product_brand","embeddable":true,"href":"https:\/\/beiefritz.lu\/fr\/wp-json\/wp\/v2\/product_brand?post=15694"},{"taxonomy":"product_cat","embeddable":true,"href":"https:\/\/beiefritz.lu\/fr\/wp-json\/wp\/v2\/product_cat?post=15694"},{"taxonomy":"product_tag","embeddable":true,"href":"https:\/\/beiefritz.lu\/fr\/wp-json\/wp\/v2\/product_tag?post=15694"}],"curies":[{"name":"wp","href":"https:\/\/api.w.org\/{rel}","templated":true}]}}