{"id":15700,"date":"2025-09-08T20:11:33","date_gmt":"2025-09-08T18:11:33","guid":{"rendered":"https:\/\/www.beiefritz.lu\/shop\/puralp-immun-bio-oxymel\/"},"modified":"2025-09-08T20:11:35","modified_gmt":"2025-09-08T18:11:35","slug":"puralp-immun-bio-oxymel","status":"publish","type":"product","link":"https:\/\/beiefritz.lu\/fr\/produkt\/puralp-immun-bio-oxymel\/","title":{"rendered":"PURALP &#8211; Immun Bio-Oxymel"},"content":{"rendered":"<div>M\u00eame si Oxymel (oxy = acide, Mel = miel) porte d&rsquo;abord un nom inhabituel, il s&rsquo;agit d&rsquo;un \u00e9lixir transmis de g\u00e9n\u00e9ration en g\u00e9n\u00e9ration et d\u00e9j\u00e0 utilis\u00e9 dans l&rsquo;Antiquit\u00e9. Ainsi, on trouve \u00e9galement chez Hildegard von Bingen des recettes et des recommandations d&rsquo;utilisation \u00e9prouv\u00e9es pour Oxymel.<\/div>\n<div><\/div>\n<div>L&rsquo;Immun Bio-Oxymel de PURALP est un \u00e9lixir sp\u00e9cialement con\u00e7u pour le syst\u00e8me immunitaire, c&rsquo;est pourquoi il m\u00e9rite son nom \u00e0 tous \u00e9gards. Seuls des produits apicoles de haute qualit\u00e9, tels que le miel de for\u00eat de l&rsquo;Allg\u00e4u et la propolis provenant d&rsquo;une apiculture \u00e9cologique \u00ab\u00a0Bioland\u00a0\u00bb, sont transform\u00e9s \u00e0 cet effet afin de pr\u00e9server leurs valeurs. En plus des produits apicoles de premi\u00e8re qualit\u00e9, l&rsquo;Immun Bio-Oxymel contient un complexe de 5 herbes de haute qualit\u00e9 (fleurs de tilleul, fleurs de sureau, capucine, thym, fleurs de calendula) issues de notre culture locale. La vitamine C naturelle contribue au fonctionnement normal du syst\u00e8me immunitaire.<\/div>\n<div><\/div>\n<div>Conditionnement : 200 ml<\/div>\n","protected":false},"excerpt":{"rendered":"<p>M\u00eame si Oxymel (oxy = acide, Mel = miel) porte d&rsquo;abord un nom inhabituel, il s&rsquo;agit d&rsquo;un \u00e9lixir transmis de g\u00e9n\u00e9ration en g\u00e9n\u00e9ration et d\u00e9j\u00e0 utilis\u00e9 dans l&rsquo;Antiquit\u00e9. Ainsi, on trouve \u00e9galement chez Hildegard von Bingen des recettes et des recommandations d&rsquo;utilisation \u00e9prouv\u00e9es pour Oxymel. L&rsquo;Immun Bio-Oxymel de PURALP est un \u00e9lixir sp\u00e9cialement con\u00e7u pour [&#8230;]\n","protected":false},"featured_media":15698,"comment_status":"open","ping_status":"closed","template":"","meta":[],"product_brand":[],"product_cat":[656,254,257,260],"product_tag":[],"class_list":{"0":"post-15700","1":"product","2":"type-product","3":"status-publish","4":"has-post-thumbnail","6":"product_cat-bio-fr","7":"product_cat-complement-alimentaire","8":"product_cat-nouveau","9":"product_cat-puralp-fr","11":"first","12":"instock","13":"taxable","14":"shipping-taxable","15":"purchasable","16":"product-type-simple"},"_links":{"self":[{"href":"https:\/\/beiefritz.lu\/fr\/wp-json\/wp\/v2\/product\/15700","targetHints":{"allow":["GET"]}}],"collection":[{"href":"https:\/\/beiefritz.lu\/fr\/wp-json\/wp\/v2\/product"}],"about":[{"href":"https:\/\/beiefritz.lu\/fr\/wp-json\/wp\/v2\/types\/product"}],"replies":[{"embeddable":true,"href":"https:\/\/beiefritz.lu\/fr\/wp-json\/wp\/v2\/comments?post=15700"}],"wp:featuredmedia":[{"embeddable":true,"href":"https:\/\/beiefritz.lu\/fr\/wp-json\/wp\/v2\/media\/15698"}],"wp:attachment":[{"href":"https:\/\/beiefritz.lu\/fr\/wp-json\/wp\/v2\/media?parent=15700"}],"wp:term":[{"taxonomy":"product_brand","embeddable":true,"href":"https:\/\/beiefritz.lu\/fr\/wp-json\/wp\/v2\/product_brand?post=15700"},{"taxonomy":"product_cat","embeddable":true,"href":"https:\/\/beiefritz.lu\/fr\/wp-json\/wp\/v2\/product_cat?post=15700"},{"taxonomy":"product_tag","embeddable":true,"href":"https:\/\/beiefritz.lu\/fr\/wp-json\/wp\/v2\/product_tag?post=15700"}],"curies":[{"name":"wp","href":"https:\/\/api.w.org\/{rel}","templated":true}]}}