{"id":15709,"date":"2025-09-08T20:11:35","date_gmt":"2025-09-08T18:11:35","guid":{"rendered":"https:\/\/www.beiefritz.lu\/shop\/puralp-huile-corporelle-bio-a-la-mauve-sauvage-et-a-la-lavande\/"},"modified":"2025-09-08T20:11:37","modified_gmt":"2025-09-08T18:11:37","slug":"puralp-huile-corporelle-bio-a-la-mauve-sauvage-et-a-la-lavande","status":"publish","type":"product","link":"https:\/\/beiefritz.lu\/fr\/produkt\/puralp-huile-corporelle-bio-a-la-mauve-sauvage-et-a-la-lavande\/","title":{"rendered":"PURALP &#8211; Huile corporelle bio \u00e0 la mauve sauvage et \u00e0 la lavande"},"content":{"rendered":"<p>L&rsquo;huile corporelle bio apaisante Mauve sauvage &amp; Lavande est particuli\u00e8rement adapt\u00e9e aux types de peau sensibles gr\u00e2ce \u00e0 des extraits d&rsquo;huile de fleurs de calendula et de mauve apaisantes pr\u00e9par\u00e9s avec m\u00e9nagement. L&rsquo;extrait de fleurs de calendula qu&rsquo;il contient a une teneur \u00e9lev\u00e9e en carot\u00e9no\u00efdes et peut ainsi favoriser la capacit\u00e9 de r\u00e9g\u00e9n\u00e9ration des peaux irrit\u00e9es, rouges et enflamm\u00e9es. Les substances douces et soignantes de l&rsquo;huile de mauve sauvage et de l&rsquo;huile de graines de cynorrhodon procurent une sensation agr\u00e9able sur la peau. Les huiles de lavande et de romarin ont un effet relaxant global sur la peau et les sens. En raison de ses excellentes propri\u00e9t\u00e9s lubrifiantes, cette huile est \u00e9galement particuli\u00e8rement adapt\u00e9e aux massages.  &nbsp;  Conditionnement : 100 ml<\/p>\n","protected":false},"excerpt":{"rendered":"<p>L&rsquo;huile corporelle bio apaisante Mauve sauvage &amp; Lavande est particuli\u00e8rement adapt\u00e9e aux types de peau sensibles gr\u00e2ce \u00e0 des extraits d&rsquo;huile de fleurs de calendula et de mauve apaisantes pr\u00e9par\u00e9s avec m\u00e9nagement. L&rsquo;extrait de fleurs de calendula qu&rsquo;il contient a une teneur \u00e9lev\u00e9e en carot\u00e9no\u00efdes et peut ainsi favoriser la capacit\u00e9 de r\u00e9g\u00e9n\u00e9ration des peaux [&#8230;]\n","protected":false},"featured_media":15706,"comment_status":"open","ping_status":"closed","template":"","meta":[],"product_brand":[],"product_cat":[659,656,257,260,530],"product_tag":[],"class_list":{"0":"post-15709","1":"product","2":"type-product","3":"status-publish","4":"has-post-thumbnail","6":"product_cat-bien-etre","7":"product_cat-bio-fr","8":"product_cat-nouveau","9":"product_cat-puralp-fr","10":"product_cat-soins-du-corps","12":"first","13":"instock","14":"taxable","15":"shipping-taxable","16":"purchasable","17":"product-type-simple"},"_links":{"self":[{"href":"https:\/\/beiefritz.lu\/fr\/wp-json\/wp\/v2\/product\/15709","targetHints":{"allow":["GET"]}}],"collection":[{"href":"https:\/\/beiefritz.lu\/fr\/wp-json\/wp\/v2\/product"}],"about":[{"href":"https:\/\/beiefritz.lu\/fr\/wp-json\/wp\/v2\/types\/product"}],"replies":[{"embeddable":true,"href":"https:\/\/beiefritz.lu\/fr\/wp-json\/wp\/v2\/comments?post=15709"}],"wp:featuredmedia":[{"embeddable":true,"href":"https:\/\/beiefritz.lu\/fr\/wp-json\/wp\/v2\/media\/15706"}],"wp:attachment":[{"href":"https:\/\/beiefritz.lu\/fr\/wp-json\/wp\/v2\/media?parent=15709"}],"wp:term":[{"taxonomy":"product_brand","embeddable":true,"href":"https:\/\/beiefritz.lu\/fr\/wp-json\/wp\/v2\/product_brand?post=15709"},{"taxonomy":"product_cat","embeddable":true,"href":"https:\/\/beiefritz.lu\/fr\/wp-json\/wp\/v2\/product_cat?post=15709"},{"taxonomy":"product_tag","embeddable":true,"href":"https:\/\/beiefritz.lu\/fr\/wp-json\/wp\/v2\/product_tag?post=15709"}],"curies":[{"name":"wp","href":"https:\/\/api.w.org\/{rel}","templated":true}]}}