{"id":15718,"date":"2025-09-08T20:11:37","date_gmt":"2025-09-08T18:11:37","guid":{"rendered":"https:\/\/www.beiefritz.lu\/shop\/chiffon-eponge-naturel-gris\/"},"modified":"2025-09-08T20:11:39","modified_gmt":"2025-09-08T18:11:39","slug":"chiffon-eponge-naturel-gris","status":"publish","type":"product","link":"https:\/\/beiefritz.lu\/fr\/produkt\/chiffon-eponge-naturel-gris\/","title":{"rendered":"Chiffon \u00e9ponge naturel &#8211; Gris"},"content":{"rendered":"<div class=\"woocommerce-tabs wc-tabs-wrapper\">\n<div id=\"tab-description\" class=\"woocommerce-Tabs-panel woocommerce-Tabs-panel--description panel entry-content wc-tab\" role=\"tabpanel\" aria-labelledby=\"tab-title-description\">\n<p>Tu veux garder ta cuisine propre et sans plastique ? Alors notre linge \u00e9ponge \u00e9cologique est exactement ce qu&rsquo;il te faut.<\/p>\n<p>L&rsquo;\u00e9ponge est compos\u00e9e \u00e0 70% de bois-cellulose et \u00e0 30% de coton et est donc 100% sans plastique. Les lingettes \u00e9ponges sont tr\u00e8s absorbantes et ne peluchent pas. Comme le chiffon pour \u00e9ponge est lavable et passe au lave-vaisselle, tu pourras toujours le nettoyer. La neutralit\u00e9 de l&rsquo;\u00e9ponge \u00e9cologique donne \u00e0 ta cuisine un aspect \u00e9blouissant et constitue un cadeau id\u00e9al pour tout h\u00e9ros de l&rsquo;environnement.<\/p>\n<\/div>\n<\/div>\n","protected":false},"excerpt":{"rendered":"<h3><strong>Lingettes \u00e9ponges naturelles pour la cuisine<\/strong><\/h3>\n<ul>\n<li>est compos\u00e9 \u00e0 70% de bois-cellulose et \u00e0 30% de coton et est donc 100% sans plastique !<\/li>\n<li>lavable et r\u00e9sistant au lave-vaisselle jusqu&rsquo;\u00e0 95\u00b0C<\/li>\n<li>fabriqu\u00e9 en Allemagne<\/li>\n<li>compostable dans le compost domestique<\/li>\n<li>Format : 170 x 195 mm<\/li>\n<\/ul>\n","protected":false},"featured_media":15712,"comment_status":"open","ping_status":"closed","template":"","meta":[],"product_brand":[],"product_cat":[496],"product_tag":[],"class_list":{"0":"post-15718","1":"product","2":"type-product","3":"status-publish","4":"has-post-thumbnail","6":"product_cat-zero-dechet","8":"first","9":"instock","10":"taxable","11":"shipping-taxable","12":"purchasable","13":"product-type-simple"},"_links":{"self":[{"href":"https:\/\/beiefritz.lu\/fr\/wp-json\/wp\/v2\/product\/15718","targetHints":{"allow":["GET"]}}],"collection":[{"href":"https:\/\/beiefritz.lu\/fr\/wp-json\/wp\/v2\/product"}],"about":[{"href":"https:\/\/beiefritz.lu\/fr\/wp-json\/wp\/v2\/types\/product"}],"replies":[{"embeddable":true,"href":"https:\/\/beiefritz.lu\/fr\/wp-json\/wp\/v2\/comments?post=15718"}],"wp:featuredmedia":[{"embeddable":true,"href":"https:\/\/beiefritz.lu\/fr\/wp-json\/wp\/v2\/media\/15712"}],"wp:attachment":[{"href":"https:\/\/beiefritz.lu\/fr\/wp-json\/wp\/v2\/media?parent=15718"}],"wp:term":[{"taxonomy":"product_brand","embeddable":true,"href":"https:\/\/beiefritz.lu\/fr\/wp-json\/wp\/v2\/product_brand?post=15718"},{"taxonomy":"product_cat","embeddable":true,"href":"https:\/\/beiefritz.lu\/fr\/wp-json\/wp\/v2\/product_cat?post=15718"},{"taxonomy":"product_tag","embeddable":true,"href":"https:\/\/beiefritz.lu\/fr\/wp-json\/wp\/v2\/product_tag?post=15718"}],"curies":[{"name":"wp","href":"https:\/\/api.w.org\/{rel}","templated":true}]}}