{"id":16174,"date":"2025-09-08T19:18:44","date_gmt":"2025-09-08T17:18:44","guid":{"rendered":"https:\/\/www.beiefritz.lu\/?post_type=product&#038;p=16174"},"modified":"2025-09-08T19:18:46","modified_gmt":"2025-09-08T17:18:46","slug":"little-bee-fresh-lot-de-2-lingettes-bio-a-la-cire-dabeille-lila-daisy-kopie","status":"publish","type":"product","link":"https:\/\/beiefritz.lu\/fr\/produkt\/little-bee-fresh-lot-de-2-lingettes-bio-a-la-cire-dabeille-lila-daisy-kopie\/","title":{"rendered":"LITTLE BEE FRESH &#8211; Lot de 2 lingettes bio \u00e0 la cire d&rsquo;abeille &#8211; Swirly Eye"},"content":{"rendered":"<h2><strong>Set id\u00e9al \u00e0 prix avantageux, \u00e9galement comme cadeau, avec lequel tu peux emballer diff\u00e9rents aliments !<\/strong><\/h2>\n<p><strong>Taille :<\/strong> Lot de 2 | 1x 20 x 20 cm, 30 x 20 cm chacun<\/p>\n<p><strong>Mati\u00e8res premi\u00e8res :<\/strong> coton bio, cire d&rsquo;abeille bio, r\u00e9sine d&rsquo;arbre<\/p>\n<p><strong>Tes avantages :<\/strong><\/p>\n<ul>\n<li>la cire d&rsquo;abeille conserve tes aliments environ deux fois plus longtemps<\/li>\n<li>la meilleure alternative au film alimentaire<\/li>\n<li>tu peux emballer tes aliments sans plastique<\/li>\n<li>dure 1 \u00e0 2 ans<\/li>\n<\/ul>\n<p>&nbsp;<\/p>\n<p><strong>Au revoir le plastique : <\/strong>au lieu d&rsquo;utiliser du film alimentaire en plastique ou du papier aluminium, tu peux emballer tes aliments et recouvrir les bols avec des tissus de cire d&rsquo;abeille bio fabriqu\u00e9s \u00e0 partir de mati\u00e8res premi\u00e8res bio. Gr\u00e2ce aux propri\u00e9t\u00e9s antibact\u00e9riennes de la cire d&rsquo;abeille bio, tes aliments restent m\u00eame <strong>frais plus longtemps<\/strong>.<\/p>\n<p><strong>R\u00e9utilisable :<\/strong> si elle est bien entretenue, ta serviette en cire d&rsquo;abeille t&rsquo;accompagnera pendant 1 \u00e0 2 ans. Et accessoirement, tu mets plus de couleur dans ton frigo avec les lingettes !<\/p>\n<p><strong>Fait \u00e0 la main en Allemagne : <\/strong>nous fabriquons les foulards \u00e0 la main avec beaucoup d&rsquo;amour dans notre manufacture au bord du lac de Constance.<\/p>\n","protected":false},"excerpt":{"rendered":"<p><strong>Taille :<\/strong> lot de 2 | 1x 20 x 20 cm, 30 x 20 cm de chaque<\/p>\n<p><strong>Mati\u00e8res premi\u00e8res :<\/strong> coton bio, cire d&rsquo;abeille bio, r\u00e9sine d&rsquo;arbre<\/p>\n","protected":false},"featured_media":16207,"comment_status":"open","ping_status":"closed","template":"","meta":[],"product_brand":[],"product_cat":[539,497],"product_tag":[],"class_list":{"0":"post-16174","1":"product","2":"type-product","3":"status-publish","4":"has-post-thumbnail","6":"product_cat-lingette-de-cire-dabeille-kit-de-demarrage","7":"product_cat-lingettes-de-cire-dabeille","9":"first","10":"instock","11":"taxable","12":"shipping-taxable","13":"purchasable","14":"product-type-simple"},"_links":{"self":[{"href":"https:\/\/beiefritz.lu\/fr\/wp-json\/wp\/v2\/product\/16174","targetHints":{"allow":["GET"]}}],"collection":[{"href":"https:\/\/beiefritz.lu\/fr\/wp-json\/wp\/v2\/product"}],"about":[{"href":"https:\/\/beiefritz.lu\/fr\/wp-json\/wp\/v2\/types\/product"}],"replies":[{"embeddable":true,"href":"https:\/\/beiefritz.lu\/fr\/wp-json\/wp\/v2\/comments?post=16174"}],"wp:featuredmedia":[{"embeddable":true,"href":"https:\/\/beiefritz.lu\/fr\/wp-json\/wp\/v2\/media\/16207"}],"wp:attachment":[{"href":"https:\/\/beiefritz.lu\/fr\/wp-json\/wp\/v2\/media?parent=16174"}],"wp:term":[{"taxonomy":"product_brand","embeddable":true,"href":"https:\/\/beiefritz.lu\/fr\/wp-json\/wp\/v2\/product_brand?post=16174"},{"taxonomy":"product_cat","embeddable":true,"href":"https:\/\/beiefritz.lu\/fr\/wp-json\/wp\/v2\/product_cat?post=16174"},{"taxonomy":"product_tag","embeddable":true,"href":"https:\/\/beiefritz.lu\/fr\/wp-json\/wp\/v2\/product_tag?post=16174"}],"curies":[{"name":"wp","href":"https:\/\/api.w.org\/{rel}","templated":true}]}}