{"id":16253,"date":"2025-09-08T20:11:41","date_gmt":"2025-09-08T18:11:41","guid":{"rendered":"https:\/\/www.beiefritz.lu\/shop\/de-beiefritz-pochette-cadeau-merry-christmas\/"},"modified":"2025-09-08T20:11:43","modified_gmt":"2025-09-08T18:11:43","slug":"de-beiefritz-pochette-cadeau-merry-christmas","status":"publish","type":"product","link":"https:\/\/beiefritz.lu\/fr\/produkt\/de-beiefritz-pochette-cadeau-merry-christmas\/","title":{"rendered":"DE BEIEFRITZ &#8211; Sac cadeau \u00ab\u00a0Merry Christmas\u00a0\u00bb vert"},"content":{"rendered":"<p><strong>Dimensions (L x l x P) :<\/strong> 41,5 x 30 x 12 cm<\/p>\n<p>Le sac cadeau \u00ab\u00a0Merry Christmas\u00a0\u00bb est la solution d&#8217;emballage parfaite pour pr\u00e9senter vos cadeaux de No\u00ebl avec style. Ce sac-cadeau de qualit\u00e9 sup\u00e9rieure est d\u00e9cor\u00e9 d&rsquo;un motif festif \u00ab\u00a0Merry Christmas\u00a0\u00bb qui refl\u00e8te parfaitement l&rsquo;ambiance festive des f\u00eates de fin d&rsquo;ann\u00e9e. Fabriqu\u00e9 en papier r\u00e9sistant et dot\u00e9 de poign\u00e9es solides, ce sac offre non seulement un aspect attrayant, mais aussi une utilisation pratique. Donnez \u00e0 vos cadeaux ce petit plus et r\u00e9pandez la joie avec le sac cadeau \u00ab\u00a0Merry Christmas\u00a0\u00bb.<\/p>\n","protected":false},"excerpt":{"rendered":"<p>Dimensions (L x l x P) : 41,5 x 30 x 12 cm Le sac cadeau \u00ab\u00a0Merry Christmas\u00a0\u00bb est la solution d&#8217;emballage parfaite pour pr\u00e9senter vos cadeaux de No\u00ebl avec style. Ce sac-cadeau de qualit\u00e9 sup\u00e9rieure est d\u00e9cor\u00e9 d&rsquo;un motif festif \u00ab\u00a0Merry Christmas\u00a0\u00bb qui refl\u00e8te parfaitement l&rsquo;ambiance festive des f\u00eates de fin d&rsquo;ann\u00e9e. Fabriqu\u00e9 en [&#8230;]\n","protected":false},"featured_media":16243,"comment_status":"open","ping_status":"closed","template":"","meta":[],"product_brand":[],"product_cat":[605],"product_tag":[],"class_list":{"0":"post-16253","1":"product","2":"type-product","3":"status-publish","4":"has-post-thumbnail","6":"product_cat-pochettes-cadeaux","8":"first","9":"instock","10":"taxable","11":"shipping-taxable","12":"purchasable","13":"product-type-simple"},"_links":{"self":[{"href":"https:\/\/beiefritz.lu\/fr\/wp-json\/wp\/v2\/product\/16253","targetHints":{"allow":["GET"]}}],"collection":[{"href":"https:\/\/beiefritz.lu\/fr\/wp-json\/wp\/v2\/product"}],"about":[{"href":"https:\/\/beiefritz.lu\/fr\/wp-json\/wp\/v2\/types\/product"}],"replies":[{"embeddable":true,"href":"https:\/\/beiefritz.lu\/fr\/wp-json\/wp\/v2\/comments?post=16253"}],"wp:featuredmedia":[{"embeddable":true,"href":"https:\/\/beiefritz.lu\/fr\/wp-json\/wp\/v2\/media\/16243"}],"wp:attachment":[{"href":"https:\/\/beiefritz.lu\/fr\/wp-json\/wp\/v2\/media?parent=16253"}],"wp:term":[{"taxonomy":"product_brand","embeddable":true,"href":"https:\/\/beiefritz.lu\/fr\/wp-json\/wp\/v2\/product_brand?post=16253"},{"taxonomy":"product_cat","embeddable":true,"href":"https:\/\/beiefritz.lu\/fr\/wp-json\/wp\/v2\/product_cat?post=16253"},{"taxonomy":"product_tag","embeddable":true,"href":"https:\/\/beiefritz.lu\/fr\/wp-json\/wp\/v2\/product_tag?post=16253"}],"curies":[{"name":"wp","href":"https:\/\/api.w.org\/{rel}","templated":true}]}}