{"id":16258,"date":"2025-09-08T20:11:45","date_gmt":"2025-09-08T18:11:45","guid":{"rendered":"https:\/\/www.beiefritz.lu\/shop\/de-beiefritz-pochette-cadeau-pere-noel\/"},"modified":"2025-09-08T20:11:47","modified_gmt":"2025-09-08T18:11:47","slug":"de-beiefritz-pochette-cadeau-pere-noel","status":"publish","type":"product","link":"https:\/\/beiefritz.lu\/fr\/produkt\/de-beiefritz-pochette-cadeau-pere-noel\/","title":{"rendered":"DE BEIEFRITZ &#8211; Pochette cadeau \u00ab\u00a0P\u00e8re No\u00ebl"},"content":{"rendered":"<p><strong>Dimensions (L x l x P) :<\/strong> env. 32 x 26 x 10 cm<\/p>\n<p>Le sac cadeau \u00ab\u00a0P\u00e8re No\u00ebl\u00a0\u00bb est la solution d&#8217;emballage parfaite pour pr\u00e9senter vos cadeaux de No\u00ebl avec style. Ce sac cadeau de qualit\u00e9 sup\u00e9rieure est d\u00e9cor\u00e9 d&rsquo;un design festif qui refl\u00e8te parfaitement l&rsquo;ambiance festive des f\u00eates de fin d&rsquo;ann\u00e9e. Fabriqu\u00e9 en papier r\u00e9sistant et dot\u00e9 de poign\u00e9es solides, ce sac offre non seulement un aspect attrayant, mais aussi une utilisation pratique. Une discr\u00e8te touche de paillettes donne au sac cadeau un \u00e9clat festif qui en fait un point de mire \u00e0 chaque f\u00eate de No\u00ebl. Donnez \u00e0 vos cadeaux ce petit plus et r\u00e9pandez la joie avec le sac cadeau \u00ab\u00a0P\u00e8re No\u00ebl\u00a0\u00bb.<\/p>\n<p>&nbsp;<\/p>\n<p>&nbsp;<\/p>\n","protected":false},"excerpt":{"rendered":"<p>Dimensions (L x l x P) : env. 32 x 26 x 10 cm Le sac cadeau \u00ab\u00a0P\u00e8re No\u00ebl\u00a0\u00bb est la solution d&#8217;emballage parfaite pour pr\u00e9senter vos cadeaux de No\u00ebl avec style. Ce sac cadeau de qualit\u00e9 sup\u00e9rieure est d\u00e9cor\u00e9 d&rsquo;un design festif qui refl\u00e8te parfaitement l&rsquo;ambiance festive des f\u00eates de fin d&rsquo;ann\u00e9e. Fabriqu\u00e9 en [&#8230;]\n","protected":false},"featured_media":16246,"comment_status":"open","ping_status":"closed","template":"","meta":[],"product_brand":[],"product_cat":[605],"product_tag":[],"class_list":{"0":"post-16258","1":"product","2":"type-product","3":"status-publish","4":"has-post-thumbnail","6":"product_cat-pochettes-cadeaux","8":"first","9":"instock","10":"taxable","11":"shipping-taxable","12":"purchasable","13":"product-type-simple"},"_links":{"self":[{"href":"https:\/\/beiefritz.lu\/fr\/wp-json\/wp\/v2\/product\/16258","targetHints":{"allow":["GET"]}}],"collection":[{"href":"https:\/\/beiefritz.lu\/fr\/wp-json\/wp\/v2\/product"}],"about":[{"href":"https:\/\/beiefritz.lu\/fr\/wp-json\/wp\/v2\/types\/product"}],"replies":[{"embeddable":true,"href":"https:\/\/beiefritz.lu\/fr\/wp-json\/wp\/v2\/comments?post=16258"}],"wp:featuredmedia":[{"embeddable":true,"href":"https:\/\/beiefritz.lu\/fr\/wp-json\/wp\/v2\/media\/16246"}],"wp:attachment":[{"href":"https:\/\/beiefritz.lu\/fr\/wp-json\/wp\/v2\/media?parent=16258"}],"wp:term":[{"taxonomy":"product_brand","embeddable":true,"href":"https:\/\/beiefritz.lu\/fr\/wp-json\/wp\/v2\/product_brand?post=16258"},{"taxonomy":"product_cat","embeddable":true,"href":"https:\/\/beiefritz.lu\/fr\/wp-json\/wp\/v2\/product_cat?post=16258"},{"taxonomy":"product_tag","embeddable":true,"href":"https:\/\/beiefritz.lu\/fr\/wp-json\/wp\/v2\/product_tag?post=16258"}],"curies":[{"name":"wp","href":"https:\/\/api.w.org\/{rel}","templated":true}]}}