{"id":16264,"date":"2025-09-08T20:11:47","date_gmt":"2025-09-08T18:11:47","guid":{"rendered":"https:\/\/www.beiefritz.lu\/shop\/de-beiefritz-pochette-cadeau-noel\/"},"modified":"2025-09-08T20:11:49","modified_gmt":"2025-09-08T18:11:49","slug":"de-beiefritz-pochette-cadeau-noel","status":"publish","type":"product","link":"https:\/\/beiefritz.lu\/fr\/produkt\/de-beiefritz-pochette-cadeau-noel\/","title":{"rendered":"DE BEIEFRITZ &#8211; Pochette cadeau \u00ab\u00a0No\u00ebl"},"content":{"rendered":"<p><strong>Dimensions (LxlxP) :<\/strong> environ 36 x 32 x 13 cm<\/p>\n<p>Le sac cadeau \u00ab\u00a0No\u00ebl\u00a0\u00bb est la solution d&#8217;emballage parfaite pour pr\u00e9senter vos cadeaux de No\u00ebl avec style. Ce sac cadeau de qualit\u00e9 sup\u00e9rieure est d\u00e9cor\u00e9 d&rsquo;un design festif qui refl\u00e8te parfaitement l&rsquo;ambiance festive des f\u00eates de fin d&rsquo;ann\u00e9e. Fabriqu\u00e9 en papier r\u00e9sistant et dot\u00e9 de poign\u00e9es solides, ce sac offre non seulement un aspect attrayant, mais aussi une utilisation pratique. Donnez \u00e0 vos cadeaux ce petit plus et r\u00e9pandez la joie avec le sac cadeau \u00ab\u00a0No\u00ebl\u00a0\u00bb.<\/p>\n<p>&nbsp;<\/p>\n<p>&nbsp;<\/p>\n","protected":false},"excerpt":{"rendered":"<p>Dimensions (LxlxP) : environ 36 x 32 x 13 cm Le sac cadeau \u00ab\u00a0No\u00ebl\u00a0\u00bb est la solution d&#8217;emballage parfaite pour pr\u00e9senter vos cadeaux de No\u00ebl avec style. Ce sac cadeau de qualit\u00e9 sup\u00e9rieure est d\u00e9cor\u00e9 d&rsquo;un design festif qui refl\u00e8te parfaitement l&rsquo;ambiance festive des f\u00eates de fin d&rsquo;ann\u00e9e. Fabriqu\u00e9 en papier r\u00e9sistant et dot\u00e9 de [&#8230;]\n","protected":false},"featured_media":16261,"comment_status":"open","ping_status":"closed","template":"","meta":[],"product_brand":[],"product_cat":[605],"product_tag":[],"class_list":{"0":"post-16264","1":"product","2":"type-product","3":"status-publish","4":"has-post-thumbnail","6":"product_cat-pochettes-cadeaux","8":"first","9":"instock","10":"taxable","11":"shipping-taxable","12":"purchasable","13":"product-type-simple"},"_links":{"self":[{"href":"https:\/\/beiefritz.lu\/fr\/wp-json\/wp\/v2\/product\/16264","targetHints":{"allow":["GET"]}}],"collection":[{"href":"https:\/\/beiefritz.lu\/fr\/wp-json\/wp\/v2\/product"}],"about":[{"href":"https:\/\/beiefritz.lu\/fr\/wp-json\/wp\/v2\/types\/product"}],"replies":[{"embeddable":true,"href":"https:\/\/beiefritz.lu\/fr\/wp-json\/wp\/v2\/comments?post=16264"}],"wp:featuredmedia":[{"embeddable":true,"href":"https:\/\/beiefritz.lu\/fr\/wp-json\/wp\/v2\/media\/16261"}],"wp:attachment":[{"href":"https:\/\/beiefritz.lu\/fr\/wp-json\/wp\/v2\/media?parent=16264"}],"wp:term":[{"taxonomy":"product_brand","embeddable":true,"href":"https:\/\/beiefritz.lu\/fr\/wp-json\/wp\/v2\/product_brand?post=16264"},{"taxonomy":"product_cat","embeddable":true,"href":"https:\/\/beiefritz.lu\/fr\/wp-json\/wp\/v2\/product_cat?post=16264"},{"taxonomy":"product_tag","embeddable":true,"href":"https:\/\/beiefritz.lu\/fr\/wp-json\/wp\/v2\/product_tag?post=16264"}],"curies":[{"name":"wp","href":"https:\/\/api.w.org\/{rel}","templated":true}]}}