{"id":16266,"date":"2025-09-08T20:11:49","date_gmt":"2025-09-08T18:11:49","guid":{"rendered":"https:\/\/www.beiefritz.lu\/shop\/de-beiefritz-petit-sac-cadeau-vert\/"},"modified":"2025-09-08T20:11:51","modified_gmt":"2025-09-08T18:11:51","slug":"de-beiefritz-petit-sac-cadeau-vert","status":"publish","type":"product","link":"https:\/\/beiefritz.lu\/fr\/produkt\/de-beiefritz-petit-sac-cadeau-vert\/","title":{"rendered":"DE BEIEFRITZ &#8211; petit sac cadeau &#8211; vert"},"content":{"rendered":"<p>Sac cadeau vert avec cordelette brune en coton torsad\u00e9. Le sac en papier a un toucher \u00e9l\u00e9gant et conf\u00e8re \u00e0 vos cadeaux une touche d&rsquo;exclusivit\u00e9.<\/p>\n<p>Version : sac cadeau avec renfort en carton dans la couverture et le fond<br \/>\nCouleur : vert<br \/>\nFormat : L160 x P160 x H180mm<br \/>\nMat\u00e9riau : papier kraft brun 200g\/m\u00b2<br \/>\nPoign\u00e9e : naturel cordelette brune, 100% coton<\/p>\n<p>&nbsp;<\/p>\n<p>&nbsp;<\/p>\n","protected":false},"excerpt":{"rendered":"<p>Sac cadeau vert avec cordelette brune en coton torsad\u00e9. Le sac en papier a un toucher \u00e9l\u00e9gant et conf\u00e8re \u00e0 vos cadeaux une touche d&rsquo;exclusivit\u00e9. Version : sac cadeau avec renfort en carton dans la couverture et le fond Couleur : vert Format : L160 x P160 x H180mm Mat\u00e9riau : papier kraft brun 200g\/m\u00b2 [&#8230;]\n","protected":false},"featured_media":16270,"comment_status":"open","ping_status":"closed","template":"","meta":[],"product_brand":[],"product_cat":[605],"product_tag":[],"class_list":{"0":"post-16266","1":"product","2":"type-product","3":"status-publish","4":"has-post-thumbnail","6":"product_cat-pochettes-cadeaux","8":"first","9":"instock","10":"taxable","11":"shipping-taxable","12":"purchasable","13":"product-type-simple"},"_links":{"self":[{"href":"https:\/\/beiefritz.lu\/fr\/wp-json\/wp\/v2\/product\/16266","targetHints":{"allow":["GET"]}}],"collection":[{"href":"https:\/\/beiefritz.lu\/fr\/wp-json\/wp\/v2\/product"}],"about":[{"href":"https:\/\/beiefritz.lu\/fr\/wp-json\/wp\/v2\/types\/product"}],"replies":[{"embeddable":true,"href":"https:\/\/beiefritz.lu\/fr\/wp-json\/wp\/v2\/comments?post=16266"}],"wp:featuredmedia":[{"embeddable":true,"href":"https:\/\/beiefritz.lu\/fr\/wp-json\/wp\/v2\/media\/16270"}],"wp:attachment":[{"href":"https:\/\/beiefritz.lu\/fr\/wp-json\/wp\/v2\/media?parent=16266"}],"wp:term":[{"taxonomy":"product_brand","embeddable":true,"href":"https:\/\/beiefritz.lu\/fr\/wp-json\/wp\/v2\/product_brand?post=16266"},{"taxonomy":"product_cat","embeddable":true,"href":"https:\/\/beiefritz.lu\/fr\/wp-json\/wp\/v2\/product_cat?post=16266"},{"taxonomy":"product_tag","embeddable":true,"href":"https:\/\/beiefritz.lu\/fr\/wp-json\/wp\/v2\/product_tag?post=16266"}],"curies":[{"name":"wp","href":"https:\/\/api.w.org\/{rel}","templated":true}]}}