{"id":16273,"date":"2025-09-08T20:11:51","date_gmt":"2025-09-08T18:11:51","guid":{"rendered":"https:\/\/www.beiefritz.lu\/?post_type=product&#038;p=16273"},"modified":"2025-09-08T20:11:53","modified_gmt":"2025-09-08T18:11:53","slug":"de-beiefritz-petit-sac-cadeau-vert-kopie","status":"publish","type":"product","link":"https:\/\/beiefritz.lu\/fr\/produkt\/de-beiefritz-petit-sac-cadeau-vert-kopie\/","title":{"rendered":"DE BEIEFRITZ &#8211; petit sac cadeau &#8211; rouge"},"content":{"rendered":"<p>Sac cadeau rouge avec cordelette brune en coton torsad\u00e9. Le sac en papier a un toucher \u00e9l\u00e9gant et conf\u00e8re \u00e0 vos cadeaux une touche d&rsquo;exclusivit\u00e9.<\/p>\n<p>Version : sac cadeau avec renfort en carton dans la couverture et le fond<br \/>\nCouleur : rouge<br \/>\nFormat : L160 x P160 x H180mm<br \/>\nMat\u00e9riau : papier kraft brun 200g\/m\u00b2<br \/>\nPoign\u00e9e : naturel cordelette brune, 100% coton<\/p>\n<p>&nbsp;<\/p>\n<p>&nbsp;<\/p>\n","protected":false},"excerpt":{"rendered":"<p>Sac cadeau rouge avec cordelette brune en coton torsad\u00e9. Le sac en papier a un toucher \u00e9l\u00e9gant et conf\u00e8re \u00e0 vos cadeaux une touche d&rsquo;exclusivit\u00e9. Version : sac cadeau avec renfort en carton dans la couverture et le fond Couleur : rouge Format : L160 x P160 x H180mm Mat\u00e9riau : papier kraft brun 200g\/m\u00b2 [&#8230;]\n","protected":false},"featured_media":16276,"comment_status":"open","ping_status":"closed","template":"","meta":[],"product_brand":[],"product_cat":[605],"product_tag":[],"class_list":{"0":"post-16273","1":"product","2":"type-product","3":"status-publish","4":"has-post-thumbnail","6":"product_cat-pochettes-cadeaux","8":"first","9":"instock","10":"taxable","11":"shipping-taxable","12":"purchasable","13":"product-type-simple"},"_links":{"self":[{"href":"https:\/\/beiefritz.lu\/fr\/wp-json\/wp\/v2\/product\/16273","targetHints":{"allow":["GET"]}}],"collection":[{"href":"https:\/\/beiefritz.lu\/fr\/wp-json\/wp\/v2\/product"}],"about":[{"href":"https:\/\/beiefritz.lu\/fr\/wp-json\/wp\/v2\/types\/product"}],"replies":[{"embeddable":true,"href":"https:\/\/beiefritz.lu\/fr\/wp-json\/wp\/v2\/comments?post=16273"}],"wp:featuredmedia":[{"embeddable":true,"href":"https:\/\/beiefritz.lu\/fr\/wp-json\/wp\/v2\/media\/16276"}],"wp:attachment":[{"href":"https:\/\/beiefritz.lu\/fr\/wp-json\/wp\/v2\/media?parent=16273"}],"wp:term":[{"taxonomy":"product_brand","embeddable":true,"href":"https:\/\/beiefritz.lu\/fr\/wp-json\/wp\/v2\/product_brand?post=16273"},{"taxonomy":"product_cat","embeddable":true,"href":"https:\/\/beiefritz.lu\/fr\/wp-json\/wp\/v2\/product_cat?post=16273"},{"taxonomy":"product_tag","embeddable":true,"href":"https:\/\/beiefritz.lu\/fr\/wp-json\/wp\/v2\/product_tag?post=16273"}],"curies":[{"name":"wp","href":"https:\/\/api.w.org\/{rel}","templated":true}]}}