{"id":17067,"date":"2025-09-08T20:11:54","date_gmt":"2025-09-08T18:11:54","guid":{"rendered":"https:\/\/www.beiefritz.lu\/produkt\/puralp-bougie-de-massage-bio-a-la-mauve-sauvage-et-a-la-lavande\/"},"modified":"2025-09-08T20:11:55","modified_gmt":"2025-09-08T18:11:55","slug":"puralp-bougie-de-massage-bio-a-la-mauve-sauvage-et-a-la-lavande","status":"publish","type":"product","link":"https:\/\/beiefritz.lu\/fr\/produkt\/puralp-bougie-de-massage-bio-a-la-mauve-sauvage-et-a-la-lavande\/","title":{"rendered":"PURALP &#8211; Bougie de massage bio \u00e0 la mauve sauvage et \u00e0 la lavande"},"content":{"rendered":"<div>La bougie de massage bio \u00e0 la mauve sauvage et \u00e0 la lavande contient des huiles v\u00e9g\u00e9tales pr\u00e9cieuses et de la cire d&rsquo;abeille chauffante de premi\u00e8re qualit\u00e9 \u00ab\u00a0Bioland\u00a0\u00bb et offre une exp\u00e9rience de bien-\u00eatre tr\u00e8s particuli\u00e8re. Outre la chaleur agr\u00e9able de la cire d&rsquo;huile de massage, la lumi\u00e8re apaisante des bougies et le parfum agr\u00e9able contribuent \u00e0 la d\u00e9tente globale.<\/div>\n<div class=\"default-style\"><\/div>\n<div class=\"default-style\">La bougie de massage bio apaisante est particuli\u00e8rement adapt\u00e9e aux types de peaux sensibles gr\u00e2ce \u00e0 des extraits d&rsquo;huile de fleurs de calendula et de mauve apaisantes pr\u00e9par\u00e9s en douceur. L&rsquo;extrait de fleurs de calendula qu&rsquo;il contient a une teneur \u00e9lev\u00e9e en carot\u00e9no\u00efdes et peut ainsi favoriser la capacit\u00e9 de r\u00e9g\u00e9n\u00e9ration des peaux irrit\u00e9es, rouges et enflamm\u00e9es. Les substances douces et soignantes de l&rsquo;huile de mauve sauvage et de l&rsquo;huile de graines de cynorrhodon procurent une sensation agr\u00e9able sur la peau. Les huiles de lavande et de romarin ont un effet relaxant global sur la peau et les sens.<\/div>\n<div><\/div>\n<div>\n<div class=\"woocommerce-product-details__short-description\">\n<p><em>Taille de l&#8217;emballage : 90 ml<\/em><\/p>\n<\/div>\n<\/div>\n","protected":false},"excerpt":{"rendered":"<p>La bougie de massage bio \u00e0 la mauve sauvage et \u00e0 la lavande contient des huiles v\u00e9g\u00e9tales pr\u00e9cieuses et de la cire d&rsquo;abeille chauffante de premi\u00e8re qualit\u00e9 \u00ab\u00a0Bioland\u00a0\u00bb et offre une exp\u00e9rience de bien-\u00eatre tr\u00e8s particuli\u00e8re. Outre la chaleur agr\u00e9able de la cire d&rsquo;huile de massage, la lumi\u00e8re apaisante des bougies et le parfum agr\u00e9able [&#8230;]\n","protected":false},"featured_media":17070,"comment_status":"open","ping_status":"closed","template":"","meta":[],"product_brand":[],"product_cat":[659,656,257,260,530],"product_tag":[],"class_list":{"0":"post-17067","1":"product","2":"type-product","3":"status-publish","4":"has-post-thumbnail","6":"product_cat-bien-etre","7":"product_cat-bio-fr","8":"product_cat-nouveau","9":"product_cat-puralp-fr","10":"product_cat-soins-du-corps","12":"first","13":"instock","14":"taxable","15":"shipping-taxable","16":"purchasable","17":"product-type-simple"},"_links":{"self":[{"href":"https:\/\/beiefritz.lu\/fr\/wp-json\/wp\/v2\/product\/17067","targetHints":{"allow":["GET"]}}],"collection":[{"href":"https:\/\/beiefritz.lu\/fr\/wp-json\/wp\/v2\/product"}],"about":[{"href":"https:\/\/beiefritz.lu\/fr\/wp-json\/wp\/v2\/types\/product"}],"replies":[{"embeddable":true,"href":"https:\/\/beiefritz.lu\/fr\/wp-json\/wp\/v2\/comments?post=17067"}],"wp:featuredmedia":[{"embeddable":true,"href":"https:\/\/beiefritz.lu\/fr\/wp-json\/wp\/v2\/media\/17070"}],"wp:attachment":[{"href":"https:\/\/beiefritz.lu\/fr\/wp-json\/wp\/v2\/media?parent=17067"}],"wp:term":[{"taxonomy":"product_brand","embeddable":true,"href":"https:\/\/beiefritz.lu\/fr\/wp-json\/wp\/v2\/product_brand?post=17067"},{"taxonomy":"product_cat","embeddable":true,"href":"https:\/\/beiefritz.lu\/fr\/wp-json\/wp\/v2\/product_cat?post=17067"},{"taxonomy":"product_tag","embeddable":true,"href":"https:\/\/beiefritz.lu\/fr\/wp-json\/wp\/v2\/product_tag?post=17067"}],"curies":[{"name":"wp","href":"https:\/\/api.w.org\/{rel}","templated":true}]}}