{"id":17481,"date":"2025-09-08T20:12:00","date_gmt":"2025-09-08T18:12:00","guid":{"rendered":"https:\/\/www.beiefritz.lu\/produkt\/schlosswald-bienengut-api-hot-pommade-chauffante-au-venin-dabeille\/"},"modified":"2025-09-08T20:12:01","modified_gmt":"2025-09-08T18:12:01","slug":"schlosswald-bienengut-api-hot-pommade-chauffante-au-venin-dabeille","status":"publish","type":"product","link":"https:\/\/beiefritz.lu\/fr\/produkt\/schlosswald-bienengut-api-hot-pommade-chauffante-au-venin-dabeille\/","title":{"rendered":"SCHLO\u00dfWALD-BIENENGUT &#8211; API-HOT\u00ae pommade chauffante au venin d&rsquo;abeille"},"content":{"rendered":"<p>La pommade chauffante au venin d&rsquo;abeille <sup>API-HOT\u00ae<\/sup> est la pommade au venin d&rsquo;abeille unique de la maison <sup>Schlo\u00dfwald-Bienengut\u00ae<\/sup>, actuellement le seul fabricant allemand de produits autoris\u00e9s dans le monde entier avec du v\u00e9ritable venin d&rsquo;abeille, derri\u00e8re lesquels une v\u00e9ritable famille d&rsquo;apiculteurs avec une expertise professionnelle dans la cinqui\u00e8me g\u00e9n\u00e9ration se porte garante de leur qualit\u00e9 sup\u00e9rieure, avec votre nom !<\/p>\n<p>La composition finement dos\u00e9e d&rsquo;extraits de plantes d&rsquo;Arnica Montana, d&rsquo;Allantion (de consoude) en combinaison avec des composants de piment et de v\u00e9ritable venin d&rsquo;abeille, procure une sensation de chaleur sur la peau. Le venin d&rsquo;abeille utilis\u00e9, toujours de premi\u00e8re qualit\u00e9, r\u00e9pond aux normes de laboratoire les plus strictes avec une teneur en m\u00e9littine de 60 \u00e0 70 %. <\/p>\n<p><sup>API-HOT\u00ae<\/sup> peut \u00eatre ressenti sur la peau comme allant de la chaleur \u00e0 l&rsquo;\u00e9chauffement.<\/p>\n<p><sup>API-HOT\u00ae<\/sup> &#8211; l&rsquo;original brevet\u00e9 &#8211; est :<\/p>\n<ul>\n<li>99,7 % de composition naturelle<\/li>\n<li>exempt d&rsquo;huiles min\u00e9rales<\/li>\n<li>sans paraben<\/li>\n<li>sans microplastiques<\/li>\n<li>test\u00e9 dermatologiquement et cliniquement<\/li>\n<li>100% fabriqu\u00e9 en Allemagne<\/li>\n<\/ul>\n<p><strong>Important :<\/strong> il n&rsquo;est pas n\u00e9cessaire qu&rsquo;une seule abeille meure pour obtenir le venin d&rsquo;abeille !<\/p>\n<p>&nbsp;<\/p>\n<p><em>Contenu : 50 ml<\/em><\/p>\n","protected":false},"excerpt":{"rendered":"<p>La pommade chauffante au venin d&rsquo;abeille API-HOT\u00ae est la pommade au venin d&rsquo;abeille unique de la maison Schlo\u00dfwald-Bienengut\u00ae, actuellement le seul fabricant allemand de produits autoris\u00e9s dans le monde entier avec du v\u00e9ritable venin d&rsquo;abeille, derri\u00e8re lesquels une v\u00e9ritable famille d&rsquo;apiculteurs avec une expertise professionnelle dans la cinqui\u00e8me g\u00e9n\u00e9ration se porte garante de leur qualit\u00e9 [&#8230;]\n","protected":false},"featured_media":17494,"comment_status":"open","ping_status":"closed","template":"","meta":[],"product_brand":[],"product_cat":[659,257,263,530],"product_tag":[],"class_list":{"0":"post-17481","1":"product","2":"type-product","3":"status-publish","4":"has-post-thumbnail","6":"product_cat-bien-etre","7":"product_cat-nouveau","8":"product_cat-schlosswald-bienengut-fr","9":"product_cat-soins-du-corps","11":"first","12":"instock","13":"sale","14":"taxable","15":"shipping-taxable","16":"purchasable","17":"product-type-simple"},"_links":{"self":[{"href":"https:\/\/beiefritz.lu\/fr\/wp-json\/wp\/v2\/product\/17481","targetHints":{"allow":["GET"]}}],"collection":[{"href":"https:\/\/beiefritz.lu\/fr\/wp-json\/wp\/v2\/product"}],"about":[{"href":"https:\/\/beiefritz.lu\/fr\/wp-json\/wp\/v2\/types\/product"}],"replies":[{"embeddable":true,"href":"https:\/\/beiefritz.lu\/fr\/wp-json\/wp\/v2\/comments?post=17481"}],"wp:featuredmedia":[{"embeddable":true,"href":"https:\/\/beiefritz.lu\/fr\/wp-json\/wp\/v2\/media\/17494"}],"wp:attachment":[{"href":"https:\/\/beiefritz.lu\/fr\/wp-json\/wp\/v2\/media?parent=17481"}],"wp:term":[{"taxonomy":"product_brand","embeddable":true,"href":"https:\/\/beiefritz.lu\/fr\/wp-json\/wp\/v2\/product_brand?post=17481"},{"taxonomy":"product_cat","embeddable":true,"href":"https:\/\/beiefritz.lu\/fr\/wp-json\/wp\/v2\/product_cat?post=17481"},{"taxonomy":"product_tag","embeddable":true,"href":"https:\/\/beiefritz.lu\/fr\/wp-json\/wp\/v2\/product_tag?post=17481"}],"curies":[{"name":"wp","href":"https:\/\/api.w.org\/{rel}","templated":true}]}}