{"id":17624,"date":"2025-09-08T19:49:49","date_gmt":"2025-09-08T17:49:49","guid":{"rendered":"https:\/\/www.beiefritz.lu\/produkt\/little-bee-fresh-6-pcs-seedballs-banquet-de-letat-des-abeilles\/"},"modified":"2025-09-08T19:49:50","modified_gmt":"2025-09-08T17:49:50","slug":"little-bee-fresh-6-pcs-seedballs-banquet-de-letat-des-abeilles","status":"publish","type":"product","link":"https:\/\/beiefritz.lu\/fr\/produkt\/little-bee-fresh-6-pcs-seedballs-banquet-de-letat-des-abeilles\/","title":{"rendered":"LITTLE BEE FRESH &#8211; 6 pcs SEEDBALLS &#8211; Banquet de l&rsquo;\u00c9tat des abeilles"},"content":{"rendered":"<div id=\"cc-m-7728775564\" class=\"j-module n j-text \">\n<h2><strong>Cr\u00e9ez votre propre banquette d&rsquo;abeilles dans une bo\u00eete \u00e0 fleurs !<\/strong><\/h2>\n<\/div>\n<div id=\"cc-m-7728775764\" class=\"j-module n j-spacing \">\n<div class=\"cc-m-spacer\"><strong>Trouve un endroit ensoleill\u00e9 pour les seedballs au printemps. Ensuite, arrose-les et observe comment les graines de fleurs deviennent un buffet pour toutes sortes d&rsquo;insectes.<\/strong><\/div>\n<\/div>\n<div id=\"cc-m-7728775864\" class=\"j-module n j-text \">\n<p>Avec une autre \u00e9quipe m\u00e8re-fille, nous fabriquons les SEEDBALLS dans un centre d&rsquo;aide \u00e0 la vie. Ils sont parfaitement adapt\u00e9s aux besoins de nombreux insectes indig\u00e8nes. C&rsquo;est ainsi que tu peux \u00e9gayer un coin de jardin ou une jardini\u00e8re sur le balcon.<\/p>\n<p>Un bouquet de fleurs \u00e0 construire soi-m\u00eame au lieu de fleurs coup\u00e9es, c&rsquo;est facile avec nos SEEDBALLS !<\/p>\n<\/div>\n<h2><strong>Tout sur les Seedballs<\/strong><\/h2>\n<p><strong>Graines de fleurs incluses :<br \/>\n<\/strong>abeille, bourrache, vip\u00e9rine, drac\u00e9na, saule buissonnant, pavot dor\u00e9, lin rouge et bleu, gypsophile, coquelicot, bleuet, souci, corbeille d\u00e9corative, marguerite du Cap, tournesol.<\/p>\n<p><strong>Semis :<br \/>\n<\/strong>De fin mars \u00e0 fin juillet, selon les conditions m\u00e9t\u00e9orologiques.<\/p>\n<p><strong>Floraison :<br \/>\n<\/strong>d\u00e9but juin jusqu&rsquo;aux premi\u00e8res gel\u00e9es.<\/p>\n","protected":false},"excerpt":{"rendered":"<h4><strong>SEEDBALLS pour les abeilles, les bourdons &amp; Co.<\/strong><\/h4>\n<p>Fabriqu\u00e9 en coop\u00e9ration avec les ateliers de Lebenshilfe Detmold et Begatal.<\/p>\n<p><strong>Contenu de la livraison :<\/strong> 6 boules de graines compos\u00e9es de terre, d&rsquo;argile et d&rsquo;un m\u00e9lange de graines de culture locale.<\/p>\n","protected":false},"featured_media":14879,"comment_status":"open","ping_status":"closed","template":"","meta":[],"product_brand":[],"product_cat":[272,178,496],"product_tag":[],"class_list":{"0":"post-17624","1":"product","2":"type-product","3":"status-publish","4":"has-post-thumbnail","6":"product_cat-divers","7":"product_cat-idees-de-cadeaux","8":"product_cat-zero-dechet","10":"first","11":"outofstock","12":"taxable","13":"shipping-taxable","14":"purchasable","15":"product-type-simple"},"_links":{"self":[{"href":"https:\/\/beiefritz.lu\/fr\/wp-json\/wp\/v2\/product\/17624","targetHints":{"allow":["GET"]}}],"collection":[{"href":"https:\/\/beiefritz.lu\/fr\/wp-json\/wp\/v2\/product"}],"about":[{"href":"https:\/\/beiefritz.lu\/fr\/wp-json\/wp\/v2\/types\/product"}],"replies":[{"embeddable":true,"href":"https:\/\/beiefritz.lu\/fr\/wp-json\/wp\/v2\/comments?post=17624"}],"wp:featuredmedia":[{"embeddable":true,"href":"https:\/\/beiefritz.lu\/fr\/wp-json\/wp\/v2\/media\/14879"}],"wp:attachment":[{"href":"https:\/\/beiefritz.lu\/fr\/wp-json\/wp\/v2\/media?parent=17624"}],"wp:term":[{"taxonomy":"product_brand","embeddable":true,"href":"https:\/\/beiefritz.lu\/fr\/wp-json\/wp\/v2\/product_brand?post=17624"},{"taxonomy":"product_cat","embeddable":true,"href":"https:\/\/beiefritz.lu\/fr\/wp-json\/wp\/v2\/product_cat?post=17624"},{"taxonomy":"product_tag","embeddable":true,"href":"https:\/\/beiefritz.lu\/fr\/wp-json\/wp\/v2\/product_tag?post=17624"}],"curies":[{"name":"wp","href":"https:\/\/api.w.org\/{rel}","templated":true}]}}