{"id":17626,"date":"2025-09-08T20:11:56","date_gmt":"2025-09-08T18:11:56","guid":{"rendered":"https:\/\/www.beiefritz.lu\/produkt\/de-beiefritz-vinaigre-balsamique-au-miel\/"},"modified":"2026-02-12T09:26:13","modified_gmt":"2026-02-12T08:26:13","slug":"de-beiefritz-vinaigre-balsamique-au-miel","status":"publish","type":"product","link":"https:\/\/beiefritz.lu\/fr\/produkt\/de-beiefritz-vinaigre-balsamique-au-miel\/","title":{"rendered":"DE BEIEFRITZ &#8211; Vinaigre balsamique au miel"},"content":{"rendered":"<div class=\"flex max-w-full flex-col flex-grow\">\n<div class=\"min-h-[20px] text-message flex w-full flex-col items-end gap-2 break-words [.text-message+&amp;]:mt-5 overflow-x-auto whitespace-normal\" dir=\"auto\" data-message-author-role=\"assistant\" data-message-id=\"cb236d41-5b6b-465b-b89f-b3789c12ede3\">\n<div class=\"flex w-full flex-col gap-1 empty:hidden first:pt-[3px]\">\n<div class=\"markdown prose w-full break-words dark:prose-invert light\">\n<p><strong>Vinaigre balsamique de miel luxembourgeois &#8211; Une raret\u00e9 de vinaigre de qualit\u00e9 sup\u00e9rieure<\/strong><\/p>\n<p>Notre vinaigre balsamique de miel est un v\u00e9ritable d\u00e9lice, fabriqu\u00e9 \u00e0 partir de miel luxembourgeois pur. Ce vinaigre unique, qui se caract\u00e9rise par un \u00e9quilibre subtil entre douceur et acidit\u00e9, est le fruit d&rsquo;un travail manuel minutieux. Sans l&rsquo;ajout de vinaigre d&rsquo;autres origines comme le raisin ou la pomme, notre produit offre un go\u00fbt authentique qui met parfaitement en valeur la richesse aromatique de notre miel.  <\/p>\n<p><strong>Un hommage \u00e0 l&rsquo;am\u00e9lioration du miel<\/strong><\/p>\n<p>Ce vinaigre balsamique au miel est bien plus qu&rsquo;un simple vinaigre &#8211; il est le r\u00e9sultat d&rsquo;un affinage minutieux du miel, qui est d&rsquo;abord ferment\u00e9 en hydromel puis en vinaigre. Sa douce acidit\u00e9 et ses ar\u00f4mes complexes en font un produit phare de toute cuisine. Sa note l\u00e9g\u00e8rement sucr\u00e9e s&rsquo;harmonise parfaitement avec l&rsquo;acidit\u00e9 typique d&rsquo;un vinaigre balsamique, sans pour autant masquer le go\u00fbt d\u00e9licat du miel.  <\/p>\n<p><strong>Un compagnon polyvalent pour les gourmets<\/strong><\/p>\n<p>Notre vinaigre balsamique au miel convient parfaitement \u00e0 une grande vari\u00e9t\u00e9 d&rsquo;applications culinaires. Que ce soit pour apporter une touche subtile aux vinaigrettes, pour mariner les viandes, les l\u00e9gumes ou les fromages, ce vinaigre conf\u00e8re \u00e0 vos plats une profondeur et un raffinement particuliers. Gr\u00e2ce \u00e0 sa fabrication naturelle, des d\u00e9p\u00f4ts peuvent parfois se former dans la bouteille, voire une m\u00e8re de vinaigre, signe de la grande qualit\u00e9 et de la vivacit\u00e9 de ce produit.  <\/p>\n<p><strong>Un plaisir durable<\/strong><\/p>\n<p>Ce vinaigre balsamique au miel ne fait que s&rsquo;am\u00e9liorer avec le temps. Il ne porte volontairement pas de date de p\u00e9remption, car il est bien connu que le vinaigre ne se g\u00e2te pas, il ne fait que m\u00fbrir. La formation \u00e9ventuelle d&rsquo;une m\u00e8re de vinaigre souligne le processus de fabrication traditionnel et vous offre la possibilit\u00e9 de continuer \u00e0 cultiver votre propre vinaigre.  <\/p>\n<p><strong>Un go\u00fbt unique qui s\u00e9duit<\/strong><\/p>\n<p>Notre vinaigre balsamique au miel est le compagnon id\u00e9al pour tous ceux qui recherchent quelque chose de sp\u00e9cial. Que vous soyez un amateur de miel ou simplement \u00e0 la recherche d&rsquo;une nouvelle exp\u00e9rience gustative, ce vinaigre vous ravira. Essayez-le comme alternative au vinaigre balsamique traditionnel et d\u00e9couvrez la vari\u00e9t\u00e9 de saveurs que seul un vinaigre \u00e0 base de miel pur peut offrir.  <\/p>\n<p>Faites-vous plaisir et r\u00e9galez vos invit\u00e9s avec cette raret\u00e9 de vinaigre luxembourgeois.<\/p>\n<\/div>\n<\/div>\n<\/div>\n<\/div>\n","protected":false},"excerpt":{"rendered":"<p>Vinaigre fin fabriqu\u00e9 \u00e0 partir de miel luxembourgeois pur, avec une douceur \u00e9quilibr\u00e9e et une acidit\u00e9 douce. Parfait pour les vinaigrettes, les marinades de viande, de l\u00e9gumes et de fromage ou pour apporter une touche sp\u00e9ciale aux sauces. Naturel, il m\u00fbrit avec le temps &#8211; un compagnon polyvalent dans la cuisine.  <\/p>\n","protected":false},"featured_media":17408,"comment_status":"open","ping_status":"closed","template":"","meta":[],"product_brand":[],"product_cat":[689,588,578],"product_tag":[],"class_list":{"0":"post-17626","1":"product","2":"type-product","3":"status-publish","4":"has-post-thumbnail","6":"product_cat-culinaire","7":"product_cat-de-beiefritz-fr","8":"product_cat-fabrique-au-luxembourg","10":"first","11":"outofstock","12":"taxable","13":"shipping-taxable","14":"purchasable","15":"product-type-simple"},"_links":{"self":[{"href":"https:\/\/beiefritz.lu\/fr\/wp-json\/wp\/v2\/product\/17626","targetHints":{"allow":["GET"]}}],"collection":[{"href":"https:\/\/beiefritz.lu\/fr\/wp-json\/wp\/v2\/product"}],"about":[{"href":"https:\/\/beiefritz.lu\/fr\/wp-json\/wp\/v2\/types\/product"}],"replies":[{"embeddable":true,"href":"https:\/\/beiefritz.lu\/fr\/wp-json\/wp\/v2\/comments?post=17626"}],"wp:featuredmedia":[{"embeddable":true,"href":"https:\/\/beiefritz.lu\/fr\/wp-json\/wp\/v2\/media\/17408"}],"wp:attachment":[{"href":"https:\/\/beiefritz.lu\/fr\/wp-json\/wp\/v2\/media?parent=17626"}],"wp:term":[{"taxonomy":"product_brand","embeddable":true,"href":"https:\/\/beiefritz.lu\/fr\/wp-json\/wp\/v2\/product_brand?post=17626"},{"taxonomy":"product_cat","embeddable":true,"href":"https:\/\/beiefritz.lu\/fr\/wp-json\/wp\/v2\/product_cat?post=17626"},{"taxonomy":"product_tag","embeddable":true,"href":"https:\/\/beiefritz.lu\/fr\/wp-json\/wp\/v2\/product_tag?post=17626"}],"curies":[{"name":"wp","href":"https:\/\/api.w.org\/{rel}","templated":true}]}}