{"id":17630,"date":"2025-09-08T20:12:02","date_gmt":"2025-09-08T18:12:02","guid":{"rendered":"https:\/\/www.beiefritz.lu\/produkt\/diedenacker-cidre-de-pomme\/"},"modified":"2025-09-08T20:12:04","modified_gmt":"2025-09-08T18:12:04","slug":"diedenacker-cidre-de-pomme","status":"publish","type":"product","link":"https:\/\/beiefritz.lu\/fr\/produkt\/diedenacker-cidre-de-pomme\/","title":{"rendered":"DIEDENACKER &#8211; Cidre de pomme"},"content":{"rendered":"<p>Le mousseux de pomme, en fait le pr\u00e9curseur de votre Camadonven. Le jus de pomme ferment\u00e9 est gaz\u00e9ifi\u00e9 et mis en bouteille. Un produit frais et p\u00e9tillant pour l&rsquo;\u00e9t\u00e9.  <\/p>\n<p>&nbsp;<\/p>\n<p>Contenu : 33cl<\/p>\n","protected":false},"excerpt":{"rendered":"<p>Le mousseux de pomme, en fait le pr\u00e9curseur de votre Camadonven. Le jus de pomme ferment\u00e9 est gaz\u00e9ifi\u00e9 et mis en bouteille. Un produit frais et p\u00e9tillant pour l&rsquo;\u00e9t\u00e9. &nbsp; Contenu : 33cl<\/p>\n","protected":false},"featured_media":17629,"comment_status":"open","ping_status":"closed","template":"","meta":[],"product_brand":[],"product_cat":[578,665],"product_tag":[],"class_list":{"0":"post-17630","1":"product","2":"type-product","3":"status-publish","4":"has-post-thumbnail","6":"product_cat-fabrique-au-luxembourg","7":"product_cat-regional","9":"first","10":"instock","11":"taxable","12":"shipping-taxable","13":"purchasable","14":"product-type-simple"},"_links":{"self":[{"href":"https:\/\/beiefritz.lu\/fr\/wp-json\/wp\/v2\/product\/17630","targetHints":{"allow":["GET"]}}],"collection":[{"href":"https:\/\/beiefritz.lu\/fr\/wp-json\/wp\/v2\/product"}],"about":[{"href":"https:\/\/beiefritz.lu\/fr\/wp-json\/wp\/v2\/types\/product"}],"replies":[{"embeddable":true,"href":"https:\/\/beiefritz.lu\/fr\/wp-json\/wp\/v2\/comments?post=17630"}],"wp:featuredmedia":[{"embeddable":true,"href":"https:\/\/beiefritz.lu\/fr\/wp-json\/wp\/v2\/media\/17629"}],"wp:attachment":[{"href":"https:\/\/beiefritz.lu\/fr\/wp-json\/wp\/v2\/media?parent=17630"}],"wp:term":[{"taxonomy":"product_brand","embeddable":true,"href":"https:\/\/beiefritz.lu\/fr\/wp-json\/wp\/v2\/product_brand?post=17630"},{"taxonomy":"product_cat","embeddable":true,"href":"https:\/\/beiefritz.lu\/fr\/wp-json\/wp\/v2\/product_cat?post=17630"},{"taxonomy":"product_tag","embeddable":true,"href":"https:\/\/beiefritz.lu\/fr\/wp-json\/wp\/v2\/product_tag?post=17630"}],"curies":[{"name":"wp","href":"https:\/\/api.w.org\/{rel}","templated":true}]}}