{"id":17657,"date":"2025-09-08T20:12:06","date_gmt":"2025-09-08T18:12:06","guid":{"rendered":"https:\/\/www.beiefritz.lu\/produkt\/patrice-coffee-espresso-bresil-capricornio-250g-grain-entier\/"},"modified":"2025-09-08T20:12:08","modified_gmt":"2025-09-08T18:12:08","slug":"patrice-coffee-espresso-bresil-capricornio-250g-grain-entier","status":"publish","type":"product","link":"https:\/\/beiefritz.lu\/fr\/produkt\/patrice-coffee-espresso-bresil-capricornio-250g-grain-entier\/","title":{"rendered":"PATRICE COFFEE &#8211; Espresso du Br\u00e9sil &#8211; Capricornio 250g (grain entier)"},"content":{"rendered":"<p><strong>Capricornio<\/strong> est une association de 60 fermes de caf\u00e9 au Br\u00e9sil qui ont redonn\u00e9 vie \u00e0 la r\u00e9gion du Capricorn. Ce m\u00e9lange de 4 fermes a \u00e9t\u00e9 soigneusement \u00e9quilibr\u00e9 pour produire un excellent espresso, \u00e9galement id\u00e9al pour les boissons lact\u00e9es \u00e0 base d&rsquo;espresso comme le cappuccino ou le latte. Parfait pour les amateurs d&rsquo;espresso qui aiment les caf\u00e9s plus cors\u00e9s ! <strong>Les producteurs* :<\/strong> Fazenda California, Fazenda Fronteira, Mulheres do Caf\u00e9 Mat\u00e3o, S\u00e3o Jer\u00f4nimo da Serra <strong>Zone de production :<\/strong> r\u00e9gion du Capricorne, Br\u00e9sil <strong>Altitude :<\/strong> 450-1200 m <strong>Points SCA (sur une \u00e9chelle de 100) :<\/strong> 83,75 points (tr\u00e8s bon) <strong>Ar\u00f4mes :<\/strong> cacahu\u00e8te, chocolat, cacao, amandes et fruits secs <strong>Vari\u00e9t\u00e9s :<\/strong> Red Bourbon, Yellow Bourbon, Red Catuai, Yellow Catuai, Obat\u00e3, Top\u00e1zio, Arara, Red Icatu  <\/p>\n<p><strong>100 % arabica<\/strong><br \/>\n<strong>Traitement :<\/strong> Honey Process<br \/>\n<strong>Peu d&rsquo;acidit\u00e9 et bon pour l&rsquo;estomac<\/strong><br \/>\n<strong>Commerce \u00e9quitable<\/strong><\/p>\n<p>&nbsp;<\/p>\n<p>Contenu : 250g \/ haricot entier<\/p>\n","protected":false},"excerpt":{"rendered":"<p>Capricornio est une association de 60 fermes de caf\u00e9 au Br\u00e9sil qui ont redonn\u00e9 vie \u00e0 la r\u00e9gion du Capricorn. Ce m\u00e9lange de 4 fermes a \u00e9t\u00e9 soigneusement \u00e9quilibr\u00e9 pour produire un excellent espresso, \u00e9galement id\u00e9al pour les boissons lact\u00e9es \u00e0 base d&rsquo;espresso comme le cappuccino ou le latte. Parfait pour les amateurs d&rsquo;espresso qui [&#8230;]\n","protected":false},"featured_media":17661,"comment_status":"open","ping_status":"closed","template":"","meta":[],"product_brand":[],"product_cat":[578,665,257],"product_tag":[],"class_list":{"0":"post-17657","1":"product","2":"type-product","3":"status-publish","4":"has-post-thumbnail","6":"product_cat-fabrique-au-luxembourg","7":"product_cat-regional","8":"product_cat-nouveau","10":"first","11":"instock","12":"taxable","13":"shipping-taxable","14":"purchasable","15":"product-type-simple"},"_links":{"self":[{"href":"https:\/\/beiefritz.lu\/fr\/wp-json\/wp\/v2\/product\/17657","targetHints":{"allow":["GET"]}}],"collection":[{"href":"https:\/\/beiefritz.lu\/fr\/wp-json\/wp\/v2\/product"}],"about":[{"href":"https:\/\/beiefritz.lu\/fr\/wp-json\/wp\/v2\/types\/product"}],"replies":[{"embeddable":true,"href":"https:\/\/beiefritz.lu\/fr\/wp-json\/wp\/v2\/comments?post=17657"}],"wp:featuredmedia":[{"embeddable":true,"href":"https:\/\/beiefritz.lu\/fr\/wp-json\/wp\/v2\/media\/17661"}],"wp:attachment":[{"href":"https:\/\/beiefritz.lu\/fr\/wp-json\/wp\/v2\/media?parent=17657"}],"wp:term":[{"taxonomy":"product_brand","embeddable":true,"href":"https:\/\/beiefritz.lu\/fr\/wp-json\/wp\/v2\/product_brand?post=17657"},{"taxonomy":"product_cat","embeddable":true,"href":"https:\/\/beiefritz.lu\/fr\/wp-json\/wp\/v2\/product_cat?post=17657"},{"taxonomy":"product_tag","embeddable":true,"href":"https:\/\/beiefritz.lu\/fr\/wp-json\/wp\/v2\/product_tag?post=17657"}],"curies":[{"name":"wp","href":"https:\/\/api.w.org\/{rel}","templated":true}]}}