{"id":17748,"date":"2025-09-08T20:12:10","date_gmt":"2025-09-08T18:12:10","guid":{"rendered":"https:\/\/www.beiefritz.lu\/produkt\/dudel-magie-fusilli-a-lepeautre-bio-250g\/"},"modified":"2025-09-08T20:12:12","modified_gmt":"2025-09-08T18:12:12","slug":"dudel-magie-fusilli-a-lepeautre-bio-250g","status":"publish","type":"product","link":"https:\/\/beiefritz.lu\/fr\/produkt\/dudel-magie-fusilli-a-lepeautre-bio-250g\/","title":{"rendered":"DUDEL-MAGIE &#8211; Fusilli \u00e0 l&rsquo;\u00e9peautre bio 250g"},"content":{"rendered":"<p>Ces fusilli \u00e0 l&rsquo;\u00e9peautre de Dudel-Magie sont fabriqu\u00e9s au Luxembourg selon une m\u00e9thode traditionnelle et avec un grand souci du d\u00e9tail. Gr\u00e2ce \u00e0 la semoule d&rsquo;\u00e9peautre biologique et \u00e0 la haute teneur en \u0153ufs frais (23%), ils s\u00e9duisent par leur qualit\u00e9 sup\u00e9rieure, leur go\u00fbt plein et leur temps de cuisson agr\u00e9ablement court. <\/p>\n<p><strong>Caract\u00e9ristiques du produit<\/strong><\/p>\n<ul>\n<li><strong>Qualit\u00e9 biologique<\/strong>: Fabriqu\u00e9 \u00e0 partir de semoule d&rsquo;\u00e9peautre biologique contr\u00f4l\u00e9e.<\/li>\n<li><strong>Origine r\u00e9gionale<\/strong>: produit au Luxembourg dans la propre ferme biologique de la marque Dudel-Magie.<\/li>\n<li><strong>Avec des \u0153ufs frais<\/strong>: contient 23 % d&rsquo;\u0153ufs issus de notre propre agriculture durable.<\/li>\n<li><strong>\u00c9quitable &amp; durable<\/strong>: l&rsquo;objectif est de r\u00e9duire au maximum l&#8217;empreinte carbone\u2082 ; tous les ingr\u00e9dients proviennent de la r\u00e9gion ou de notre propre ferme.<\/li>\n<\/ul>\n<p><strong>Ingr\u00e9dients<\/strong><br \/>\nSemoule d&rsquo;\u00e9peautre* (issue de l&rsquo;agriculture biologique), 23 % \u0152uf*<br \/>\n(*issu de l&rsquo;agriculture biologique)<\/p>\n<p><strong>Valeurs nutritionnelles pour 100 g<\/strong><\/p>\n<ul>\n<li>\u00c9nergie : 1 563 kJ \/ 369 kcal<\/li>\n<li>Prot\u00e9ines : 14 g<\/li>\n<li>Glucides : 66 g<\/li>\n<li>Mati\u00e8res grasses : 4 g<\/li>\n<li>Sel : &lt;1 g<\/li>\n<\/ul>\n<p>(Allerg\u00e8nes : gluten, \u0153uf) <strong>Recommandation de pr\u00e9paration<\/strong><br \/>\nFaites cuire les fusilli dans une quantit\u00e9 suffisante d&rsquo;eau sal\u00e9e pendant environ 4 \u00e0 5 minutes. Ensuite, \u00e9gouttez-les et servez-les avec une sauce ou une garniture, selon votre choix. <strong>Conclusion<\/strong><br \/>\nAvec les fusilli \u00e0 l&rsquo;\u00e9peautre de Dudel-Magie, vous mettez un peu de Luxembourg dans votre assiette. Gr\u00e2ce aux ingr\u00e9dients biologiques, aux \u0153ufs frais et \u00e0 la qualit\u00e9 sup\u00e9rieure, ils sont non seulement d\u00e9licieux, mais ils valent aussi la peine de se donner bonne conscience. Id\u00e9al pour tous ceux qui attachent de l&rsquo;importance \u00e0 la r\u00e9gion et au d\u00e9veloppement durable &#8211; et bien s\u00fbr pour les amateurs de p\u00e2tes !<\/p>\n","protected":false},"excerpt":{"rendered":"<p>Ces fusilli \u00e0 l&rsquo;\u00e9peautre de Dudel-Magie sont fabriqu\u00e9s au Luxembourg selon une m\u00e9thode traditionnelle et avec un grand souci du d\u00e9tail. Gr\u00e2ce \u00e0 la semoule d&rsquo;\u00e9peautre biologique et \u00e0 la haute teneur en \u0153ufs frais (23%), ils s\u00e9duisent par leur qualit\u00e9 sup\u00e9rieure, leur go\u00fbt plein et leur temps de cuisson agr\u00e9ablement court. <\/p>\n","protected":false},"featured_media":17751,"comment_status":"open","ping_status":"closed","template":"","meta":[],"product_brand":[],"product_cat":[656,665,257],"product_tag":[],"class_list":{"0":"post-17748","1":"product","2":"type-product","3":"status-publish","4":"has-post-thumbnail","6":"product_cat-bio-fr","7":"product_cat-regional","8":"product_cat-nouveau","10":"first","11":"instock","12":"taxable","13":"shipping-taxable","14":"purchasable","15":"product-type-simple"},"_links":{"self":[{"href":"https:\/\/beiefritz.lu\/fr\/wp-json\/wp\/v2\/product\/17748","targetHints":{"allow":["GET"]}}],"collection":[{"href":"https:\/\/beiefritz.lu\/fr\/wp-json\/wp\/v2\/product"}],"about":[{"href":"https:\/\/beiefritz.lu\/fr\/wp-json\/wp\/v2\/types\/product"}],"replies":[{"embeddable":true,"href":"https:\/\/beiefritz.lu\/fr\/wp-json\/wp\/v2\/comments?post=17748"}],"wp:featuredmedia":[{"embeddable":true,"href":"https:\/\/beiefritz.lu\/fr\/wp-json\/wp\/v2\/media\/17751"}],"wp:attachment":[{"href":"https:\/\/beiefritz.lu\/fr\/wp-json\/wp\/v2\/media?parent=17748"}],"wp:term":[{"taxonomy":"product_brand","embeddable":true,"href":"https:\/\/beiefritz.lu\/fr\/wp-json\/wp\/v2\/product_brand?post=17748"},{"taxonomy":"product_cat","embeddable":true,"href":"https:\/\/beiefritz.lu\/fr\/wp-json\/wp\/v2\/product_cat?post=17748"},{"taxonomy":"product_tag","embeddable":true,"href":"https:\/\/beiefritz.lu\/fr\/wp-json\/wp\/v2\/product_tag?post=17748"}],"curies":[{"name":"wp","href":"https:\/\/api.w.org\/{rel}","templated":true}]}}