{"id":17808,"date":"2025-08-12T23:52:20","date_gmt":"2025-08-12T21:52:20","guid":{"rendered":"https:\/\/www.beiefritz.lu\/produkt\/de-beiefritz-miel-de-luxembourg-15kg\/"},"modified":"2026-02-11T11:42:42","modified_gmt":"2026-02-11T10:42:42","slug":"de-beiefritz-miel-de-luxembourg-15kg","status":"publish","type":"product","link":"https:\/\/beiefritz.lu\/fr\/produkt\/de-beiefritz-miel-de-luxembourg-15kg\/","title":{"rendered":"DE BEIEFRITZ &#8211; Miel de Luxembourg 7kg &#8211; Grand r\u00e9cipient en seau"},"content":{"rendered":"<p data-start=\"153\" data-end=\"414\">Notre <strong data-start=\"159\" data-end=\"200\">miel de fleurs luxembourgeois en seau de 7 kg<\/strong> est la solution id\u00e9ale pour la restauration, les boulangeries, les revendeurs ou les utilisateurs fr\u00e9quents. Le miel provient directement de notre propre apiculture au Luxembourg et est extrait avec pr\u00e9caution et mis en pot \u00e0 l&rsquo;\u00e9tat naturel. <\/p>\n<p data-start=\"416\" data-end=\"736\">La r\u00e9colte soigneuse permet de conserver tout l&rsquo;ar\u00f4me des fleurs r\u00e9gionales. Le miel est non m\u00e9lang\u00e9, sans additif et r\u00e9pond aux normes de qualit\u00e9 les plus \u00e9lev\u00e9es. Gr\u00e2ce \u00e0 son conditionnement pratique en gros, il est parfait pour une utilisation ult\u00e9rieure en cuisine ou en p\u00e2tisserie.  <\/p>\n<h3 data-start=\"738\" data-end=\"760\">D\u00e9tails du produit<\/h3>\n<ul data-start=\"761\" data-end=\"998\">\n<li data-start=\"761\" data-end=\"805\">\n<p data-start=\"763\" data-end=\"805\">100 % pur <strong data-start=\"776\" data-end=\"803\">miel de fleurs luxembourgeois<\/strong><\/p>\n<\/li>\n<li data-start=\"806\" data-end=\"854\">\n<p data-start=\"808\" data-end=\"854\">Contenu : <strong data-start=\"816\" data-end=\"852\">7 kg dans un seau de qualit\u00e9 alimentaire<\/strong><\/p>\n<\/li>\n<li data-start=\"855\" data-end=\"898\">\n<p data-start=\"857\" data-end=\"898\">Essorage doux et naturel<\/p>\n<\/li>\n<li data-start=\"899\" data-end=\"939\">\n<p data-start=\"901\" data-end=\"939\">Sans additifs ou m\u00e9langes<\/p>\n<\/li>\n<li data-start=\"940\" data-end=\"998\">\n<p data-start=\"942\" data-end=\"998\">Id\u00e9al pour la restauration, la boulangerie et la transformation<\/p>\n<\/li>\n<\/ul>\n<h3 data-start=\"1046\" data-end=\"1072\"><\/h3>\n<h3 data-start=\"1046\" data-end=\"1072\">Remarques importantes<\/h3>\n<p data-start=\"1073\" data-end=\"1322\">Le miel est un produit naturel. Une cristallisation est un processus naturel et ne constitue pas un d\u00e9faut de qualit\u00e9.<br data-start=\"1188\" data-end=\"1191\">Si n\u00e9cessaire, le miel peut \u00eatre liqu\u00e9fi\u00e9 en douceur au bain-marie \u00e0 40 \u00b0C maximum.<br data-start=\"1276\" data-end=\"1279\">Ne convient pas aux enfants de moins de 12 mois. <\/p>\n<p data-start=\"1073\" data-end=\"1322\"><em>Les images des produits peuvent diff\u00e9rer l\u00e9g\u00e8rement de l&rsquo;article livr\u00e9 en termes de forme et d&#8217;emballage.<\/em><\/p>\n","protected":false},"excerpt":{"rendered":"<p>Notre miel de fleurs luxembourgeois en seau de 7 kg est la solution id\u00e9ale pour la restauration, les boulangeries, les revendeurs ou les utilisateurs fr\u00e9quents. Le miel provient directement de notre propre apiculture au Luxembourg et est extrait avec pr\u00e9caution et mis en pot \u00e0 l&rsquo;\u00e9tat naturel. La r\u00e9colte soigneuse permet de conserver tout l&rsquo;ar\u00f4me [&#8230;]\n","protected":false},"featured_media":7777,"comment_status":"open","ping_status":"closed","template":"","meta":[],"product_brand":[],"product_cat":[588,193],"product_tag":[430,435],"class_list":{"0":"post-17808","1":"product","2":"type-product","3":"status-publish","4":"has-post-thumbnail","6":"product_cat-de-beiefritz-fr","7":"product_cat-miel","8":"product_tag-beiefritz-fr","9":"product_tag-gastro-fr","11":"first","12":"instock","13":"taxable","14":"shipping-taxable","15":"purchasable","16":"product-type-simple"},"_links":{"self":[{"href":"https:\/\/beiefritz.lu\/fr\/wp-json\/wp\/v2\/product\/17808","targetHints":{"allow":["GET"]}}],"collection":[{"href":"https:\/\/beiefritz.lu\/fr\/wp-json\/wp\/v2\/product"}],"about":[{"href":"https:\/\/beiefritz.lu\/fr\/wp-json\/wp\/v2\/types\/product"}],"replies":[{"embeddable":true,"href":"https:\/\/beiefritz.lu\/fr\/wp-json\/wp\/v2\/comments?post=17808"}],"wp:featuredmedia":[{"embeddable":true,"href":"https:\/\/beiefritz.lu\/fr\/wp-json\/wp\/v2\/media\/7777"}],"wp:attachment":[{"href":"https:\/\/beiefritz.lu\/fr\/wp-json\/wp\/v2\/media?parent=17808"}],"wp:term":[{"taxonomy":"product_brand","embeddable":true,"href":"https:\/\/beiefritz.lu\/fr\/wp-json\/wp\/v2\/product_brand?post=17808"},{"taxonomy":"product_cat","embeddable":true,"href":"https:\/\/beiefritz.lu\/fr\/wp-json\/wp\/v2\/product_cat?post=17808"},{"taxonomy":"product_tag","embeddable":true,"href":"https:\/\/beiefritz.lu\/fr\/wp-json\/wp\/v2\/product_tag?post=17808"}],"curies":[{"name":"wp","href":"https:\/\/api.w.org\/{rel}","templated":true}]}}