{"id":17880,"date":"2025-09-08T20:12:08","date_gmt":"2025-09-08T18:12:08","guid":{"rendered":"https:\/\/www.beiefritz.lu\/produkt\/doux-amour-le-panier-cadeau-parfait-pour-les-amoureux\/"},"modified":"2025-09-08T20:12:10","modified_gmt":"2025-09-08T18:12:10","slug":"doux-amour-le-panier-cadeau-parfait-pour-les-amoureux","status":"publish","type":"product","link":"https:\/\/beiefritz.lu\/fr\/produkt\/doux-amour-le-panier-cadeau-parfait-pour-les-amoureux\/","title":{"rendered":"Amour sucr\u00e9 &#8211; Le panier cadeau parfait pour les amoureux"},"content":{"rendered":"<p>G\u00e2tez l&rsquo;\u00e9lu(e) de votre c\u0153ur avec notre <strong> panier de la Saint-Valentin \u00ab\u00a0Amour sucr\u00e9\u00a0\u00bb<\/strong>, compos\u00e9 avec amour &#8211; une s\u00e9lection exquise de produits de qualit\u00e9 sup\u00e9rieure, agr\u00e9ment\u00e9s de miel, et de moments de bien-\u00eatre sensuels. Parfait pour une soir\u00e9e romantique \u00e0 deux !<\/p>\n<p><strong>Le panier cadeau contient :<\/strong><br \/>\n\ud83c\udf6f <strong>P\u00e2tes fusilli bio (250g)<\/strong> &#8211; pour un d\u00eener cuisin\u00e9 avec amour<br \/>\n\ud83e\udd43 <strong>Eau-de-vie de miel luxembourgeoise (10cl)<\/strong> &#8211; une touche sucr\u00e9e pour la soir\u00e9e<br \/>\n\ud83c\udf78 <strong>2x Miel-Gin Mini (5cl)<\/strong> &#8211; pour des boissons romantiques<br \/>\n\ud83d\udc96 <strong>Framboise au miel<\/strong> &#8211; douceur fruit\u00e9e \u00e0 savourer<br \/>\n\ud83c\udf6a <strong>Gaufrettes au miel<\/strong> &#8211; tendres et croustillantes, parfaites \u00e0 partager<br \/>\n\ud83d\udd6f\ufe0f <strong>1x Bougie de rose &amp; 2x bougies chauffe-plat en forme de c\u0153ur<\/strong> &#8211; pour un \u00e9clairage d&rsquo;ambiance<br \/>\n\ud83d\udc86\u200d\u2642\ufe0f <strong>Huile de massage \u00e0 la lavande ou bougie de massage \u00e0 la lavande<\/strong> (selon disponibilit\u00e9) &#8211; pour des moments romantiques et relaxants<\/p>\n<p>Chaque produit a \u00e9t\u00e9 soigneusement s\u00e9lectionn\u00e9 pour allier plaisir, amour et moments de bien-\u00eatre dans un cadeau unique.<\/p>\n<p>\ud83c\udf81 <strong>Parfait comme cadeau de Saint-Valentin, d&rsquo;anniversaire ou comme surprise pour quelqu&rsquo;un de sp\u00e9cial !<\/strong><\/p>\n","protected":false},"excerpt":{"rendered":"<p>G\u00e2tez l&rsquo;\u00e9lu(e) de votre c\u0153ur avec notre panier de la Saint-Valentin \u00ab\u00a0Amour sucr\u00e9\u00a0\u00bb, compos\u00e9 avec amour &#8211; une s\u00e9lection exquise de produits de qualit\u00e9 sup\u00e9rieure, agr\u00e9ment\u00e9s de miel, et de moments de bien-\u00eatre sensuels. Parfait pour une soir\u00e9e romantique \u00e0 deux ! Le panier cadeau contient : \ud83c\udf6f P\u00e2tes fusilli bio (250g) &#8211; pour un [&#8230;]\n","protected":false},"featured_media":17883,"comment_status":"open","ping_status":"closed","template":"","meta":[],"product_brand":[],"product_cat":[588,576],"product_tag":[],"class_list":{"0":"post-17880","1":"product","2":"type-product","3":"status-publish","4":"has-post-thumbnail","6":"product_cat-de-beiefritz-fr","7":"product_cat-paniers-cadeaux","9":"first","10":"instock","11":"taxable","12":"shipping-taxable","13":"purchasable","14":"product-type-simple"},"_links":{"self":[{"href":"https:\/\/beiefritz.lu\/fr\/wp-json\/wp\/v2\/product\/17880","targetHints":{"allow":["GET"]}}],"collection":[{"href":"https:\/\/beiefritz.lu\/fr\/wp-json\/wp\/v2\/product"}],"about":[{"href":"https:\/\/beiefritz.lu\/fr\/wp-json\/wp\/v2\/types\/product"}],"replies":[{"embeddable":true,"href":"https:\/\/beiefritz.lu\/fr\/wp-json\/wp\/v2\/comments?post=17880"}],"wp:featuredmedia":[{"embeddable":true,"href":"https:\/\/beiefritz.lu\/fr\/wp-json\/wp\/v2\/media\/17883"}],"wp:attachment":[{"href":"https:\/\/beiefritz.lu\/fr\/wp-json\/wp\/v2\/media?parent=17880"}],"wp:term":[{"taxonomy":"product_brand","embeddable":true,"href":"https:\/\/beiefritz.lu\/fr\/wp-json\/wp\/v2\/product_brand?post=17880"},{"taxonomy":"product_cat","embeddable":true,"href":"https:\/\/beiefritz.lu\/fr\/wp-json\/wp\/v2\/product_cat?post=17880"},{"taxonomy":"product_tag","embeddable":true,"href":"https:\/\/beiefritz.lu\/fr\/wp-json\/wp\/v2\/product_tag?post=17880"}],"curies":[{"name":"wp","href":"https:\/\/api.w.org\/{rel}","templated":true}]}}