{"id":17922,"date":"2025-09-08T20:12:12","date_gmt":"2025-09-08T18:12:12","guid":{"rendered":"https:\/\/www.beiefritz.lu\/?post_type=product&#038;p=17922"},"modified":"2025-09-08T20:12:13","modified_gmt":"2025-09-08T18:12:13","slug":"puralp-moargeliacht-melange-dherbes-bio","status":"publish","type":"product","link":"https:\/\/beiefritz.lu\/fr\/produkt\/puralp-moargeliacht-melange-dherbes-bio\/","title":{"rendered":"PURALP &#8211; \u00ab\u00a0Moargeliacht\u00a0\u00bb m\u00e9lange d&rsquo;herbes bio"},"content":{"rendered":"<p><b>Lumi\u00e8re des marais <\/b><b>(en allemand : Morgenlicht)<\/b><\/p>\n<p>Le go\u00fbt frais d&rsquo;anis et de sureau de notre tisane bio \u00ab\u00a0Moargeliacht\u00a0\u00bb se d\u00e9guste de pr\u00e9f\u00e9rence au lever du soleil. L&rsquo;ingr\u00e9dient principal de ce d\u00e9licieux m\u00e9lange de th\u00e9s, l&rsquo;hysope anis\u00e9e, a un ar\u00f4me anis\u00e9 et ses fleurs bleues labi\u00e9es rappellent de loin les fleurs d&rsquo;hysope. Les fleurs de tournesol d&rsquo;un jaune riche compl\u00e8tent l&rsquo;infusion harmonieuse d&rsquo;herbes.<\/p>\n<p>Notre culture d&rsquo;herbes aromatiques de l&rsquo;Allg\u00e4u est r\u00e9alis\u00e9e avec beaucoup d&rsquo;amour et un travail manuel laborieux selon les directives de \u00ab\u00a0Bioland\u00a0\u00bb.<\/p>\n<p>&nbsp;<\/p>\n<p>Taille de l&#8217;emballage : 25 g<\/p>\n","protected":false},"excerpt":{"rendered":"<p>Lumi\u00e8re des marais (en allemand : Morgenlicht) Le go\u00fbt frais d&rsquo;anis et de sureau de notre tisane bio \u00ab\u00a0Moargeliacht\u00a0\u00bb se d\u00e9guste de pr\u00e9f\u00e9rence au lever du soleil. L&rsquo;ingr\u00e9dient principal de ce d\u00e9licieux m\u00e9lange de th\u00e9s, l&rsquo;hysope anis\u00e9e, a un ar\u00f4me anis\u00e9 et ses fleurs bleues labi\u00e9es rappellent de loin les fleurs d&rsquo;hysope. Les fleurs de [&#8230;]\n","protected":false},"featured_media":15676,"comment_status":"open","ping_status":"closed","template":"","meta":[],"product_brand":[],"product_cat":[656,581,260],"product_tag":[],"class_list":{"0":"post-17922","1":"product","2":"type-product","3":"status-publish","4":"has-post-thumbnail","6":"product_cat-bio-fr","7":"product_cat-the","8":"product_cat-puralp-fr","10":"first","11":"instock","12":"taxable","13":"shipping-taxable","14":"purchasable","15":"product-type-simple"},"_links":{"self":[{"href":"https:\/\/beiefritz.lu\/fr\/wp-json\/wp\/v2\/product\/17922","targetHints":{"allow":["GET"]}}],"collection":[{"href":"https:\/\/beiefritz.lu\/fr\/wp-json\/wp\/v2\/product"}],"about":[{"href":"https:\/\/beiefritz.lu\/fr\/wp-json\/wp\/v2\/types\/product"}],"replies":[{"embeddable":true,"href":"https:\/\/beiefritz.lu\/fr\/wp-json\/wp\/v2\/comments?post=17922"}],"wp:featuredmedia":[{"embeddable":true,"href":"https:\/\/beiefritz.lu\/fr\/wp-json\/wp\/v2\/media\/15676"}],"wp:attachment":[{"href":"https:\/\/beiefritz.lu\/fr\/wp-json\/wp\/v2\/media?parent=17922"}],"wp:term":[{"taxonomy":"product_brand","embeddable":true,"href":"https:\/\/beiefritz.lu\/fr\/wp-json\/wp\/v2\/product_brand?post=17922"},{"taxonomy":"product_cat","embeddable":true,"href":"https:\/\/beiefritz.lu\/fr\/wp-json\/wp\/v2\/product_cat?post=17922"},{"taxonomy":"product_tag","embeddable":true,"href":"https:\/\/beiefritz.lu\/fr\/wp-json\/wp\/v2\/product_tag?post=17922"}],"curies":[{"name":"wp","href":"https:\/\/api.w.org\/{rel}","templated":true}]}}