{"id":17946,"date":"2025-02-16T16:45:08","date_gmt":"2025-02-16T15:45:08","guid":{"rendered":"https:\/\/www.beiefritz.lu\/?post_type=product&#038;p=17946"},"modified":"2025-09-08T20:13:03","modified_gmt":"2025-09-08T18:13:03","slug":"puralp-huile-corporelle-bio-a-ledelweiss-et-au-pin-cembro","status":"publish","type":"product","link":"https:\/\/beiefritz.lu\/fr\/produkt\/puralp-huile-corporelle-bio-a-ledelweiss-et-au-pin-cembro\/","title":{"rendered":"PURALP &#8211; Huile corporelle bio \u00e0 l&rsquo;edelweiss et au pin cembro"},"content":{"rendered":"<p>L&rsquo;huile corporelle bio Edelweiss &amp; Zirbelkiefer de qualit\u00e9 sup\u00e9rieure convient \u00e0 tous les types de peau gr\u00e2ce \u00e0 des extraits d&rsquo;huile de fleurs d&rsquo;edelweiss et de millepertuis pr\u00e9par\u00e9s avec soin. L&rsquo;edelweiss a d\u00e9velopp\u00e9 dans la nature d&rsquo;excellents m\u00e9canismes de protection pour pouvoir se prot\u00e9ger des agressions ext\u00e9rieures de l&rsquo;environnement, qui se transmettent \u00e0 la peau gr\u00e2ce au soin intensif et durable aux extraits d&rsquo;edelweiss. L&rsquo;huile de graines de cynorrhodon (\u00e9galement appel\u00e9e huile de rose sauvage), de couleur rouge orang\u00e9, est riche en acide linol\u00e9nique, un acide gras polyinsatur\u00e9. Le parfum clair du pin cembro et de l&rsquo;huile de gen\u00e9vrier de montagne active le corps et l&rsquo;esprit. En raison de son excellent pouvoir lubrifiant, l&rsquo;huile convient aussi particuli\u00e8rement bien aux massages.<\/p>\n<p>&nbsp;<\/p>\n<p>Conditionnement : 100 ml<\/p>\n","protected":false},"excerpt":{"rendered":"<p>L&rsquo;huile corporelle bio Edelweiss &amp; Zirbelkiefer de qualit\u00e9 sup\u00e9rieure convient \u00e0 tous les types de peau gr\u00e2ce \u00e0 des extraits d&rsquo;huile de fleurs d&rsquo;edelweiss et de millepertuis pr\u00e9par\u00e9s avec soin. L&rsquo;edelweiss a d\u00e9velopp\u00e9 dans la nature d&rsquo;excellents m\u00e9canismes de protection pour pouvoir se prot\u00e9ger des agressions ext\u00e9rieures de l&rsquo;environnement, qui se transmettent \u00e0 la peau [&#8230;]\n","protected":false},"featured_media":17949,"comment_status":"open","ping_status":"closed","template":"","meta":[],"product_brand":[],"product_cat":[659,656,257,260,530],"product_tag":[],"class_list":{"0":"post-17946","1":"product","2":"type-product","3":"status-publish","4":"has-post-thumbnail","6":"product_cat-bien-etre","7":"product_cat-bio-fr","8":"product_cat-nouveau","9":"product_cat-puralp-fr","10":"product_cat-soins-du-corps","12":"first","13":"instock","14":"taxable","15":"shipping-taxable","16":"purchasable","17":"product-type-simple"},"_links":{"self":[{"href":"https:\/\/beiefritz.lu\/fr\/wp-json\/wp\/v2\/product\/17946","targetHints":{"allow":["GET"]}}],"collection":[{"href":"https:\/\/beiefritz.lu\/fr\/wp-json\/wp\/v2\/product"}],"about":[{"href":"https:\/\/beiefritz.lu\/fr\/wp-json\/wp\/v2\/types\/product"}],"replies":[{"embeddable":true,"href":"https:\/\/beiefritz.lu\/fr\/wp-json\/wp\/v2\/comments?post=17946"}],"wp:featuredmedia":[{"embeddable":true,"href":"https:\/\/beiefritz.lu\/fr\/wp-json\/wp\/v2\/media\/17949"}],"wp:attachment":[{"href":"https:\/\/beiefritz.lu\/fr\/wp-json\/wp\/v2\/media?parent=17946"}],"wp:term":[{"taxonomy":"product_brand","embeddable":true,"href":"https:\/\/beiefritz.lu\/fr\/wp-json\/wp\/v2\/product_brand?post=17946"},{"taxonomy":"product_cat","embeddable":true,"href":"https:\/\/beiefritz.lu\/fr\/wp-json\/wp\/v2\/product_cat?post=17946"},{"taxonomy":"product_tag","embeddable":true,"href":"https:\/\/beiefritz.lu\/fr\/wp-json\/wp\/v2\/product_tag?post=17946"}],"curies":[{"name":"wp","href":"https:\/\/api.w.org\/{rel}","templated":true}]}}