{"id":18174,"date":"2025-08-13T00:00:22","date_gmt":"2025-08-12T22:00:22","guid":{"rendered":"https:\/\/www.beiefritz.lu\/produkt\/little-bee-fresh-verre-a-cereales-a-emporter-450ml\/"},"modified":"2025-08-13T00:00:25","modified_gmt":"2025-08-12T22:00:25","slug":"little-bee-fresh-verre-a-cereales-a-emporter-450ml","status":"publish","type":"product","link":"https:\/\/beiefritz.lu\/fr\/produkt\/little-bee-fresh-verre-a-cereales-a-emporter-450ml\/","title":{"rendered":"LITTLE BEE FRESH &#8211; Verre \u00e0 c\u00e9r\u00e9ales \u00e0 emporter &#8211; 450ml"},"content":{"rendered":"<p><strong>Verre \u00e0 c\u00e9r\u00e9ales \u00e0 emporter &#8211; pour ne plus jamais avoir de c\u00e9r\u00e9ales boueuses !<\/strong><\/p>\n<ul>\n<li>Verre de 450 ml<\/li>\n<li>r\u00e9sistant au lave-vaisselle &amp; sans plastique<\/li>\n<li>avec s\u00e9parateur de 150ml, s\u00e9pare les liquides des secs<\/li>\n<li>avec joint en silicone sur l&rsquo;insert de s\u00e9paration<\/li>\n<li>Couvercle et s\u00e9parateur en acier inoxydable<\/li>\n<\/ul>\n<p>&nbsp;<\/p>\n<p><strong>Livraison :<\/strong> 1x verre \u00e0 c\u00e9r\u00e9ales 450 ml avec s\u00e9parateur en acier inoxydable<\/p>\n","protected":false},"excerpt":{"rendered":"<p>Verre \u00e0 c\u00e9r\u00e9ales \u00e0 emporter &#8211; pour ne plus jamais avoir de c\u00e9r\u00e9ales boueuses ! Verre de 450 ml r\u00e9sistant au lave-vaisselle &amp; sans plastique avec s\u00e9parateur de 150ml, s\u00e9pare les liquides des secs avec joint en silicone sur l&rsquo;insert de s\u00e9paration Couvercle et s\u00e9parateur en acier inoxydable &nbsp; Livraison : 1x verre \u00e0 c\u00e9r\u00e9ales [&#8230;]\n","protected":false},"featured_media":18198,"comment_status":"open","ping_status":"closed","template":"","meta":[],"product_brand":[],"product_cat":[564,496],"product_tag":[],"class_list":{"0":"post-18174","1":"product","2":"type-product","3":"status-publish","4":"has-post-thumbnail","6":"product_cat-little-bee-fresh-fr","7":"product_cat-zero-dechet","9":"first","10":"instock","11":"taxable","12":"shipping-taxable","13":"purchasable","14":"product-type-simple"},"_links":{"self":[{"href":"https:\/\/beiefritz.lu\/fr\/wp-json\/wp\/v2\/product\/18174","targetHints":{"allow":["GET"]}}],"collection":[{"href":"https:\/\/beiefritz.lu\/fr\/wp-json\/wp\/v2\/product"}],"about":[{"href":"https:\/\/beiefritz.lu\/fr\/wp-json\/wp\/v2\/types\/product"}],"replies":[{"embeddable":true,"href":"https:\/\/beiefritz.lu\/fr\/wp-json\/wp\/v2\/comments?post=18174"}],"wp:featuredmedia":[{"embeddable":true,"href":"https:\/\/beiefritz.lu\/fr\/wp-json\/wp\/v2\/media\/18198"}],"wp:attachment":[{"href":"https:\/\/beiefritz.lu\/fr\/wp-json\/wp\/v2\/media?parent=18174"}],"wp:term":[{"taxonomy":"product_brand","embeddable":true,"href":"https:\/\/beiefritz.lu\/fr\/wp-json\/wp\/v2\/product_brand?post=18174"},{"taxonomy":"product_cat","embeddable":true,"href":"https:\/\/beiefritz.lu\/fr\/wp-json\/wp\/v2\/product_cat?post=18174"},{"taxonomy":"product_tag","embeddable":true,"href":"https:\/\/beiefritz.lu\/fr\/wp-json\/wp\/v2\/product_tag?post=18174"}],"curies":[{"name":"wp","href":"https:\/\/api.w.org\/{rel}","templated":true}]}}