{"id":18323,"date":"2025-05-06T17:01:54","date_gmt":"2025-05-06T15:01:54","guid":{"rendered":"https:\/\/www.beiefritz.lu\/?post_type=product&#038;p=18323"},"modified":"2025-09-27T22:20:03","modified_gmt":"2025-09-27T20:20:03","slug":"puralp-bougie-de-massage-bio-a-ledelweiss-et-au-pin-cembro","status":"publish","type":"product","link":"https:\/\/beiefritz.lu\/fr\/produkt\/puralp-bougie-de-massage-bio-a-ledelweiss-et-au-pin-cembro\/","title":{"rendered":"PURALP &#8211; Bougie de massage bio \u00e0 l&rsquo;edelweiss et au pin cembro"},"content":{"rendered":"<div>\n<div class=\"default-style\">La bougie de massage bio \u00e0 l&rsquo;edelweiss et au pin cembro contient des huiles v\u00e9g\u00e9tales pr\u00e9cieuses et de la cire d&rsquo;abeille chauffante de premi\u00e8re qualit\u00e9 \u00ab\u00a0Bioland\u00a0\u00bb et offre une exp\u00e9rience de bien-\u00eatre tr\u00e8s particuli\u00e8re. Outre la chaleur agr\u00e9able de la cire d&rsquo;huile de massage, la lumi\u00e8re apaisante des bougies et le parfum agr\u00e9able contribuent \u00e0 la d\u00e9tente globale.<\/div>\n<div><\/div>\n<div>La bougie de massage bio activante est adapt\u00e9e \u00e0 tous les types de peau gr\u00e2ce \u00e0 des extraits d&rsquo;huile de fleurs d&rsquo;edelweiss et de millepertuis pr\u00e9par\u00e9s avec soin. L&rsquo;edelweiss a d\u00e9velopp\u00e9 dans la nature d&rsquo;excellents m\u00e9canismes de protection pour pouvoir se prot\u00e9ger des agressions ext\u00e9rieures de l&rsquo;environnement, qui se transmettent \u00e0 la peau gr\u00e2ce aux soins intensifs et de longue dur\u00e9e aux extraits d&rsquo;edelweiss. L&rsquo;huile de graines de cynorrhodon (\u00e9galement appel\u00e9e huile de rose sauvage), de couleur rouge orang\u00e9, est riche en acide linol\u00e9nique, un acide gras polyinsatur\u00e9. Le parfum clair du pin cembro et de l&rsquo;huile de gen\u00e9vrier de montagne active le corps et l&rsquo;esprit.<\/div>\n<\/div>\n<div><\/div>\n<div>\n<div class=\"woocommerce-product-details__short-description\">\n<p><em>Taille de l&#8217;emballage : 90 ml<\/em><\/p>\n<\/div>\n<\/div>\n","protected":false},"excerpt":{"rendered":"<p>La bougie de massage bio \u00e0 l&rsquo;edelweiss et au pin cembro contient des huiles v\u00e9g\u00e9tales pr\u00e9cieuses et de la cire d&rsquo;abeille chauffante de premi\u00e8re qualit\u00e9 \u00ab\u00a0Bioland\u00a0\u00bb et offre une exp\u00e9rience de bien-\u00eatre tr\u00e8s particuli\u00e8re. Outre la chaleur agr\u00e9able de la cire d&rsquo;huile de massage, la lumi\u00e8re apaisante des bougies et le parfum agr\u00e9able contribuent \u00e0 [&#8230;]\n","protected":false},"featured_media":18326,"comment_status":"open","ping_status":"closed","template":"","meta":[],"product_brand":[],"product_cat":[659,656,257,260,530],"product_tag":[],"class_list":{"0":"post-18323","1":"product","2":"type-product","3":"status-publish","4":"has-post-thumbnail","6":"product_cat-bien-etre","7":"product_cat-bio-fr","8":"product_cat-nouveau","9":"product_cat-puralp-fr","10":"product_cat-soins-du-corps","12":"first","13":"instock","14":"taxable","15":"shipping-taxable","16":"purchasable","17":"product-type-simple"},"_links":{"self":[{"href":"https:\/\/beiefritz.lu\/fr\/wp-json\/wp\/v2\/product\/18323","targetHints":{"allow":["GET"]}}],"collection":[{"href":"https:\/\/beiefritz.lu\/fr\/wp-json\/wp\/v2\/product"}],"about":[{"href":"https:\/\/beiefritz.lu\/fr\/wp-json\/wp\/v2\/types\/product"}],"replies":[{"embeddable":true,"href":"https:\/\/beiefritz.lu\/fr\/wp-json\/wp\/v2\/comments?post=18323"}],"wp:featuredmedia":[{"embeddable":true,"href":"https:\/\/beiefritz.lu\/fr\/wp-json\/wp\/v2\/media\/18326"}],"wp:attachment":[{"href":"https:\/\/beiefritz.lu\/fr\/wp-json\/wp\/v2\/media?parent=18323"}],"wp:term":[{"taxonomy":"product_brand","embeddable":true,"href":"https:\/\/beiefritz.lu\/fr\/wp-json\/wp\/v2\/product_brand?post=18323"},{"taxonomy":"product_cat","embeddable":true,"href":"https:\/\/beiefritz.lu\/fr\/wp-json\/wp\/v2\/product_cat?post=18323"},{"taxonomy":"product_tag","embeddable":true,"href":"https:\/\/beiefritz.lu\/fr\/wp-json\/wp\/v2\/product_tag?post=18323"}],"curies":[{"name":"wp","href":"https:\/\/api.w.org\/{rel}","templated":true}]}}