{"id":18335,"date":"2025-05-07T23:36:54","date_gmt":"2025-05-07T21:36:54","guid":{"rendered":"https:\/\/www.beiefritz.lu\/produkt\/grain-de-buckfast-6-alveoles-fixe-sur-pied\/"},"modified":"2026-03-18T14:08:53","modified_gmt":"2026-03-18T13:08:53","slug":"grain-de-buckfast-6-alveoles-fixe-sur-pied","status":"publish","type":"product","link":"https:\/\/beiefritz.lu\/fr\/produkt\/grain-de-buckfast-6-alveoles-fixe-sur-pied\/","title":{"rendered":"Grain de Buckfast 6 alv\u00e9oles -fix\u00e9 sur pied-"},"content":{"rendered":"<p>Collecte \u00e0 partir de juillet 2026<\/p>\n","protected":false},"excerpt":{"rendered":"<p>Collecte \u00e0 partir de juillet 2026<\/p>\n","protected":false},"featured_media":18333,"comment_status":"open","ping_status":"closed","template":"","meta":[],"product_brand":[],"product_cat":[679],"product_tag":[],"class_list":{"0":"post-18335","1":"product","2":"type-product","3":"status-publish","4":"has-post-thumbnail","6":"product_cat-derive","7":"product_shipping_class-enlevement-uniquement","9":"first","10":"onbackorder","11":"taxable","12":"shipping-taxable","13":"purchasable","14":"product-type-variable"},"_links":{"self":[{"href":"https:\/\/beiefritz.lu\/fr\/wp-json\/wp\/v2\/product\/18335","targetHints":{"allow":["GET"]}}],"collection":[{"href":"https:\/\/beiefritz.lu\/fr\/wp-json\/wp\/v2\/product"}],"about":[{"href":"https:\/\/beiefritz.lu\/fr\/wp-json\/wp\/v2\/types\/product"}],"replies":[{"embeddable":true,"href":"https:\/\/beiefritz.lu\/fr\/wp-json\/wp\/v2\/comments?post=18335"}],"wp:featuredmedia":[{"embeddable":true,"href":"https:\/\/beiefritz.lu\/fr\/wp-json\/wp\/v2\/media\/18333"}],"wp:attachment":[{"href":"https:\/\/beiefritz.lu\/fr\/wp-json\/wp\/v2\/media?parent=18335"}],"wp:term":[{"taxonomy":"product_brand","embeddable":true,"href":"https:\/\/beiefritz.lu\/fr\/wp-json\/wp\/v2\/product_brand?post=18335"},{"taxonomy":"product_cat","embeddable":true,"href":"https:\/\/beiefritz.lu\/fr\/wp-json\/wp\/v2\/product_cat?post=18335"},{"taxonomy":"product_tag","embeddable":true,"href":"https:\/\/beiefritz.lu\/fr\/wp-json\/wp\/v2\/product_tag?post=18335"}],"curies":[{"name":"wp","href":"https:\/\/api.w.org\/{rel}","templated":true}]}}