{"id":18462,"date":"2025-09-27T22:18:42","date_gmt":"2025-09-27T20:18:42","guid":{"rendered":"https:\/\/www.beiefritz.lu\/produkt\/de-beiefritz-porte-cles-dont-worry-bee-happy-jaune\/"},"modified":"2025-09-27T22:18:49","modified_gmt":"2025-09-27T20:18:49","slug":"de-beiefritz-porte-cles-dont-worry-bee-happy-jaune","status":"publish","type":"product","link":"https:\/\/beiefritz.lu\/fr\/produkt\/de-beiefritz-porte-cles-dont-worry-bee-happy-jaune\/","title":{"rendered":"DE BEIEFRITZ &#8211; Porte-cl\u00e9s \u00ab Don&rsquo;t worry &#8211; bee happy \u00bb &#8211; jaune"},"content":{"rendered":"<p data-start=\"813\" data-end=\"1041\">Ce <strong data-start=\"820\" data-end=\"852\">porte-cl\u00e9s jaune<\/strong> vous donnera le sourire \u00e0 coup s\u00fbr. Le motif mignon avec le slogan <strong data-start=\"919\" data-end=\"948\">\u00ab Don&rsquo;t worry &#8211; Bee happy \u00bb<\/strong> vous met imm\u00e9diatement de bonne humeur. C&rsquo;est pourquoi il est parfait comme cadeau ou pour vous aider au quotidien.  <\/p>\n<p data-start=\"1043\" data-end=\"1349\">De plus, il est plus que joli : au dos, il y a un <strong data-start=\"1120\" data-end=\"1149\">jeton d&rsquo;achat magn\u00e9tique<\/strong>. Vous pouvez l&rsquo;enlever facilement avec le pouce. Il s&rsquo;ins\u00e8re ensuite facilement dans tous les chariots du commerce. Une fois vos achats termin\u00e9s, il se remet automatiquement en place &#8211; simple et intelligent.   <\/p>\n<p data-start=\"1351\" data-end=\"1574\">En outre, le pendentif est fabriqu\u00e9 en cuir synth\u00e9tique et en m\u00e9tal robustes. Il est donc durable et r\u00e9sistant. Si vous cherchez quelque chose de pratique et d&rsquo;\u00e9l\u00e9gant \u00e0 la fois, vous \u00eates au bon endroit.  <\/p>\n<p data-start=\"1576\" data-end=\"1880\">Vous pouvez par exemple l&rsquo;offrir en cadeau \u00e0 vos amis, votre famille ou vos coll\u00e8gues. L&rsquo;avantage est que la puce est \u00e0 port\u00e9e de main et que vous n&rsquo;avez pas besoin de chercher de la monnaie. Si vous faites souvent vos courses, vous allez l&rsquo;adorer.  <\/p>\n<p data-start=\"1882\" data-end=\"2029\">Il reste n\u00e9anmoins l\u00e9ger, compact et se glisse dans toutes les poches. De plus, le slogan humoristique fait de ce pendentif un v\u00e9ritable accroche-regard. <\/p>\n<p data-start=\"1882\" data-end=\"2029\">Remarque : le jeton d&rsquo;achat est amovible, mais suffisamment s\u00e9curis\u00e9 pour ne pas tomber accidentellement. Vous n&rsquo;avez plus besoin de puce suppl\u00e9mentaire ou de monnaie dans votre porte-monnaie. Ainsi, vous avez toujours tout \u00e0 port\u00e9e de main lorsque vous faites vos courses &#8211; sans effort. Et gr\u00e2ce \u00e0 son anneau solide, vous pouvez l&rsquo;attacher en toute s\u00e9curit\u00e9 \u00e0 votre porte-cl\u00e9s ou \u00e0 votre sac \u00e0 dos.   <\/p>\n<p data-start=\"1882\" data-end=\"2029\">D&rsquo;ailleurs, le pendentif n&rsquo;est pas seulement utile dans la vie de tous les jours, mais il est aussi une aide pratique et charmante lors des d\u00e9placements, des vacances ou des courses du week-end. C&rsquo;est pourquoi il constitue \u00e9galement une belle attention pour les coll\u00e8gues ou les clients, par exemple en guise de remerciement ou de cadeau lors d&rsquo;un march\u00e9 ou d&rsquo;un \u00e9v\u00e9nement. C&rsquo;est ainsi que vous offrez de la joie avec une fonction.  <\/p>\n<p data-start=\"632\" data-end=\"930\"><a href=\"https:\/\/beiefritz.lu\/wp-content\/uploads\/2025\/06\/Schluesselanhaenger_verso_yellow.png\"><img loading=\"lazy\" decoding=\"async\" class=\" wp-image-18407 alignleft\" src=\"https:\/\/beiefritz.lu\/wp-content\/uploads\/2025\/06\/Schluesselanhaenger_verso_yellow.png\" alt=\"\" width=\"233\" height=\"233\" srcset=\"https:\/\/beiefritz.lu\/wp-content\/uploads\/2025\/06\/Schluesselanhaenger_verso_yellow.png 1080w, https:\/\/beiefritz.lu\/wp-content\/uploads\/2025\/06\/Schluesselanhaenger_verso_yellow-300x300.png 300w, https:\/\/beiefritz.lu\/wp-content\/uploads\/2025\/06\/Schluesselanhaenger_verso_yellow-1024x1024.png 1024w, https:\/\/beiefritz.lu\/wp-content\/uploads\/2025\/06\/Schluesselanhaenger_verso_yellow-150x150.png 150w, https:\/\/beiefritz.lu\/wp-content\/uploads\/2025\/06\/Schluesselanhaenger_verso_yellow-768x768.png 768w, https:\/\/beiefritz.lu\/wp-content\/uploads\/2025\/06\/Schluesselanhaenger_verso_yellow-247x247.png 247w, https:\/\/beiefritz.lu\/wp-content\/uploads\/2025\/06\/Schluesselanhaenger_verso_yellow-510x510.png 510w, https:\/\/beiefritz.lu\/wp-content\/uploads\/2025\/06\/Schluesselanhaenger_verso_yellow-100x100.png 100w\" sizes=\"auto, (max-width: 233px) 100vw, 233px\" \/><\/a><\/p>\n<h3 data-start=\"1214\" data-end=\"1235\">\u2705 D\u00e9tails du produit :<\/h3>\n<ul>\n<li data-start=\"1511\" data-end=\"1529\">Couleur : <strong>Jaune<\/strong><\/li>\n<li data-start=\"1532\" data-end=\"1578\">Motif : <strong data-start=\"1539\" data-end=\"1568\">\u00ab Don&rsquo;t worry &#8211; Bee happy \u00bb<\/strong> avec une abeille<\/li>\n<li data-start=\"1581\" data-end=\"1614\">Avec <strong data-start=\"1585\" data-end=\"1614\">jeton d&rsquo;achat magn\u00e9tique<\/strong><\/li>\n<li data-start=\"1617\" data-end=\"1646\">Mat\u00e9riaux : Similicuir &amp; m\u00e9tal<\/li>\n<li data-start=\"1649\" data-end=\"1670\">Taille : environ 7 \u00d7 4 cm<\/li>\n<li data-start=\"1673\" data-end=\"1698\">R\u00e9utilisable &amp; robuste<\/li>\n<li data-start=\"1701\" data-end=\"1740\">Parfait comme cadeau ou comme aide au quotidien<\/li>\n<\/ul>\n<p>&nbsp;<\/p>\n<p>\ud83d\udc49 Consultez <strong data-start=\"2606\" data-end=\"2693\">\u00e9galement nos <a class=\"cursor-pointer\" href=\"https:\/\/www.beiefritz.lu\/fr\/idees-de-cadeau\/\" target=\"_new\" rel=\"noopener\" data-start=\"2630\" data-end=\"2691\">autres id\u00e9es de cadeaux<\/a><\/strong>.<br data-start=\"2697\" data-end=\"2700\">\ud83d\udcda En savoir plus sur <a class=\"\" href=\"https:\/\/de.wikipedia.org\/wiki\/Einkaufswagenchip\" target=\"_new\" rel=\"noopener\" data-start=\"2713\" data-end=\"2796\">les jetons de caddie sur Wikipedia<\/a><\/p>\n","protected":false},"excerpt":{"rendered":"<p>Ce porte-cl\u00e9s jaune vous donnera le sourire \u00e0 coup s\u00fbr. Le motif mignon avec le slogan \u00ab Don&rsquo;t worry &#8211; Bee happy \u00bb vous met imm\u00e9diatement de bonne humeur. C&rsquo;est pourquoi il est parfait comme cadeau ou pour vous aider au quotidien. De plus, il est plus que joli : au dos, il y a [&#8230;]\n","protected":false},"featured_media":18415,"comment_status":"open","ping_status":"closed","template":"","meta":[],"product_brand":[],"product_cat":[684,257],"product_tag":[],"class_list":{"0":"post-18462","1":"product","2":"type-product","3":"status-publish","4":"has-post-thumbnail","6":"product_cat-porte-cles","7":"product_cat-nouveau","9":"first","10":"instock","11":"taxable","12":"shipping-taxable","13":"purchasable","14":"product-type-simple"},"_links":{"self":[{"href":"https:\/\/beiefritz.lu\/fr\/wp-json\/wp\/v2\/product\/18462","targetHints":{"allow":["GET"]}}],"collection":[{"href":"https:\/\/beiefritz.lu\/fr\/wp-json\/wp\/v2\/product"}],"about":[{"href":"https:\/\/beiefritz.lu\/fr\/wp-json\/wp\/v2\/types\/product"}],"replies":[{"embeddable":true,"href":"https:\/\/beiefritz.lu\/fr\/wp-json\/wp\/v2\/comments?post=18462"}],"wp:featuredmedia":[{"embeddable":true,"href":"https:\/\/beiefritz.lu\/fr\/wp-json\/wp\/v2\/media\/18415"}],"wp:attachment":[{"href":"https:\/\/beiefritz.lu\/fr\/wp-json\/wp\/v2\/media?parent=18462"}],"wp:term":[{"taxonomy":"product_brand","embeddable":true,"href":"https:\/\/beiefritz.lu\/fr\/wp-json\/wp\/v2\/product_brand?post=18462"},{"taxonomy":"product_cat","embeddable":true,"href":"https:\/\/beiefritz.lu\/fr\/wp-json\/wp\/v2\/product_cat?post=18462"},{"taxonomy":"product_tag","embeddable":true,"href":"https:\/\/beiefritz.lu\/fr\/wp-json\/wp\/v2\/product_tag?post=18462"}],"curies":[{"name":"wp","href":"https:\/\/api.w.org\/{rel}","templated":true}]}}