{"id":18527,"date":"2025-08-12T23:49:59","date_gmt":"2025-08-12T21:49:59","guid":{"rendered":"https:\/\/www.beiefritz.lu\/produkt\/de-beiefritz-hivey-biere-au-miel-luxembourgeoise-en-pack-de-six\/"},"modified":"2025-08-23T22:17:39","modified_gmt":"2025-08-23T20:17:39","slug":"de-beiefritz-hivey-biere-au-miel-luxembourgeoise-en-pack-de-six","status":"publish","type":"product","link":"https:\/\/beiefritz.lu\/fr\/produkt\/de-beiefritz-hivey-biere-au-miel-luxembourgeoise-en-pack-de-six\/","title":{"rendered":"DE BEIEFRITZ &#8211; HIVEY Bi\u00e8re au miel luxembourgeoise en pack de six"},"content":{"rendered":"<h3 data-start=\"174\" data-end=\"248\"><strong data-start=\"178\" data-end=\"248\">HIVEY Bi\u00e8re au miel Sixpack &#8211; Bi\u00e8re artisanale luxembourgeoise de caract\u00e8re<\/strong><\/h3>\n<p data-start=\"250\" data-end=\"443\">D\u00e9couvrez le go\u00fbt unique de HIVEY &#8211; notre bi\u00e8re au miel artisanale du Luxembourg.<br data-start=\"354\" data-end=\"357\">Ce six-pack vous apporte directement chez vous <strong data-start=\"390\" data-end=\"404\">6 bouteilles<\/strong> de la plus d\u00e9licieuse des bi\u00e8res.<\/p>\n<p data-start=\"445\" data-end=\"657\">HIVEY associe l&rsquo;art brassicole r\u00e9gional \u00e0 du miel luxembourgeois authentique et \u00e0 des houblons soigneusement s\u00e9lectionn\u00e9s. Le r\u00e9sultat : une bi\u00e8re artisanale de caract\u00e8re qui n&rsquo;est pas douce, mais agr\u00e9ablement am\u00e8re et particuli\u00e8rement gouleyante. <\/p>\n<p data-start=\"659\" data-end=\"927\">Parfait pour les soir\u00e9es conviviales, les barbecues ou comme cadeau de qualit\u00e9 pour les amateurs de bi\u00e8re. Le go\u00fbt finement malt\u00e9 avec une subtile note de miel fait de chaque bouteille un v\u00e9ritable morceau de Luxembourg &#8211; et dans le pack de six, vous en avez tout de suite assez pour partager ou savourer pendant plusieurs soir\u00e9es. <\/p>\n<p data-start=\"934\" data-end=\"1101\"><a href=\"https:\/\/www.beiefritz.lu\/wp-content\/uploads\/2019\/08\/Design-ohne-Titel-128.png\"><img loading=\"lazy\" decoding=\"async\" class=\"aligncenter wp-image-18133 size-medium\" src=\"https:\/\/www.beiefritz.lu\/wp-content\/uploads\/2019\/08\/Design-ohne-Titel-128-300x300.png\" alt=\"\" width=\"300\" height=\"300\" srcset=\"https:\/\/beiefritz.lu\/wp-content\/uploads\/2019\/08\/Design-ohne-Titel-128-300x300.png 300w, https:\/\/beiefritz.lu\/wp-content\/uploads\/2019\/08\/Design-ohne-Titel-128-1024x1024.png 1024w, https:\/\/beiefritz.lu\/wp-content\/uploads\/2019\/08\/Design-ohne-Titel-128-150x150.png 150w, https:\/\/beiefritz.lu\/wp-content\/uploads\/2019\/08\/Design-ohne-Titel-128-768x768.png 768w, https:\/\/beiefritz.lu\/wp-content\/uploads\/2019\/08\/Design-ohne-Titel-128-247x247.png 247w, https:\/\/beiefritz.lu\/wp-content\/uploads\/2019\/08\/Design-ohne-Titel-128-510x510.png 510w, https:\/\/beiefritz.lu\/wp-content\/uploads\/2019\/08\/Design-ohne-Titel-128-100x100.png 100w, https:\/\/beiefritz.lu\/wp-content\/uploads\/2019\/08\/Design-ohne-Titel-128.png 1080w\" sizes=\"auto, (max-width: 300px) 100vw, 300px\" \/><\/a><\/p>\n<p data-start=\"934\" data-end=\"1101\"><strong data-start=\"934\" data-end=\"952\">Ingr\u00e9dients :<\/strong> Eau, malt d&rsquo;orge, miel (Luxembourg), houblon, levure<br data-start=\"1005\" data-end=\"1008\"><strong data-start=\"1008\" data-end=\"1026\">Teneur en alcool :<\/strong> 6 % vol. &#8211; 9 EBC &#8211; 29 IBU <br data-start=\"1052\" data-end=\"1055\"><strong data-start=\"1055\" data-end=\"1066\">Contenu :<\/strong> 6 \u00d7 33cl &#8211; non filtr\u00e9 &amp; naturellement trouble<\/p>\n<p data-start=\"1103\" data-end=\"1208\"><strong data-start=\"1103\" data-end=\"1112\">Conseil :<\/strong> Servez de pr\u00e9f\u00e9rence \u00e0 une <strong data-start=\"1095\" data-end=\"1104\">temp\u00e9rature<\/strong> d&rsquo;environ <strong data-start=\"1095\" data-end=\"1104\">10 \u00b0C<\/strong> &#8211; non pas glac\u00e9e, mais l\u00e9g\u00e8rement temp\u00e9r\u00e9e, afin que la fine note de miel puisse se d\u00e9velopper de mani\u00e8re optimale. D\u00e9gustez HIVEY id\u00e9alement dans un grand verre \u00e0 vin rouge. &#8211; Id\u00e9al avec des fromages forts, des viandes grill\u00e9es ou tout simplement en solo.  <\/p>\n<h3 data-start=\"1160\" data-end=\"1182\"><strong data-start=\"1164\" data-end=\"1180\">Pourquoi HIVEY ?<\/strong><\/h3>\n<p data-start=\"1183\" data-end=\"1529\">Parce que ce n&rsquo;est pas seulement une boisson, <strong data-start=\"1218\" data-end=\"1234\">mais aussi<\/strong> une philosophie : r\u00e9gionale, honn\u00eate et brass\u00e9e avec amour.<br data-start=\"1293\" data-end=\"1296\"><strong data-start=\"1296\" data-end=\"1320\">Derri\u00e8re chaque bouteille<\/strong>, il y a la passion, l&rsquo;exp\u00e9rience <strong data-start=\"1352\" data-end=\"1359\">et<\/strong> la force de la nature.<br data-start=\"1380\" data-end=\"1383\"><strong data-start=\"1383\" data-end=\"1394\">Alors que<\/strong> de nombreuses bi\u00e8res sont interchangeables, HIVEY <strong data-start=\"1426\" data-end=\"1436\">reste<\/strong> un v\u00e9ritable original.<br data-start=\"1463\" data-end=\"1466\"><strong data-start=\"1466\" data-end=\"1493\">Go\u00fbtez-la vous-m\u00eame &#8211; car<\/strong> vous sentirez la diff\u00e9rence.<\/p>\n<h3 data-start=\"1536\" data-end=\"1564\"><strong data-start=\"1540\" data-end=\"1562\">Le saviez-vous ?<\/strong><\/h3>\n<p data-start=\"1565\" data-end=\"2013\">HIVEY n&rsquo;est pas n&rsquo;importe quelle bi\u00e8re.<br data-start=\"1604\" data-end=\"1607\"> Elle a \u00e9t\u00e9 con\u00e7ue pour les personnes qui appr\u00e9cient la qualit\u00e9 artisanale <strong data-start=\"1678\" data-end=\"1685\">et<\/strong> le go\u00fbt honn\u00eate.<br data-start=\"1725\" data-end=\"1728\"> Elle est<strong data-start=\"1728\" data-end=\"1740\">\u00e9galement<\/strong> synonyme de responsabilit\u00e9 r\u00e9gionale &#8211; le miel utilis\u00e9 provient directement de notre propre apiculture <strong data-start=\"1780\" data-end=\"1795\">.<\/strong><br data-start=\"1859\" data-end=\"1862\"><strong data-start=\"1862\" data-end=\"1871\">C&rsquo;est donc<\/strong> un peu de nature qui coule dans votre verre \u00e0 chaque gorg\u00e9e.<br data-start=\"1926\" data-end=\"1929\"><strong data-start=\"1929\" data-end=\"1945\">Donc, si vous<\/strong> cherchez une bi\u00e8re qui a du caract\u00e8re <strong data-start=\"1982\" data-end=\"1990\">,<\/strong> vous allez adorer HIVEY.<\/p>\n<h3 data-start=\"2020\" data-end=\"2064\">\ud83d\udccc <strong data-start=\"2027\" data-end=\"2064\">Questions fr\u00e9quentes sur la bi\u00e8re au miel HIVEY<\/strong><\/h3>\n<p data-start=\"2066\" data-end=\"2310\"><strong data-start=\"2066\" data-end=\"2122\">Quel est le go\u00fbt de HIVEY par rapport \u00e0 une bi\u00e8re classique ?<\/strong><br data-start=\"2122\" data-end=\"2125\">HIVEY n&rsquo;est pas sucr\u00e9e comme certaines bi\u00e8res au miel, <strong data-start=\"2168\" data-end=\"2179\">mais<\/strong> agr\u00e9ablement am\u00e8re et rafra\u00eechissante.<br data-start=\"2217\" data-end=\"2220\">La note de miel reste discr\u00e8tement en arri\u00e8re-plan <strong data-start=\"2263\" data-end=\"2270\">et<\/strong> conf\u00e8re \u00e0 la bi\u00e8re une profondeur particuli\u00e8re.<\/p>\n<p data-start=\"2312\" data-end=\"2552\"><strong data-start=\"2312\" data-end=\"2342\">HIVEY est-il un produit bio ?<\/strong><br data-start=\"2342\" data-end=\"2345\">Notre miel provient de notre propre apiculture au Luxembourg <strong data-start=\"2405\" data-end=\"2412\">et<\/strong> est r\u00e9colt\u00e9 avec le plus grand soin.<br data-start=\"2448\" data-end=\"2451\"> Nous veillons<strong data-start=\"2451\" data-end=\"2459\">\u00e9galement<\/strong> \u00e0 la plus haute qualit\u00e9 de notre brassage &#8211; mais nous ne portons pas de label bio officiel.<\/p>\n<p data-start=\"2559\" data-end=\"2794\">\ud83d\udfe1 <strong data-start=\"2562\" data-end=\"2629\">D\u00e9couvrez-le maintenant et faites l&rsquo;exp\u00e9rience du vrai go\u00fbt du Luxembourg.<\/strong><br data-start=\"2629\" data-end=\"2632\">\ud83d\udc49 Vous trouverez \u00e9galement ici notre <a class=\"cursor-pointer\" href=\"https:\/\/www.beiefritz.lu\/fr\/spiritueux\/\" target=\"_new\" rel=\"noopener\" data-start=\"2664\" data-end=\"2750\">eau-de-vie de miel maintes fois prim\u00e9e<\/a> &#8211; excellente, de caract\u00e8re &amp; r\u00e9gionale.<\/p>\n<p data-start=\"936\" data-end=\"1099\"><span style=\"font-size: 14.4px;\">\ud83d\udcda  <\/span><a style=\"font-size: 14.4px;\" href=\"https:\/\/de.wikipedia.org\/wiki\/Honigbier\">Qu&rsquo;est-ce que la bi\u00e8re au miel ? (Wikipedia) <\/a><\/p>\n","protected":false},"excerpt":{"rendered":"<p>HIVEY Bi\u00e8re au miel Sixpack &#8211; Bi\u00e8re artisanale luxembourgeoise de caract\u00e8re D\u00e9couvrez le go\u00fbt unique de HIVEY &#8211; notre bi\u00e8re au miel artisanale du Luxembourg.Ce six-pack vous apporte directement chez vous 6 bouteilles de la plus d\u00e9licieuse des bi\u00e8res. HIVEY associe l&rsquo;art brassicole r\u00e9gional \u00e0 du miel luxembourgeois authentique et \u00e0 des houblons soigneusement s\u00e9lectionn\u00e9s. [&#8230;]\n","protected":false},"featured_media":18918,"comment_status":"open","ping_status":"closed","template":"","meta":[],"product_brand":[],"product_cat":[588,190,178],"product_tag":[430],"class_list":{"0":"post-18527","1":"product","2":"type-product","3":"status-publish","4":"has-post-thumbnail","6":"product_cat-de-beiefritz-fr","7":"product_cat-biere-au-miel","8":"product_cat-idees-de-cadeaux","9":"product_tag-beiefritz-fr","11":"first","12":"outofstock","13":"sale","14":"featured","15":"taxable","16":"shipping-taxable","17":"purchasable","18":"product-type-simple"},"_links":{"self":[{"href":"https:\/\/beiefritz.lu\/fr\/wp-json\/wp\/v2\/product\/18527","targetHints":{"allow":["GET"]}}],"collection":[{"href":"https:\/\/beiefritz.lu\/fr\/wp-json\/wp\/v2\/product"}],"about":[{"href":"https:\/\/beiefritz.lu\/fr\/wp-json\/wp\/v2\/types\/product"}],"replies":[{"embeddable":true,"href":"https:\/\/beiefritz.lu\/fr\/wp-json\/wp\/v2\/comments?post=18527"}],"wp:featuredmedia":[{"embeddable":true,"href":"https:\/\/beiefritz.lu\/fr\/wp-json\/wp\/v2\/media\/18918"}],"wp:attachment":[{"href":"https:\/\/beiefritz.lu\/fr\/wp-json\/wp\/v2\/media?parent=18527"}],"wp:term":[{"taxonomy":"product_brand","embeddable":true,"href":"https:\/\/beiefritz.lu\/fr\/wp-json\/wp\/v2\/product_brand?post=18527"},{"taxonomy":"product_cat","embeddable":true,"href":"https:\/\/beiefritz.lu\/fr\/wp-json\/wp\/v2\/product_cat?post=18527"},{"taxonomy":"product_tag","embeddable":true,"href":"https:\/\/beiefritz.lu\/fr\/wp-json\/wp\/v2\/product_tag?post=18527"}],"curies":[{"name":"wp","href":"https:\/\/api.w.org\/{rel}","templated":true}]}}