{"id":18528,"date":"2025-08-12T23:52:08","date_gmt":"2025-08-12T21:52:08","guid":{"rendered":"https:\/\/www.beiefritz.lu\/produkt\/de-beiefritz-hivey-biere-au-miel-luxembourgeoise-24-x-33cl\/"},"modified":"2025-08-12T23:52:09","modified_gmt":"2025-08-12T21:52:09","slug":"de-beiefritz-hivey-biere-au-miel-luxembourgeoise-24-x-33cl","status":"publish","type":"product","link":"https:\/\/beiefritz.lu\/fr\/produkt\/de-beiefritz-hivey-biere-au-miel-luxembourgeoise-24-x-33cl\/","title":{"rendered":"DE BEIEFRITZ &#8211; HIVEY Bi\u00e8re au miel luxembourgeoise (24 \u00d7 33cl)"},"content":{"rendered":"<h3 data-start=\"212\" data-end=\"276\"><strong data-start=\"216\" data-end=\"276\">DE BEIEFRITZ &#8211; HIVEY Bi\u00e8re au miel luxembourgeoise (24 \u00d7 33cl)<\/strong><\/h3>\n<p data-start=\"278\" data-end=\"493\"><strong data-start=\"278\" data-end=\"398\">D\u00e9couvrez HIVEY &#8211; notre bi\u00e8re au miel artisanale du Luxembourg &#8211; maintenant en pack de r\u00e9serve de 24 bouteilles de 33cl.<\/strong><br data-start=\"398\" data-end=\"401\">Parfait pour les f\u00eates, les barbecues, les \u00e9v\u00e9nements ou tout simplement si vous aimez avoir HIVEY \u00e0 port\u00e9e de main.<\/p>\n<p data-start=\"495\" data-end=\"754\">Cette bi\u00e8re artisanale de caract\u00e8re est brass\u00e9e avec du v\u00e9ritable miel luxembourgeois et des houblons soigneusement s\u00e9lectionn\u00e9s. <strong data-start=\"611\" data-end=\"628\">Le r\u00e9sultat :<\/strong> une bi\u00e8re finement am\u00e8re, agr\u00e9ablement gouleyante, avec une douce note de miel &#8211; <strong data-start=\"698\" data-end=\"711\">non pas douce<\/strong>, mais \u00e9quilibr\u00e9e et claire en bouche.<\/p>\n<p data-start=\"756\" data-end=\"1010\"><strong data-start=\"756\" data-end=\"844\">Les ar\u00f4mes se d\u00e9veloppent de mani\u00e8re optimale dans un verre \u00e0 vin rouge \u00e0 environ 10 \u00b0C.<\/strong> Les nuances de miel ressortent alors particuli\u00e8rement bien &#8211; une v\u00e9ritable exp\u00e9rience gustative pour tous ceux qui appr\u00e9cient la qualit\u00e9 r\u00e9gionale et l&rsquo;art du brassage artisanal.<\/p>\n<p data-start=\"1017\" data-end=\"1185\"><a href=\"https:\/\/www.beiefritz.lu\/wp-content\/uploads\/2020\/11\/Beier_Karton_op.png\"><img loading=\"lazy\" decoding=\"async\" class=\"aligncenter wp-image-18142 size-medium\" src=\"https:\/\/www.beiefritz.lu\/wp-content\/uploads\/2020\/11\/Beier_Karton_op-300x300.png\" alt=\"Caisse de bi\u00e8re au miel HIVEY - 24 bouteilles de bi\u00e8re artisanale luxembourgeoise au miel\" width=\"300\" height=\"300\" srcset=\"https:\/\/beiefritz.lu\/wp-content\/uploads\/2020\/11\/Beier_Karton_op-300x300.png 300w, https:\/\/beiefritz.lu\/wp-content\/uploads\/2020\/11\/Beier_Karton_op-1024x1024.png 1024w, https:\/\/beiefritz.lu\/wp-content\/uploads\/2020\/11\/Beier_Karton_op-150x150.png 150w, https:\/\/beiefritz.lu\/wp-content\/uploads\/2020\/11\/Beier_Karton_op-768x768.png 768w, https:\/\/beiefritz.lu\/wp-content\/uploads\/2020\/11\/Beier_Karton_op-247x247.png 247w, https:\/\/beiefritz.lu\/wp-content\/uploads\/2020\/11\/Beier_Karton_op-510x510.png 510w, https:\/\/beiefritz.lu\/wp-content\/uploads\/2020\/11\/Beier_Karton_op-100x100.png 100w, https:\/\/beiefritz.lu\/wp-content\/uploads\/2020\/11\/Beier_Karton_op.png 1080w\" sizes=\"auto, (max-width: 300px) 100vw, 300px\" \/><\/a><\/p>\n<p data-start=\"1017\" data-end=\"1185\"><strong data-start=\"1017\" data-end=\"1035\">Ingr\u00e9dients :<\/strong> Eau, malt d&rsquo;orge, miel (Luxembourg), houblon, levure<br data-start=\"1088\" data-end=\"1091\"><strong data-start=\"1091\" data-end=\"1109\">Teneur en alcool :<\/strong> 6 % vol. &#8211; 9 EBC &#8211; 29 IBU <br data-start=\"1135\" data-end=\"1138\"><strong data-start=\"1138\" data-end=\"1149\">Contenu :<\/strong> 24 \u00d7 33cl &#8211; non filtr\u00e9 &amp; naturellement trouble<\/p>\n<p data-start=\"1192\" data-end=\"1394\"><strong data-start=\"1192\" data-end=\"1201\">Conseil :<\/strong> Id\u00e9al pour les acheteurs de stock, les occasions gastronomiques ou comme cadeau pour les vrais amateurs de bi\u00e8re. HIVEY garantit \u00e9galement une exp\u00e9rience gustative exceptionnelle dans la restauration ou lors de mariages. <\/p>\n<h3 data-start=\"1160\" data-end=\"1182\"><strong data-start=\"1164\" data-end=\"1180\">Pourquoi HIVEY ?<\/strong><\/h3>\n<p data-start=\"1183\" data-end=\"1529\">Parce que ce n&rsquo;est pas seulement une boisson, <strong data-start=\"1218\" data-end=\"1234\">mais aussi<\/strong> une philosophie : r\u00e9gionale, honn\u00eate et brass\u00e9e avec amour.<br data-start=\"1293\" data-end=\"1296\"><strong data-start=\"1296\" data-end=\"1320\">Derri\u00e8re chaque bouteille<\/strong>, il y a la passion, l&rsquo;exp\u00e9rience <strong data-start=\"1352\" data-end=\"1359\">et<\/strong> la force de la nature.<br data-start=\"1380\" data-end=\"1383\"><strong data-start=\"1383\" data-end=\"1394\">Alors que<\/strong> de nombreuses bi\u00e8res sont interchangeables, HIVEY <strong data-start=\"1426\" data-end=\"1436\">reste<\/strong> un v\u00e9ritable original.<br data-start=\"1463\" data-end=\"1466\"><strong data-start=\"1466\" data-end=\"1493\">Go\u00fbtez-la vous-m\u00eame &#8211; car<\/strong> vous sentirez la diff\u00e9rence.<\/p>\n<h3 data-start=\"1536\" data-end=\"1564\"><strong data-start=\"1540\" data-end=\"1562\">Le saviez-vous ?<\/strong><\/h3>\n<p data-start=\"1565\" data-end=\"2013\">HIVEY n&rsquo;est pas n&rsquo;importe quelle bi\u00e8re.<br data-start=\"1604\" data-end=\"1607\"> Elle a \u00e9t\u00e9 con\u00e7ue pour les personnes qui appr\u00e9cient la qualit\u00e9 artisanale <strong data-start=\"1678\" data-end=\"1685\">et<\/strong> le go\u00fbt honn\u00eate.<br data-start=\"1725\" data-end=\"1728\"> Elle est<strong data-start=\"1728\" data-end=\"1740\">\u00e9galement<\/strong> synonyme de responsabilit\u00e9 r\u00e9gionale &#8211; le miel utilis\u00e9 provient directement de notre propre apiculture <strong data-start=\"1780\" data-end=\"1795\">.<\/strong><br data-start=\"1859\" data-end=\"1862\"><strong data-start=\"1862\" data-end=\"1871\">C&rsquo;est donc<\/strong> un peu de nature qui coule dans votre verre \u00e0 chaque gorg\u00e9e.<br data-start=\"1926\" data-end=\"1929\"><strong data-start=\"1929\" data-end=\"1945\">Donc, si vous<\/strong> cherchez une bi\u00e8re qui a du caract\u00e8re <strong data-start=\"1982\" data-end=\"1990\">,<\/strong> vous allez adorer HIVEY.<\/p>\n<h3 data-start=\"2020\" data-end=\"2064\">\ud83d\udccc <strong data-start=\"2027\" data-end=\"2064\">Questions fr\u00e9quentes sur la bi\u00e8re au miel HIVEY<\/strong><\/h3>\n<p data-start=\"2066\" data-end=\"2310\"><strong data-start=\"2066\" data-end=\"2122\">Quel est le go\u00fbt de HIVEY par rapport \u00e0 une bi\u00e8re classique ?<\/strong><br data-start=\"2122\" data-end=\"2125\">HIVEY n&rsquo;est pas sucr\u00e9e comme certaines bi\u00e8res au miel, <strong data-start=\"2168\" data-end=\"2179\">mais<\/strong> agr\u00e9ablement am\u00e8re et rafra\u00eechissante.<br data-start=\"2217\" data-end=\"2220\">La note de miel reste discr\u00e8tement en arri\u00e8re-plan <strong data-start=\"2263\" data-end=\"2270\">et<\/strong> conf\u00e8re \u00e0 la bi\u00e8re une profondeur particuli\u00e8re.<\/p>\n<p data-start=\"2312\" data-end=\"2552\"><strong data-start=\"2312\" data-end=\"2342\">HIVEY est-il un produit bio ?<\/strong><br data-start=\"2342\" data-end=\"2345\">Notre miel provient de notre propre apiculture au Luxembourg <strong data-start=\"2405\" data-end=\"2412\">et<\/strong> est r\u00e9colt\u00e9 avec le plus grand soin.<br data-start=\"2448\" data-end=\"2451\"> Nous veillons<strong data-start=\"2451\" data-end=\"2459\">\u00e9galement<\/strong> \u00e0 la plus haute qualit\u00e9 de notre brassage &#8211; mais nous ne portons pas de label bio officiel.<\/p>\n<p data-start=\"1619\" data-end=\"1891\">\ud83d\udfe1 R\u00e9servez d\u00e8s maintenant la caisse de 24 bouteilles et savourez le vrai go\u00fbt du Luxembourg.<br data-start=\"1699\" data-end=\"1702\">\ud83d\udc49 <a href=\"https:\/\/www.beiefritz.lu\/fr\/produkt\/de-beiefritz-hivey-biere-au-miel-luxembourgeoise-en-pack-de-six\/\">\u00c9galement disponible en pack de six<\/a><br data-start=\"1786\" data-end=\"1789\">\ud83d\udc49 <a href=\"https:\/\/www.beiefritz.lu\/fr\/spiritueux\/\">Ou d\u00e9couvrez notre eau-de-vie de miel prim\u00e9e<\/a><\/p>\n","protected":false},"excerpt":{"rendered":"<p>DE BEIEFRITZ &#8211; HIVEY Bi\u00e8re au miel luxembourgeoise (24 \u00d7 33cl) D\u00e9couvrez HIVEY &#8211; notre bi\u00e8re au miel artisanale du Luxembourg &#8211; maintenant en pack de r\u00e9serve de 24 bouteilles de 33cl.Parfait pour les f\u00eates, les barbecues, les \u00e9v\u00e9nements ou tout simplement si vous aimez avoir HIVEY \u00e0 port\u00e9e de main. Cette bi\u00e8re artisanale de [&#8230;]\n","protected":false},"featured_media":18924,"comment_status":"open","ping_status":"closed","template":"","meta":[],"product_brand":[],"product_cat":[588,190],"product_tag":[430,435,450],"class_list":{"0":"post-18528","1":"product","2":"type-product","3":"status-publish","4":"has-post-thumbnail","6":"product_cat-de-beiefritz-fr","7":"product_cat-biere-au-miel","8":"product_tag-beiefritz-fr","9":"product_tag-gastro-fr","10":"product_tag-revendeurs-fr","12":"first","13":"outofstock","14":"featured","15":"taxable","16":"shipping-taxable","17":"purchasable","18":"product-type-simple"},"_links":{"self":[{"href":"https:\/\/beiefritz.lu\/fr\/wp-json\/wp\/v2\/product\/18528","targetHints":{"allow":["GET"]}}],"collection":[{"href":"https:\/\/beiefritz.lu\/fr\/wp-json\/wp\/v2\/product"}],"about":[{"href":"https:\/\/beiefritz.lu\/fr\/wp-json\/wp\/v2\/types\/product"}],"replies":[{"embeddable":true,"href":"https:\/\/beiefritz.lu\/fr\/wp-json\/wp\/v2\/comments?post=18528"}],"wp:featuredmedia":[{"embeddable":true,"href":"https:\/\/beiefritz.lu\/fr\/wp-json\/wp\/v2\/media\/18924"}],"wp:attachment":[{"href":"https:\/\/beiefritz.lu\/fr\/wp-json\/wp\/v2\/media?parent=18528"}],"wp:term":[{"taxonomy":"product_brand","embeddable":true,"href":"https:\/\/beiefritz.lu\/fr\/wp-json\/wp\/v2\/product_brand?post=18528"},{"taxonomy":"product_cat","embeddable":true,"href":"https:\/\/beiefritz.lu\/fr\/wp-json\/wp\/v2\/product_cat?post=18528"},{"taxonomy":"product_tag","embeddable":true,"href":"https:\/\/beiefritz.lu\/fr\/wp-json\/wp\/v2\/product_tag?post=18528"}],"curies":[{"name":"wp","href":"https:\/\/api.w.org\/{rel}","templated":true}]}}