{"id":18682,"date":"2025-09-07T21:42:22","date_gmt":"2025-09-07T19:42:22","guid":{"rendered":"https:\/\/www.beiefritz.lu\/produkt\/ortea-the-glace-a-lortie-bio-avec-jus-de-pomme-miel-05l\/"},"modified":"2025-10-12T16:08:30","modified_gmt":"2025-10-12T14:08:30","slug":"ortea-the-glace-a-lortie-bio-avec-jus-de-pomme-miel-05l","status":"publish","type":"product","link":"https:\/\/beiefritz.lu\/fr\/produkt\/ortea-the-glace-a-lortie-bio-avec-jus-de-pomme-miel-05l\/","title":{"rendered":"ORTEA &#8211; Th\u00e9 glac\u00e9 \u00e0 l&rsquo;ortie bio avec jus de pomme &amp; miel (0,5L)"},"content":{"rendered":"<h4 data-start=\"577\" data-end=\"645\">\ud83c\udf3f ORTEA Th\u00e9 glac\u00e9 \u00e0 l&rsquo;ortie &#8211; Naturel. Rafra\u00eechissant. Diff\u00e9rent.  <\/h4>\n<p data-start=\"646\" data-end=\"886\">Une boisson qui enthousiasme : le th\u00e9 glac\u00e9 ORTEA associe de puissantes infusions d&rsquo;orties et de plantes \u00e0 du jus de pomme bio naturellement trouble et \u00e0 du miel bio raffin\u00e9. Le r\u00e9sultat ? Un go\u00fbt intense et \u00e2pre, parfaitement \u00e9quilibr\u00e9 par une douce douceur.  <\/p>\n<h4 data-start=\"888\" data-end=\"914\">\ud83d\udca7 Pour chaque instant<\/h4>\n<p data-start=\"915\" data-end=\"1095\">Que ce soit apr\u00e8s le sport, au bureau ou lors des chaudes journ\u00e9es d&rsquo;\u00e9t\u00e9, ORTEA convient toujours. Ce th\u00e9 glac\u00e9 rafra\u00eechit naturellement et apporte de la vari\u00e9t\u00e9 dans votre verre &#8211; sans aucun additif artificiel. <\/p>\n<h4 data-start=\"1097\" data-end=\"1133\">\u2705 Ingr\u00e9dients bio, recette claire<\/h4>\n<ul data-start=\"1134\" data-end=\"1244\">\n<li data-start=\"1134\" data-end=\"1183\">\n<p data-start=\"1136\" data-end=\"1183\"><strong data-start=\"1136\" data-end=\"1155\">86% de tisane<\/strong> \u00e0 base d&rsquo;eau &amp; d&rsquo;herbes biologiques<\/p>\n<\/li>\n<li data-start=\"1184\" data-end=\"1222\">\n<p data-start=\"1186\" data-end=\"1222\"><strong data-start=\"1186\" data-end=\"1220\">12 % de jus de pomme naturel bio<\/strong><\/p>\n<\/li>\n<li data-start=\"1223\" data-end=\"1244\">\n<p data-start=\"1225\" data-end=\"1244\"><strong data-start=\"1225\" data-end=\"1242\">2 % de miel biologique<\/strong><\/p>\n<\/li>\n<\/ul>\n<p data-start=\"1246\" data-end=\"1330\">Fabriqu\u00e9 \u00e0 partir de produits issus de l&rsquo;agriculture biologique &#8211; sans fioritures, simplement authentique.<\/p>\n<h4 data-start=\"1332\" data-end=\"1362\">\ud83d\udce6 Valeurs nutritionnelles pour 100 ml<\/h4>\n<ul data-start=\"1363\" data-end=\"1491\">\n<li data-start=\"1363\" data-end=\"1391\">\n<p data-start=\"1365\" data-end=\"1391\">\u00c9nergie : 45 kJ \/ 10 kcal<\/p>\n<\/li>\n<li data-start=\"1392\" data-end=\"1428\">\n<p data-start=\"1394\" data-end=\"1428\">Lipides : 0 g (dont satur\u00e9s : 0 g)<\/p>\n<\/li>\n<li data-start=\"1429\" data-end=\"1475\">\n<p data-start=\"1431\" data-end=\"1475\">Glucides : 2,5 g (dont sucre : 2,4 g)<\/p>\n<\/li>\n<li data-start=\"1476\" data-end=\"1491\">\n<p data-start=\"1478\" data-end=\"1491\">Prot\u00e9ines : 0 g<\/p>\n<\/li>\n<\/ul>\n","protected":false},"excerpt":{"rendered":"<p>\ud83c\udf3f ORTEA Th\u00e9 glac\u00e9 \u00e0 l&rsquo;ortie &#8211; Naturel. Rafra\u00eechissant. Diff\u00e9rent. Une boisson qui enthousiasme : le th\u00e9 glac\u00e9 ORTEA associe de puissantes infusions d&rsquo;orties et de plantes \u00e0 du jus de pomme bio naturellement trouble et \u00e0 du miel bio raffin\u00e9. Le r\u00e9sultat ? Un go\u00fbt intense et \u00e2pre, parfaitement \u00e9quilibr\u00e9 par une douce douceur. [&#8230;]\n","protected":false},"featured_media":18681,"comment_status":"open","ping_status":"closed","template":"","meta":[],"product_brand":[],"product_cat":[692,665],"product_tag":[],"class_list":{"0":"post-18682","1":"product","2":"type-product","3":"status-publish","4":"has-post-thumbnail","6":"product_cat-boissons-rafraichissantes","7":"product_cat-regional","9":"first","10":"instock","11":"taxable","12":"shipping-taxable","13":"purchasable","14":"product-type-simple"},"_links":{"self":[{"href":"https:\/\/beiefritz.lu\/fr\/wp-json\/wp\/v2\/product\/18682","targetHints":{"allow":["GET"]}}],"collection":[{"href":"https:\/\/beiefritz.lu\/fr\/wp-json\/wp\/v2\/product"}],"about":[{"href":"https:\/\/beiefritz.lu\/fr\/wp-json\/wp\/v2\/types\/product"}],"replies":[{"embeddable":true,"href":"https:\/\/beiefritz.lu\/fr\/wp-json\/wp\/v2\/comments?post=18682"}],"wp:featuredmedia":[{"embeddable":true,"href":"https:\/\/beiefritz.lu\/fr\/wp-json\/wp\/v2\/media\/18681"}],"wp:attachment":[{"href":"https:\/\/beiefritz.lu\/fr\/wp-json\/wp\/v2\/media?parent=18682"}],"wp:term":[{"taxonomy":"product_brand","embeddable":true,"href":"https:\/\/beiefritz.lu\/fr\/wp-json\/wp\/v2\/product_brand?post=18682"},{"taxonomy":"product_cat","embeddable":true,"href":"https:\/\/beiefritz.lu\/fr\/wp-json\/wp\/v2\/product_cat?post=18682"},{"taxonomy":"product_tag","embeddable":true,"href":"https:\/\/beiefritz.lu\/fr\/wp-json\/wp\/v2\/product_tag?post=18682"}],"curies":[{"name":"wp","href":"https:\/\/api.w.org\/{rel}","templated":true}]}}