{"id":18686,"date":"2025-09-07T21:51:57","date_gmt":"2025-09-07T19:51:57","guid":{"rendered":"https:\/\/www.beiefritz.lu\/?post_type=product&#038;p=18686"},"modified":"2025-10-12T16:06:13","modified_gmt":"2025-10-12T14:06:13","slug":"ortea-the-glace-a-lortie-bio-avec-jus-de-pomme-miel-05l-kopie","status":"publish","type":"product","link":"https:\/\/beiefritz.lu\/fr\/produkt\/ortea-the-glace-a-lortie-bio-avec-jus-de-pomme-miel-05l-kopie\/","title":{"rendered":"ORTEA &#8211; Th\u00e9 glac\u00e9 bio \u00e0 l&rsquo;ortie, cassis et miel (0,5L)"},"content":{"rendered":"<h4 data-start=\"522\" data-end=\"569\">\ud83c\udf47 Une boisson qui surprend vraiment !<\/h4>\n<p data-start=\"570\" data-end=\"813\">Le th\u00e9 glac\u00e9 au cassis d&rsquo;ORTEA associe une infusion d&rsquo;ortie et de fines herbes cors\u00e9e \u00e0 un jus de cassis bio fruit\u00e9 et \u00e0 un soup\u00e7on de miel bio. La combinaison d&rsquo;une note intense de baies et d&rsquo;une douce douceur fait de ce th\u00e9 glac\u00e9 une exp\u00e9rience particuli\u00e8re. <\/p>\n<p data-start=\"815\" data-end=\"1017\">Que ce soit pour se d\u00e9salt\u00e9rer au quotidien, apr\u00e8s le sport ou par temps ensoleill\u00e9, ORTEA Cassis convient toujours. D\u00e9couvrez la profondeur du cassis et voyez comme les ingr\u00e9dients naturels peuvent avoir bon go\u00fbt. <\/p>\n<h4 data-start=\"1097\" data-end=\"1133\">\u2705 Ingr\u00e9dients bio, recette claire<\/h4>\n<p data-start=\"1045\" data-end=\"1206\">Tisane d&rsquo;ortie et de plantes (eau, ortie*, plantes*) (91 %)<br data-start=\"1110\" data-end=\"1113\">Jus de cassis* (5 %)<br data-start=\"1131\" data-end=\"1134\">Miel* (3 %)<br data-start=\"1146\" data-end=\"1149\">Vinaigre de cidre* (1 %)<br data-start=\"1166\" data-end=\"1169\">*issu de l&rsquo;agriculture biologique<\/p>\n<h4 data-start=\"1332\" data-end=\"1362\">\ud83d\udce6 Valeurs nutritionnelles pour 100 ml<\/h4>\n<ul data-start=\"1248\" data-end=\"1390\">\n<li data-start=\"1248\" data-end=\"1276\">\n<p data-start=\"1250\" data-end=\"1276\">\u00c9nergie : 54 kJ \/ 13 kcal<\/p>\n<\/li>\n<li data-start=\"1277\" data-end=\"1290\">\n<p data-start=\"1279\" data-end=\"1290\">Mati\u00e8res grasses : 0 g<\/p>\n<\/li>\n<li data-start=\"1291\" data-end=\"1327\">\n<p data-start=\"1293\" data-end=\"1327\">dont acides gras satur\u00e9s : 0 g<\/p>\n<\/li>\n<li data-start=\"1328\" data-end=\"1352\">\n<p data-start=\"1330\" data-end=\"1352\">Glucides : 3,1 g<\/p>\n<\/li>\n<li data-start=\"1353\" data-end=\"1374\">\n<p data-start=\"1355\" data-end=\"1374\">dont sucre : 3 g<\/p>\n<\/li>\n<li data-start=\"1375\" data-end=\"1390\">\n<p data-start=\"1377\" data-end=\"1390\">Prot\u00e9ines : 0<\/p>\n<\/li>\n<\/ul>\n","protected":false},"excerpt":{"rendered":"<p>\ud83c\udf47 Une boisson qui surprend vraiment ! Le th\u00e9 glac\u00e9 au cassis d&rsquo;ORTEA associe une infusion d&rsquo;ortie et de fines herbes cors\u00e9e \u00e0 un jus de cassis bio fruit\u00e9 et \u00e0 un soup\u00e7on de miel bio. La combinaison d&rsquo;une note intense de baies et d&rsquo;une douce douceur fait de ce th\u00e9 glac\u00e9 une exp\u00e9rience particuli\u00e8re. [&#8230;]\n","protected":false},"featured_media":18689,"comment_status":"open","ping_status":"closed","template":"","meta":[],"product_brand":[],"product_cat":[692,665],"product_tag":[],"class_list":{"0":"post-18686","1":"product","2":"type-product","3":"status-publish","4":"has-post-thumbnail","6":"product_cat-boissons-rafraichissantes","7":"product_cat-regional","9":"first","10":"instock","11":"taxable","12":"shipping-taxable","13":"purchasable","14":"product-type-simple"},"_links":{"self":[{"href":"https:\/\/beiefritz.lu\/fr\/wp-json\/wp\/v2\/product\/18686","targetHints":{"allow":["GET"]}}],"collection":[{"href":"https:\/\/beiefritz.lu\/fr\/wp-json\/wp\/v2\/product"}],"about":[{"href":"https:\/\/beiefritz.lu\/fr\/wp-json\/wp\/v2\/types\/product"}],"replies":[{"embeddable":true,"href":"https:\/\/beiefritz.lu\/fr\/wp-json\/wp\/v2\/comments?post=18686"}],"wp:featuredmedia":[{"embeddable":true,"href":"https:\/\/beiefritz.lu\/fr\/wp-json\/wp\/v2\/media\/18689"}],"wp:attachment":[{"href":"https:\/\/beiefritz.lu\/fr\/wp-json\/wp\/v2\/media?parent=18686"}],"wp:term":[{"taxonomy":"product_brand","embeddable":true,"href":"https:\/\/beiefritz.lu\/fr\/wp-json\/wp\/v2\/product_brand?post=18686"},{"taxonomy":"product_cat","embeddable":true,"href":"https:\/\/beiefritz.lu\/fr\/wp-json\/wp\/v2\/product_cat?post=18686"},{"taxonomy":"product_tag","embeddable":true,"href":"https:\/\/beiefritz.lu\/fr\/wp-json\/wp\/v2\/product_tag?post=18686"}],"curies":[{"name":"wp","href":"https:\/\/api.w.org\/{rel}","templated":true}]}}